{"id":217278,"date":"2024-05-14T09:40:17","date_gmt":"2024-05-14T09:40:17","guid":{"rendered":"https:\/\/www.delicias-uk.com\/product\/arroz-de-tomate-refeicao-pronta-louro-250g\/"},"modified":"2024-05-14T09:40:17","modified_gmt":"2024-05-14T09:40:17","slug":"arroz-de-tomate-refeicao-pronta-louro-250g","status":"publish","type":"product","link":"https:\/\/www.delicias-uk.com\/pt-pt\/produto\/arroz-de-tomate-refeicao-pronta-louro-250g\/","title":{"rendered":"Arroz de Tomate Refei\u00e7\u00e3o Pronta Louro 250g"},"content":{"rendered":"<p>Fundada em 1986, a Louro regressa com uma nova imagem e novos sabores. Com qualidade, alegria e uni\u00e3o, a Louro vem sugerir momentos saborosos, divertidos e muito nutritivos. Em fam\u00edlia, para todas as idades, e em todos os momentos do dia.<\/p>\n<p>Uma alimenta\u00e7\u00e3o saud\u00e1vel, sustent\u00e1vel e que valoriza Portugal. Uma alimenta\u00e7\u00e3o f\u00e1cil e acess\u00edvel a todos. Quer nos momentos especiais, quer nos momentos do dia a dia.<\/p>\n<p><b>INGREDIENTES:\u00a0<\/b>Arroz longo extra branqueado cozinhado 77% (\u00e1gua, arroz), tomate 9,9%, polpa de tomate 5,6%, \u00f3leo de girassol, tomate em p\u00f3, extrato de paprica, sumo de lim\u00e3o, ervas (manjeric\u00e3o, alecrim, oreg\u00e3os), sal, extrato de levedura, alho em p\u00f3, curcuma em p\u00f3.<\/p>\n","protected":false},"excerpt":{"rendered":"<ul style=\"list-style-type:disc;\">\n<li>Peso l\u00edquido 250g<\/li>\n<li>Sem gl\u00faten<\/li>\n<li>Livre de corantes e conservantes artificiais<\/li>\n<\/ul>\n","protected":false},"author":43533,"featured_media":95653,"comment_status":"open","ping_status":"closed","template":"","meta":[],"pwb-brand":[],"product_brand":[],"product_cat":[8653],"product_tag":[],"class_list":{"0":"post-217278","1":"product","2":"type-product","3":"status-publish","4":"has-post-thumbnail","6":"product_cat-refeicoes-prontas-pt-pt","8":"first","9":"outofstock","10":"taxable","11":"shipping-taxable","12":"purchasable","13":"product-type-simple"},"aioseo_notices":[],"brands":[],"_links":{"self":[{"href":"https:\/\/www.delicias-uk.com\/pt-pt\/wp-json\/wp\/v2\/product\/217278","targetHints":{"allow":["GET"]}}],"collection":[{"href":"https:\/\/www.delicias-uk.com\/pt-pt\/wp-json\/wp\/v2\/product"}],"about":[{"href":"https:\/\/www.delicias-uk.com\/pt-pt\/wp-json\/wp\/v2\/types\/product"}],"author":[{"embeddable":true,"href":"https:\/\/www.delicias-uk.com\/pt-pt\/wp-json\/wp\/v2\/users\/43533"}],"replies":[{"embeddable":true,"href":"https:\/\/www.delicias-uk.com\/pt-pt\/wp-json\/wp\/v2\/comments?post=217278"}],"wp:featuredmedia":[{"embeddable":true,"href":"https:\/\/www.delicias-uk.com\/pt-pt\/wp-json\/wp\/v2\/media\/95653"}],"wp:attachment":[{"href":"https:\/\/www.delicias-uk.com\/pt-pt\/wp-json\/wp\/v2\/media?parent=217278"}],"wp:term":[{"taxonomy":"pwb-brand","embeddable":true,"href":"https:\/\/www.delicias-uk.com\/pt-pt\/wp-json\/wp\/v2\/pwb-brand?post=217278"},{"taxonomy":"product_brand","embeddable":true,"href":"https:\/\/www.delicias-uk.com\/pt-pt\/wp-json\/wp\/v2\/product_brand?post=217278"},{"taxonomy":"product_cat","embeddable":true,"href":"https:\/\/www.delicias-uk.com\/pt-pt\/wp-json\/wp\/v2\/product_cat?post=217278"},{"taxonomy":"product_tag","embeddable":true,"href":"https:\/\/www.delicias-uk.com\/pt-pt\/wp-json\/wp\/v2\/product_tag?post=217278"}],"curies":[{"name":"wp","href":"https:\/\/api.w.org\/{rel}","templated":true}]}}