{"id":217256,"date":"2024-04-23T13:58:17","date_gmt":"2024-04-23T13:58:17","guid":{"rendered":"https:\/\/www.delicias-uk.com\/product\/biscoito-filipinos-de-caramelo-c-flor-de-sal-128g\/"},"modified":"2025-11-09T12:58:26","modified_gmt":"2025-11-09T12:58:26","slug":"biscoito-filipinos-de-caramelo-c-flor-de-sal-128g","status":"publish","type":"product","link":"https:\/\/www.delicias-uk.com\/pt-pt\/produto\/biscoito-filipinos-de-caramelo-c-flor-de-sal-128g\/","title":{"rendered":"Filipinos de Caramelo Com Flor de Sal Filipinos 128g"},"content":{"rendered":"<p>Os filipinos ir\u00e3o surpreend\u00ea-lo com a combina\u00e7\u00e3o perfeita de chocolate verdadeiro e biscoito crocante. Eles s\u00e3o divertidos e perfeitos para compartilhar. Aproveite-os como e onde quiser!<\/p>\n","protected":false},"excerpt":{"rendered":"<ul style=\"list-style-type:disc;\">\n<li>Peso l\u00edquido 128g<\/li>\n<li>Pronto para comer<\/li>\n<li>Ideal para refei\u00e7\u00e3o r\u00e1pida<\/li>\n<\/ul>\n","protected":false},"author":43533,"featured_media":199464,"comment_status":"open","ping_status":"closed","template":"","meta":[],"pwb-brand":[],"product_brand":[],"product_cat":[8289,8365,8461],"product_tag":[],"class_list":{"0":"post-217256","1":"product","2":"type-product","3":"status-publish","4":"has-post-thumbnail","6":"product_cat-inicio","7":"product_cat-confeitaria","8":"product_cat-bolachas","10":"first","11":"instock","12":"taxable","13":"shipping-taxable","14":"purchasable","15":"product-type-simple"},"aioseo_notices":[],"brands":[],"_links":{"self":[{"href":"https:\/\/www.delicias-uk.com\/pt-pt\/wp-json\/wp\/v2\/product\/217256","targetHints":{"allow":["GET"]}}],"collection":[{"href":"https:\/\/www.delicias-uk.com\/pt-pt\/wp-json\/wp\/v2\/product"}],"about":[{"href":"https:\/\/www.delicias-uk.com\/pt-pt\/wp-json\/wp\/v2\/types\/product"}],"author":[{"embeddable":true,"href":"https:\/\/www.delicias-uk.com\/pt-pt\/wp-json\/wp\/v2\/users\/43533"}],"replies":[{"embeddable":true,"href":"https:\/\/www.delicias-uk.com\/pt-pt\/wp-json\/wp\/v2\/comments?post=217256"}],"wp:featuredmedia":[{"embeddable":true,"href":"https:\/\/www.delicias-uk.com\/pt-pt\/wp-json\/wp\/v2\/media\/199464"}],"wp:attachment":[{"href":"https:\/\/www.delicias-uk.com\/pt-pt\/wp-json\/wp\/v2\/media?parent=217256"}],"wp:term":[{"taxonomy":"pwb-brand","embeddable":true,"href":"https:\/\/www.delicias-uk.com\/pt-pt\/wp-json\/wp\/v2\/pwb-brand?post=217256"},{"taxonomy":"product_brand","embeddable":true,"href":"https:\/\/www.delicias-uk.com\/pt-pt\/wp-json\/wp\/v2\/product_brand?post=217256"},{"taxonomy":"product_cat","embeddable":true,"href":"https:\/\/www.delicias-uk.com\/pt-pt\/wp-json\/wp\/v2\/product_cat?post=217256"},{"taxonomy":"product_tag","embeddable":true,"href":"https:\/\/www.delicias-uk.com\/pt-pt\/wp-json\/wp\/v2\/product_tag?post=217256"}],"curies":[{"name":"wp","href":"https:\/\/api.w.org\/{rel}","templated":true}]}}