{"id":217254,"date":"2024-04-22T13:55:24","date_gmt":"2024-04-22T13:55:24","guid":{"rendered":"https:\/\/www.delicias-uk.com\/product\/gelatina-condi-tutti-frutti-30-menos-acucar-114g\/"},"modified":"2025-12-16T17:21:56","modified_gmt":"2025-12-16T17:21:56","slug":"gelatina-condi-tutti-frutti-30-menos-acucar-114g","status":"publish","type":"product","link":"https:\/\/www.delicias-uk.com\/pt-pt\/produto\/gelatina-condi-tutti-frutti-30-menos-acucar-114g\/","title":{"rendered":"Gelatina Tutti-Frutti 30% Menos A\u00e7\u00facar Condi 114g"},"content":{"rendered":"<p><strong>M\u00c9TODO DE PREPARA\u00c7\u00c3O<\/strong><\/p>\n<p>1) Dissolva o conteudo de uma saqueta em 250ml de \u00e1gua a ferver<\/p>\n<p>2) Mexa at\u00e9 o p\u00f3 ficar bem dissolvido<\/p>\n<p>3) Junte 250ml de \u00e1gua fria e mexa novamente<\/p>\n<p>4) Coloque numa forma e leve ao frigorifico at\u00e9 adquirir consist\u00eancia. Uma vez preparada, conserve no frigor\u00edfico.<\/p>\n","protected":false},"excerpt":{"rendered":"<ul>\n<li>Peso l\u00edquido 114g<\/li>\n<li>30% menos a\u00e7\u00facar vs vers\u00e3o tradicional<\/li>\n<li>Sem gl\u00faten<\/li>\n<\/ul>\n","protected":false},"author":43533,"featured_media":95597,"comment_status":"open","ping_status":"closed","template":"","meta":[],"pwb-brand":[],"product_brand":[],"product_cat":[8623,8499],"product_tag":[],"class_list":{"0":"post-217254","1":"product","2":"type-product","3":"status-publish","4":"has-post-thumbnail","6":"product_cat-geleia-pudins-mousse","7":"product_cat-sem-glutem","9":"first","10":"instock","11":"taxable","12":"shipping-taxable","13":"purchasable","14":"product-type-simple"},"aioseo_notices":[],"brands":[],"_links":{"self":[{"href":"https:\/\/www.delicias-uk.com\/pt-pt\/wp-json\/wp\/v2\/product\/217254","targetHints":{"allow":["GET"]}}],"collection":[{"href":"https:\/\/www.delicias-uk.com\/pt-pt\/wp-json\/wp\/v2\/product"}],"about":[{"href":"https:\/\/www.delicias-uk.com\/pt-pt\/wp-json\/wp\/v2\/types\/product"}],"author":[{"embeddable":true,"href":"https:\/\/www.delicias-uk.com\/pt-pt\/wp-json\/wp\/v2\/users\/43533"}],"replies":[{"embeddable":true,"href":"https:\/\/www.delicias-uk.com\/pt-pt\/wp-json\/wp\/v2\/comments?post=217254"}],"wp:featuredmedia":[{"embeddable":true,"href":"https:\/\/www.delicias-uk.com\/pt-pt\/wp-json\/wp\/v2\/media\/95597"}],"wp:attachment":[{"href":"https:\/\/www.delicias-uk.com\/pt-pt\/wp-json\/wp\/v2\/media?parent=217254"}],"wp:term":[{"taxonomy":"pwb-brand","embeddable":true,"href":"https:\/\/www.delicias-uk.com\/pt-pt\/wp-json\/wp\/v2\/pwb-brand?post=217254"},{"taxonomy":"product_brand","embeddable":true,"href":"https:\/\/www.delicias-uk.com\/pt-pt\/wp-json\/wp\/v2\/product_brand?post=217254"},{"taxonomy":"product_cat","embeddable":true,"href":"https:\/\/www.delicias-uk.com\/pt-pt\/wp-json\/wp\/v2\/product_cat?post=217254"},{"taxonomy":"product_tag","embeddable":true,"href":"https:\/\/www.delicias-uk.com\/pt-pt\/wp-json\/wp\/v2\/product_tag?post=217254"}],"curies":[{"name":"wp","href":"https:\/\/api.w.org\/{rel}","templated":true}]}}