{"id":217250,"date":"2024-04-22T13:18:19","date_gmt":"2024-04-22T12:18:19","guid":{"rendered":"https:\/\/www.delicias-uk.com\/product\/delicias-de-lagosta-congelada-gelpeixe-255g\/"},"modified":"2026-02-24T11:51:33","modified_gmt":"2026-02-24T11:51:33","slug":"delicias-de-lagosta-congelada-gelpeixe-255g","status":"publish","type":"product","link":"https:\/\/www.delicias-uk.com\/pt-pt\/produto\/delicias-de-lagosta-congelada-gelpeixe-255g\/","title":{"rendered":"Del\u00edcias de Lagosta Congelada Gelpeixe 255g"},"content":{"rendered":"<p>Del\u00edcias do mar em forma de cauda de Lagosta, preparado de surimi elaborado a partir de pe\u00e7as de peixe, congeladas, embaladas em saco de pl\u00e1stico fechado sob v\u00e1cuo.\u00a0\u00a0<\/p>\n<p><strong>MODO DE PREPARA\u00c7\u00c3O<\/strong>: Descongelar no frigor\u00edfico aproximadamente 12h e consumir. Pode cozinhar o produto.\u00a0 Produto livre de OGMs e radia\u00e7\u00e3o.<\/p>\n<p><strong><em>Produto congelado. Ser\u00e1 descongelado durante o processo de transporte. Condicionado com materiais termicos (caixa ou bolsa) e gelo.<\/em><\/strong><\/p>\n","protected":false},"excerpt":{"rendered":"<ul style=\"list-style-type:disc\">\n<li>Peso l\u00edquido 255g<\/li>\n<li>Produto congelado<\/li>\n<li>Isento de gl\u00faten e radia\u00e7\u00e3o<\/li>\n<\/ul>\n","protected":false},"author":43533,"featured_media":95590,"comment_status":"open","ping_status":"closed","template":"","meta":[],"pwb-brand":[],"product_brand":[],"product_cat":[8289,8305,8419],"product_tag":[],"class_list":{"0":"post-217250","1":"product","2":"type-product","3":"status-publish","4":"has-post-thumbnail","6":"product_cat-inicio","7":"product_cat-produtos-congelados","8":"product_cat-frutos-do-mar-congelado","10":"first","11":"instock","12":"taxable","13":"shipping-taxable","14":"purchasable","15":"product-type-simple"},"aioseo_notices":[],"brands":[],"_links":{"self":[{"href":"https:\/\/www.delicias-uk.com\/pt-pt\/wp-json\/wp\/v2\/product\/217250","targetHints":{"allow":["GET"]}}],"collection":[{"href":"https:\/\/www.delicias-uk.com\/pt-pt\/wp-json\/wp\/v2\/product"}],"about":[{"href":"https:\/\/www.delicias-uk.com\/pt-pt\/wp-json\/wp\/v2\/types\/product"}],"author":[{"embeddable":true,"href":"https:\/\/www.delicias-uk.com\/pt-pt\/wp-json\/wp\/v2\/users\/43533"}],"replies":[{"embeddable":true,"href":"https:\/\/www.delicias-uk.com\/pt-pt\/wp-json\/wp\/v2\/comments?post=217250"}],"wp:featuredmedia":[{"embeddable":true,"href":"https:\/\/www.delicias-uk.com\/pt-pt\/wp-json\/wp\/v2\/media\/95590"}],"wp:attachment":[{"href":"https:\/\/www.delicias-uk.com\/pt-pt\/wp-json\/wp\/v2\/media?parent=217250"}],"wp:term":[{"taxonomy":"pwb-brand","embeddable":true,"href":"https:\/\/www.delicias-uk.com\/pt-pt\/wp-json\/wp\/v2\/pwb-brand?post=217250"},{"taxonomy":"product_brand","embeddable":true,"href":"https:\/\/www.delicias-uk.com\/pt-pt\/wp-json\/wp\/v2\/product_brand?post=217250"},{"taxonomy":"product_cat","embeddable":true,"href":"https:\/\/www.delicias-uk.com\/pt-pt\/wp-json\/wp\/v2\/product_cat?post=217250"},{"taxonomy":"product_tag","embeddable":true,"href":"https:\/\/www.delicias-uk.com\/pt-pt\/wp-json\/wp\/v2\/product_tag?post=217250"}],"curies":[{"name":"wp","href":"https:\/\/api.w.org\/{rel}","templated":true}]}}