{"id":217204,"date":"2024-03-25T15:50:35","date_gmt":"2024-03-25T15:50:35","guid":{"rendered":"https:\/\/www.delicias-uk.com\/product\/chamucas-de-vegetais-congeladas-delidu-chef-210g\/"},"modified":"2025-04-13T22:50:33","modified_gmt":"2025-04-13T21:50:33","slug":"chamucas-de-vegetais-congeladas-delidu-chef-210g","status":"publish","type":"product","link":"https:\/\/www.delicias-uk.com\/pt-pt\/produto\/chamucas-de-vegetais-congeladas-delidu-chef-210g\/","title":{"rendered":"Chamu\u00e7as de Vegetais Congeladas Delidu Chef 35g x 6"},"content":{"rendered":"<p>A samosa \u00e9 uma massa frita do sul da \u00c1sia com recheio saboroso, incluindo ingredientes como batatas temperadas, cebolas, ervilhas, carne ou peixe. \u00c9 feito em diversos formatos, incluindo triangular, c\u00f4nico ou crescente, dependendo da regi\u00e3o.<\/p>\n<p><strong><em>Produto congelado. Ser\u00e1 descongelado durante o processo de transporte. Condicionado com materiais termicos (caixa ou bolsa) e gelo.<\/em><\/strong><\/p>\n","protected":false},"excerpt":{"rendered":"<ul style=\"list-style-type:disc;\">\n<li>Peso l\u00edquido 210g (Cont\u00e9m 6 unidades)<\/li>\n<li>Produto congelado<\/li>\n<li>Produzido em Portugal<\/li>\n<\/ul>\n","protected":false},"author":43533,"featured_media":95485,"comment_status":"open","ping_status":"closed","template":"","meta":[],"pwb-brand":[],"product_brand":[],"product_cat":[9324,8413,8347],"product_tag":[],"class_list":{"0":"post-217204","1":"product","2":"type-product","3":"status-publish","4":"has-post-thumbnail","6":"product_cat-para-petiscar","7":"product_cat-salgado-congelado","8":"product_cat-vegetariano","10":"first","11":"instock","12":"taxable","13":"shipping-taxable","14":"purchasable","15":"product-type-simple"},"aioseo_notices":[],"brands":[],"_links":{"self":[{"href":"https:\/\/www.delicias-uk.com\/pt-pt\/wp-json\/wp\/v2\/product\/217204","targetHints":{"allow":["GET"]}}],"collection":[{"href":"https:\/\/www.delicias-uk.com\/pt-pt\/wp-json\/wp\/v2\/product"}],"about":[{"href":"https:\/\/www.delicias-uk.com\/pt-pt\/wp-json\/wp\/v2\/types\/product"}],"author":[{"embeddable":true,"href":"https:\/\/www.delicias-uk.com\/pt-pt\/wp-json\/wp\/v2\/users\/43533"}],"replies":[{"embeddable":true,"href":"https:\/\/www.delicias-uk.com\/pt-pt\/wp-json\/wp\/v2\/comments?post=217204"}],"wp:featuredmedia":[{"embeddable":true,"href":"https:\/\/www.delicias-uk.com\/pt-pt\/wp-json\/wp\/v2\/media\/95485"}],"wp:attachment":[{"href":"https:\/\/www.delicias-uk.com\/pt-pt\/wp-json\/wp\/v2\/media?parent=217204"}],"wp:term":[{"taxonomy":"pwb-brand","embeddable":true,"href":"https:\/\/www.delicias-uk.com\/pt-pt\/wp-json\/wp\/v2\/pwb-brand?post=217204"},{"taxonomy":"product_brand","embeddable":true,"href":"https:\/\/www.delicias-uk.com\/pt-pt\/wp-json\/wp\/v2\/product_brand?post=217204"},{"taxonomy":"product_cat","embeddable":true,"href":"https:\/\/www.delicias-uk.com\/pt-pt\/wp-json\/wp\/v2\/product_cat?post=217204"},{"taxonomy":"product_tag","embeddable":true,"href":"https:\/\/www.delicias-uk.com\/pt-pt\/wp-json\/wp\/v2\/product_tag?post=217204"}],"curies":[{"name":"wp","href":"https:\/\/api.w.org\/{rel}","templated":true}]}}