{"id":217192,"date":"2024-03-07T17:40:47","date_gmt":"2024-03-07T17:40:47","guid":{"rendered":"https:\/\/www.delicias-uk.com\/product\/amendoim-com-casca-raimundo-maia-500g\/"},"modified":"2025-08-23T13:04:21","modified_gmt":"2025-08-23T12:04:21","slug":"amendoim-com-casca-raimundo-maia-500g","status":"publish","type":"product","link":"https:\/\/www.delicias-uk.com\/pt-pt\/produto\/amendoim-com-casca-raimundo-maia-500g\/","title":{"rendered":"Amendoim Com Casca Raimundo &#038; Maia 500g"},"content":{"rendered":"<p><strong>Pode conter vest\u00edgios de frutos de casca rija.<\/strong><\/p>\n<p>O amendoim, tamb\u00e9m conhecido como amendoim, goober, pindar ou noz de macaco, \u00e9 uma leguminosa cultivada principalmente por suas sementes comest\u00edveis. \u00c9 amplamente cultivada nos tr\u00f3picos e subtr\u00f3picos, importante para pequenos e grandes produtores comerciais. \u00c9 classificada tanto como leguminosa de gr\u00e3o quanto, devido ao seu alto teor de \u00f3leo, como oleaginosa.<\/p>\n","protected":false},"excerpt":{"rendered":"<ul style=\"list-style-type:disc;\">\n<li>Peso l\u00edquido 500g<\/li>\n<li>Fonte de prote\u00edna<\/li>\n<li>Pronto para comer<\/li>\n<\/ul>\n","protected":false},"author":43533,"featured_media":95462,"comment_status":"open","ping_status":"closed","template":"","meta":[],"pwb-brand":[],"product_brand":[],"product_cat":[8649],"product_tag":[],"class_list":{"0":"post-217192","1":"product","2":"type-product","3":"status-publish","4":"has-post-thumbnail","6":"product_cat-lanches-batatas-fritas-tostas","8":"first","9":"instock","10":"taxable","11":"shipping-taxable","12":"purchasable","13":"product-type-simple"},"aioseo_notices":[],"brands":[],"_links":{"self":[{"href":"https:\/\/www.delicias-uk.com\/pt-pt\/wp-json\/wp\/v2\/product\/217192","targetHints":{"allow":["GET"]}}],"collection":[{"href":"https:\/\/www.delicias-uk.com\/pt-pt\/wp-json\/wp\/v2\/product"}],"about":[{"href":"https:\/\/www.delicias-uk.com\/pt-pt\/wp-json\/wp\/v2\/types\/product"}],"author":[{"embeddable":true,"href":"https:\/\/www.delicias-uk.com\/pt-pt\/wp-json\/wp\/v2\/users\/43533"}],"replies":[{"embeddable":true,"href":"https:\/\/www.delicias-uk.com\/pt-pt\/wp-json\/wp\/v2\/comments?post=217192"}],"wp:featuredmedia":[{"embeddable":true,"href":"https:\/\/www.delicias-uk.com\/pt-pt\/wp-json\/wp\/v2\/media\/95462"}],"wp:attachment":[{"href":"https:\/\/www.delicias-uk.com\/pt-pt\/wp-json\/wp\/v2\/media?parent=217192"}],"wp:term":[{"taxonomy":"pwb-brand","embeddable":true,"href":"https:\/\/www.delicias-uk.com\/pt-pt\/wp-json\/wp\/v2\/pwb-brand?post=217192"},{"taxonomy":"product_brand","embeddable":true,"href":"https:\/\/www.delicias-uk.com\/pt-pt\/wp-json\/wp\/v2\/product_brand?post=217192"},{"taxonomy":"product_cat","embeddable":true,"href":"https:\/\/www.delicias-uk.com\/pt-pt\/wp-json\/wp\/v2\/product_cat?post=217192"},{"taxonomy":"product_tag","embeddable":true,"href":"https:\/\/www.delicias-uk.com\/pt-pt\/wp-json\/wp\/v2\/product_tag?post=217192"}],"curies":[{"name":"wp","href":"https:\/\/api.w.org\/{rel}","templated":true}]}}