{"id":217160,"date":"2024-03-01T11:52:05","date_gmt":"2024-03-01T11:52:05","guid":{"rendered":"https:\/\/www.delicias-uk.com\/product\/cachaca-praianinha-alc-39-1l\/"},"modified":"2025-02-06T17:18:58","modified_gmt":"2025-02-06T17:18:58","slug":"cachaca-praianinha-alc-39-1l","status":"publish","type":"product","link":"https:\/\/www.delicias-uk.com\/pt-pt\/produto\/cachaca-praianinha-alc-39-1l\/","title":{"rendered":"Cacha\u00e7a Praianinha (Alc. 39%) 1L"},"content":{"rendered":"<p>Uma das cacha\u00e7as mais tradicionais e conhecidas do Brasil, a Cacha\u00e7a Praianinha est\u00e1 no mercado h\u00e1 mais de 50 anos. O produto foi modernizado, mantendo seu sabor e qualidade desde 1944. Saborosa e com aroma inigual\u00e1vel, a Cacha\u00e7a Praianinha \u00e9 perfeita para sua bebida. Ideal para ser degustado puro ou como caipirinha.<\/p>\n<p><strong>Harmoniza\u00e7\u00e3o<\/strong>: Pode ser acompanhado com todos os pratos do almo\u00e7o ou jantar. A bebida brasileira acompanha bem carnes, frutas, doces e at\u00e9 charutos e cervejas.<\/p>\n","protected":false},"excerpt":{"rendered":"<ul style=\"list-style-type:disc;\">\n<li>Volume 1L<\/li>\n<li>Teor alco\u00f3lico: 39%<\/li>\n<li>Produto Brasileiro<\/li>\n<\/ul>\n","protected":false},"author":43533,"featured_media":95395,"comment_status":"open","ping_status":"closed","template":"","meta":[],"pwb-brand":[],"product_brand":[],"product_cat":[8289,8293,8421,8485],"product_tag":[],"class_list":{"0":"post-217160","1":"product","2":"type-product","3":"status-publish","4":"has-post-thumbnail","6":"product_cat-inicio","7":"product_cat-produtos-brasileiros","8":"product_cat-destilados-cachaca","9":"product_cat-cachaca-pt-pt","11":"first","12":"outofstock","13":"taxable","14":"shipping-taxable","15":"purchasable","16":"product-type-simple"},"aioseo_notices":[],"brands":[],"_links":{"self":[{"href":"https:\/\/www.delicias-uk.com\/pt-pt\/wp-json\/wp\/v2\/product\/217160","targetHints":{"allow":["GET"]}}],"collection":[{"href":"https:\/\/www.delicias-uk.com\/pt-pt\/wp-json\/wp\/v2\/product"}],"about":[{"href":"https:\/\/www.delicias-uk.com\/pt-pt\/wp-json\/wp\/v2\/types\/product"}],"author":[{"embeddable":true,"href":"https:\/\/www.delicias-uk.com\/pt-pt\/wp-json\/wp\/v2\/users\/43533"}],"replies":[{"embeddable":true,"href":"https:\/\/www.delicias-uk.com\/pt-pt\/wp-json\/wp\/v2\/comments?post=217160"}],"wp:featuredmedia":[{"embeddable":true,"href":"https:\/\/www.delicias-uk.com\/pt-pt\/wp-json\/wp\/v2\/media\/95395"}],"wp:attachment":[{"href":"https:\/\/www.delicias-uk.com\/pt-pt\/wp-json\/wp\/v2\/media?parent=217160"}],"wp:term":[{"taxonomy":"pwb-brand","embeddable":true,"href":"https:\/\/www.delicias-uk.com\/pt-pt\/wp-json\/wp\/v2\/pwb-brand?post=217160"},{"taxonomy":"product_brand","embeddable":true,"href":"https:\/\/www.delicias-uk.com\/pt-pt\/wp-json\/wp\/v2\/product_brand?post=217160"},{"taxonomy":"product_cat","embeddable":true,"href":"https:\/\/www.delicias-uk.com\/pt-pt\/wp-json\/wp\/v2\/product_cat?post=217160"},{"taxonomy":"product_tag","embeddable":true,"href":"https:\/\/www.delicias-uk.com\/pt-pt\/wp-json\/wp\/v2\/product_tag?post=217160"}],"curies":[{"name":"wp","href":"https:\/\/api.w.org\/{rel}","templated":true}]}}