{"id":217154,"date":"2024-02-22T13:35:47","date_gmt":"2024-02-22T13:35:47","guid":{"rendered":"https:\/\/www.delicias-uk.com\/product\/ruffles-sabor-a-ketchup-embalagem-familia-122g\/"},"modified":"2026-03-09T11:45:09","modified_gmt":"2026-03-09T11:45:09","slug":"ruffles-sabor-a-ketchup-embalagem-familia-115g","status":"publish","type":"product","link":"https:\/\/www.delicias-uk.com\/pt-pt\/produto\/ruffles-sabor-a-ketchup-embalagem-familia-115g\/","title":{"rendered":"Batata Frita Ruffles Sabor a Ketchup 115g"},"content":{"rendered":"<p>Ruffles Ketchup \u00e9 uma deliciosa op\u00e7\u00e3o de lanche para quem gosta de um toque picante. Essas batatas fritas apresentam a cl\u00e1ssica textura estriada dos Ruffles, proporcionando uma croc\u00e2ncia satisfat\u00f3ria a cada mordida. O sabor \u00fanico do ketchup adiciona um sabor inesperado, mas delicioso, tornando essas batatas fritas a escolha perfeita para a hora do lanche.<\/p>\n","protected":false},"excerpt":{"rendered":"<ul style=\"list-style-type: disc\">\n<li>Peso l\u00edquido 122g<\/li>\n<li>Sem gl\u00faten<\/li>\n<li>Sabor a Ketchup<\/li>\n<\/ul>\n","protected":false},"author":43533,"featured_media":95380,"comment_status":"open","ping_status":"closed","template":"","meta":[],"pwb-brand":[],"product_brand":[],"product_cat":[8649],"product_tag":[],"class_list":{"0":"post-217154","1":"product","2":"type-product","3":"status-publish","4":"has-post-thumbnail","6":"product_cat-lanches-batatas-fritas-tostas","8":"first","9":"instock","10":"taxable","11":"shipping-taxable","12":"purchasable","13":"product-type-simple"},"aioseo_notices":[],"brands":[],"_links":{"self":[{"href":"https:\/\/www.delicias-uk.com\/pt-pt\/wp-json\/wp\/v2\/product\/217154","targetHints":{"allow":["GET"]}}],"collection":[{"href":"https:\/\/www.delicias-uk.com\/pt-pt\/wp-json\/wp\/v2\/product"}],"about":[{"href":"https:\/\/www.delicias-uk.com\/pt-pt\/wp-json\/wp\/v2\/types\/product"}],"author":[{"embeddable":true,"href":"https:\/\/www.delicias-uk.com\/pt-pt\/wp-json\/wp\/v2\/users\/43533"}],"replies":[{"embeddable":true,"href":"https:\/\/www.delicias-uk.com\/pt-pt\/wp-json\/wp\/v2\/comments?post=217154"}],"wp:featuredmedia":[{"embeddable":true,"href":"https:\/\/www.delicias-uk.com\/pt-pt\/wp-json\/wp\/v2\/media\/95380"}],"wp:attachment":[{"href":"https:\/\/www.delicias-uk.com\/pt-pt\/wp-json\/wp\/v2\/media?parent=217154"}],"wp:term":[{"taxonomy":"pwb-brand","embeddable":true,"href":"https:\/\/www.delicias-uk.com\/pt-pt\/wp-json\/wp\/v2\/pwb-brand?post=217154"},{"taxonomy":"product_brand","embeddable":true,"href":"https:\/\/www.delicias-uk.com\/pt-pt\/wp-json\/wp\/v2\/product_brand?post=217154"},{"taxonomy":"product_cat","embeddable":true,"href":"https:\/\/www.delicias-uk.com\/pt-pt\/wp-json\/wp\/v2\/product_cat?post=217154"},{"taxonomy":"product_tag","embeddable":true,"href":"https:\/\/www.delicias-uk.com\/pt-pt\/wp-json\/wp\/v2\/product_tag?post=217154"}],"curies":[{"name":"wp","href":"https:\/\/api.w.org\/{rel}","templated":true}]}}