{"id":217120,"date":"2024-02-06T17:11:09","date_gmt":"2024-02-06T17:11:09","guid":{"rendered":"https:\/\/www.delicias-uk.com\/product\/plumas-de-porco-preto-congelado-sel-1kg\/"},"modified":"2024-02-06T17:11:09","modified_gmt":"2024-02-06T17:11:09","slug":"plumas-de-porco-preto-congelado-sel-1kg","status":"publish","type":"product","link":"https:\/\/www.delicias-uk.com\/pt-pt\/produto\/plumas-de-porco-preto-congelado-sel-1kg\/","title":{"rendered":"Plumas Porco Preto Alentejano Congelado SEL +\/- 1Kg"},"content":{"rendered":"<p>Pe\u00e7a que corresponde \u00e0s massas musculares entre as hemi-v\u00e9rtebras dorsais e o ter\u00e7o superior das costelas. Pe\u00e7a adjacente ao lombo (Origem:UE).<\/p>\n<p class=\"MsoNormal\" style=\"margin-bottom:10pt;line-height:115%;\"><span>Produto congelado. <\/span><span lang=\"pt-br\" xml:lang=\"pt-br\">Ser\u00e1 descongelado durante o processo de transporte. Condicionado com materiais termicos (caixa ou bolsa) e gelo.<\/span><\/p>\n","protected":false},"excerpt":{"rendered":"<ul style=\"list-style-type:disc;\">\n<li>Peso l\u00edquido aprox. 1kg<\/li>\n<li>Plumas de porco preto<\/li>\n<li>Produto congelado<\/li>\n<\/ul>\n","protected":false},"author":43533,"featured_media":95307,"comment_status":"open","ping_status":"closed","template":"","meta":[],"pwb-brand":[],"product_brand":[],"product_cat":[8289,8305,8391,8499],"product_tag":[],"class_list":{"0":"post-217120","1":"product","2":"type-product","3":"status-publish","4":"has-post-thumbnail","6":"product_cat-inicio","7":"product_cat-produtos-congelados","8":"product_cat-carne-congelada","9":"product_cat-sem-glutem","11":"first","12":"outofstock","13":"taxable","14":"shipping-taxable","15":"purchasable","16":"product-type-simple"},"aioseo_notices":[],"brands":[],"_links":{"self":[{"href":"https:\/\/www.delicias-uk.com\/pt-pt\/wp-json\/wp\/v2\/product\/217120","targetHints":{"allow":["GET"]}}],"collection":[{"href":"https:\/\/www.delicias-uk.com\/pt-pt\/wp-json\/wp\/v2\/product"}],"about":[{"href":"https:\/\/www.delicias-uk.com\/pt-pt\/wp-json\/wp\/v2\/types\/product"}],"author":[{"embeddable":true,"href":"https:\/\/www.delicias-uk.com\/pt-pt\/wp-json\/wp\/v2\/users\/43533"}],"replies":[{"embeddable":true,"href":"https:\/\/www.delicias-uk.com\/pt-pt\/wp-json\/wp\/v2\/comments?post=217120"}],"wp:featuredmedia":[{"embeddable":true,"href":"https:\/\/www.delicias-uk.com\/pt-pt\/wp-json\/wp\/v2\/media\/95307"}],"wp:attachment":[{"href":"https:\/\/www.delicias-uk.com\/pt-pt\/wp-json\/wp\/v2\/media?parent=217120"}],"wp:term":[{"taxonomy":"pwb-brand","embeddable":true,"href":"https:\/\/www.delicias-uk.com\/pt-pt\/wp-json\/wp\/v2\/pwb-brand?post=217120"},{"taxonomy":"product_brand","embeddable":true,"href":"https:\/\/www.delicias-uk.com\/pt-pt\/wp-json\/wp\/v2\/product_brand?post=217120"},{"taxonomy":"product_cat","embeddable":true,"href":"https:\/\/www.delicias-uk.com\/pt-pt\/wp-json\/wp\/v2\/product_cat?post=217120"},{"taxonomy":"product_tag","embeddable":true,"href":"https:\/\/www.delicias-uk.com\/pt-pt\/wp-json\/wp\/v2\/product_tag?post=217120"}],"curies":[{"name":"wp","href":"https:\/\/api.w.org\/{rel}","templated":true}]}}