{"id":217086,"date":"2024-01-31T17:52:00","date_gmt":"2024-01-31T17:52:00","guid":{"rendered":"https:\/\/www.delicias-uk.com\/product\/carre-de-porco-preto-congelado-sel-1kg\/"},"modified":"2025-02-06T17:12:47","modified_gmt":"2025-02-06T17:12:47","slug":"carre-de-porco-preto-congelado-sel-1kg","status":"publish","type":"product","link":"https:\/\/www.delicias-uk.com\/pt-pt\/produto\/carre-de-porco-preto-congelado-sel-1kg\/","title":{"rendered":"Carr\u00e9 Porco Preto Alentejano Congelado SEL +\/- 1kg"},"content":{"rendered":"<p>Pe\u00e7a correspondente \u00e0s hemi-v\u00e9rtebras cervicais, hemi-v\u00e9rtebras dorsais, h\u00e9mi-v\u00e9rtebras lombares, ter\u00e7o superior das costelas e respectivas massas musculares (Origem:UE).<\/p>\n<p>Produto congelado. Ser\u00e1 descongelado durante o processo de transporte. Condicionado com materiais termicos (caixa ou bolsa) e gelo.<\/p>\n","protected":false},"excerpt":{"rendered":"<ul>\n<li>Peso l\u00edquido 1kg<\/li>\n<li>Carr\u00e9 de porco preto<\/li>\n<li>Produto congelado<\/li>\n<\/ul>\n","protected":false},"author":43533,"featured_media":95233,"comment_status":"open","ping_status":"closed","template":"","meta":[],"pwb-brand":[],"product_brand":[],"product_cat":[8289,8305,8391],"product_tag":[],"class_list":{"0":"post-217086","1":"product","2":"type-product","3":"status-publish","4":"has-post-thumbnail","6":"product_cat-inicio","7":"product_cat-produtos-congelados","8":"product_cat-carne-congelada","10":"first","11":"outofstock","12":"taxable","13":"shipping-taxable","14":"purchasable","15":"product-type-simple"},"aioseo_notices":[],"brands":[],"_links":{"self":[{"href":"https:\/\/www.delicias-uk.com\/pt-pt\/wp-json\/wp\/v2\/product\/217086","targetHints":{"allow":["GET"]}}],"collection":[{"href":"https:\/\/www.delicias-uk.com\/pt-pt\/wp-json\/wp\/v2\/product"}],"about":[{"href":"https:\/\/www.delicias-uk.com\/pt-pt\/wp-json\/wp\/v2\/types\/product"}],"author":[{"embeddable":true,"href":"https:\/\/www.delicias-uk.com\/pt-pt\/wp-json\/wp\/v2\/users\/43533"}],"replies":[{"embeddable":true,"href":"https:\/\/www.delicias-uk.com\/pt-pt\/wp-json\/wp\/v2\/comments?post=217086"}],"wp:featuredmedia":[{"embeddable":true,"href":"https:\/\/www.delicias-uk.com\/pt-pt\/wp-json\/wp\/v2\/media\/95233"}],"wp:attachment":[{"href":"https:\/\/www.delicias-uk.com\/pt-pt\/wp-json\/wp\/v2\/media?parent=217086"}],"wp:term":[{"taxonomy":"pwb-brand","embeddable":true,"href":"https:\/\/www.delicias-uk.com\/pt-pt\/wp-json\/wp\/v2\/pwb-brand?post=217086"},{"taxonomy":"product_brand","embeddable":true,"href":"https:\/\/www.delicias-uk.com\/pt-pt\/wp-json\/wp\/v2\/product_brand?post=217086"},{"taxonomy":"product_cat","embeddable":true,"href":"https:\/\/www.delicias-uk.com\/pt-pt\/wp-json\/wp\/v2\/product_cat?post=217086"},{"taxonomy":"product_tag","embeddable":true,"href":"https:\/\/www.delicias-uk.com\/pt-pt\/wp-json\/wp\/v2\/product_tag?post=217086"}],"curies":[{"name":"wp","href":"https:\/\/api.w.org\/{rel}","templated":true}]}}