{"id":217072,"date":"2024-01-31T16:36:18","date_gmt":"2024-01-31T16:36:18","guid":{"rendered":"https:\/\/www.delicias-uk.com\/product\/gelatina-royal-sabor-morango-114g\/"},"modified":"2026-03-22T18:08:26","modified_gmt":"2026-03-22T18:08:26","slug":"gelatina-royal-sabor-morango-114g","status":"publish","type":"product","link":"https:\/\/www.delicias-uk.com\/pt-pt\/produto\/gelatina-royal-sabor-morango-114g\/","title":{"rendered":"Gelatina de Morango Royal 114g"},"content":{"rendered":"<p>As gelatinas Royal permitem preparar 1 litro de gelatina com 31 g de p\u00f3, ou seja 10 por\u00e7\u00f5es. Cada uma com apenas 10kcal. S\u00e3o aliadas perfeitas quando temos vontade de comer qualquer coisa doce pois, al\u00e9m de saborosas, s\u00e3o muito refrescantes e, principalmente, baixas em calorias.<\/p>\n","protected":false},"excerpt":{"rendered":"<ul style=\"list-style-type:disc;\">\n<li>Peso l\u00edquido 114g<\/li>\n<li>30% menos a\u00e7\u00facar<\/li>\n<li>Produto Portugu\u00eas<\/li>\n<\/ul>\n","protected":false},"author":43533,"featured_media":226437,"comment_status":"open","ping_status":"closed","template":"","meta":[],"pwb-brand":[],"product_brand":[],"product_cat":[8623],"product_tag":[],"class_list":{"0":"post-217072","1":"product","2":"type-product","3":"status-publish","4":"has-post-thumbnail","6":"product_cat-geleia-pudins-mousse","8":"first","9":"instock","10":"taxable","11":"shipping-taxable","12":"purchasable","13":"product-type-simple"},"aioseo_notices":[],"brands":[],"_links":{"self":[{"href":"https:\/\/www.delicias-uk.com\/pt-pt\/wp-json\/wp\/v2\/product\/217072","targetHints":{"allow":["GET"]}}],"collection":[{"href":"https:\/\/www.delicias-uk.com\/pt-pt\/wp-json\/wp\/v2\/product"}],"about":[{"href":"https:\/\/www.delicias-uk.com\/pt-pt\/wp-json\/wp\/v2\/types\/product"}],"author":[{"embeddable":true,"href":"https:\/\/www.delicias-uk.com\/pt-pt\/wp-json\/wp\/v2\/users\/43533"}],"replies":[{"embeddable":true,"href":"https:\/\/www.delicias-uk.com\/pt-pt\/wp-json\/wp\/v2\/comments?post=217072"}],"wp:featuredmedia":[{"embeddable":true,"href":"https:\/\/www.delicias-uk.com\/pt-pt\/wp-json\/wp\/v2\/media\/226437"}],"wp:attachment":[{"href":"https:\/\/www.delicias-uk.com\/pt-pt\/wp-json\/wp\/v2\/media?parent=217072"}],"wp:term":[{"taxonomy":"pwb-brand","embeddable":true,"href":"https:\/\/www.delicias-uk.com\/pt-pt\/wp-json\/wp\/v2\/pwb-brand?post=217072"},{"taxonomy":"product_brand","embeddable":true,"href":"https:\/\/www.delicias-uk.com\/pt-pt\/wp-json\/wp\/v2\/product_brand?post=217072"},{"taxonomy":"product_cat","embeddable":true,"href":"https:\/\/www.delicias-uk.com\/pt-pt\/wp-json\/wp\/v2\/product_cat?post=217072"},{"taxonomy":"product_tag","embeddable":true,"href":"https:\/\/www.delicias-uk.com\/pt-pt\/wp-json\/wp\/v2\/product_tag?post=217072"}],"curies":[{"name":"wp","href":"https:\/\/api.w.org\/{rel}","templated":true}]}}