{"id":217054,"date":"2024-01-26T17:32:45","date_gmt":"2024-01-26T17:32:45","guid":{"rendered":"https:\/\/www.delicias-uk.com\/product\/salsichao-fino-bisaro-montesinho-150g\/"},"modified":"2025-02-06T17:16:58","modified_gmt":"2025-02-06T17:16:58","slug":"salsichao-fino-bisaro-montesinho-150g","status":"publish","type":"product","link":"https:\/\/www.delicias-uk.com\/pt-pt\/produto\/salsichao-fino-bisaro-montesinho-150g\/","title":{"rendered":"Salsich\u00e3o Fino B\u00edsaro Montesinho 150g"},"content":{"rendered":"<p>A chouri\u00e7a Montesinho \u00e9 um enchido de sabor picante feito com carne de porco, com uma tripa mais fina, em compara\u00e7\u00e3o com o chouri\u00e7o. Deve ser consumido preferencialmente assado na grelha ou no forno, acompanhado de batatas e legumes.<\/p>\n<p><strong>Ingredientes<\/strong>: Carne de porco (94%), piment\u00e3o doce picante, sal, a\u00e7\u00facares (xarope de glicose, dextrose, a\u00e7\u00facar), dextrina, prote\u00edna animal (carne de porco), emulsionantes (E-450 e E-451), antioxidante E- 301, alho, conservantes (E-250 e E-252).<\/p>\n<p><strong>Alerg\u00e9nios<\/strong>: nenhum<\/p>\n<p><strong>Informa\u00e7\u00e3o nutricional por 100g:<\/strong><\/p>\n<ul style=\"list-style-type:disc;\">\n<li>Energia 1541 Kj \/ 372 Kcal<\/li>\n<li>Gorduras 32,3g<\/li>\n<li>dos quais saturados 11,96g<\/li>\n<li>Hidratos de carbono 1,0g<\/li>\n<li>dos quais a\u00e7\u00facares 0,5g<\/li>\n<li>Prote\u00ednas 19,33g<\/li>\n<li>Sal 2,97g<\/li>\n<\/ul>\n<p><strong>Pa\u00eds de origem<\/strong>: Portugal.<\/p>\n","protected":false},"excerpt":{"rendered":"<ul style=\"list-style-type:disc;\">\n<li>Peso l\u00edquido 150g<\/li>\n<li>Salsich\u00e3o fino de porco da ra\u00e7a B\u00edsaro<\/li>\n<li>Fonte de prote\u00edna<\/li>\n<\/ul>\n","protected":false},"author":43533,"featured_media":95168,"comment_status":"open","ping_status":"closed","template":"","meta":[],"pwb-brand":[],"product_brand":[],"product_cat":[8289,8291,8337,8663],"product_tag":[],"class_list":{"0":"post-217054","1":"product","2":"type-product","3":"status-publish","4":"has-post-thumbnail","6":"product_cat-inicio","7":"product_cat-produtos-portugueses","8":"product_cat-charcutaria","9":"product_cat-chourico-e-salsicha","11":"first","12":"instock","13":"taxable","14":"shipping-taxable","15":"purchasable","16":"product-type-simple"},"aioseo_notices":[],"brands":[],"_links":{"self":[{"href":"https:\/\/www.delicias-uk.com\/pt-pt\/wp-json\/wp\/v2\/product\/217054","targetHints":{"allow":["GET"]}}],"collection":[{"href":"https:\/\/www.delicias-uk.com\/pt-pt\/wp-json\/wp\/v2\/product"}],"about":[{"href":"https:\/\/www.delicias-uk.com\/pt-pt\/wp-json\/wp\/v2\/types\/product"}],"author":[{"embeddable":true,"href":"https:\/\/www.delicias-uk.com\/pt-pt\/wp-json\/wp\/v2\/users\/43533"}],"replies":[{"embeddable":true,"href":"https:\/\/www.delicias-uk.com\/pt-pt\/wp-json\/wp\/v2\/comments?post=217054"}],"wp:featuredmedia":[{"embeddable":true,"href":"https:\/\/www.delicias-uk.com\/pt-pt\/wp-json\/wp\/v2\/media\/95168"}],"wp:attachment":[{"href":"https:\/\/www.delicias-uk.com\/pt-pt\/wp-json\/wp\/v2\/media?parent=217054"}],"wp:term":[{"taxonomy":"pwb-brand","embeddable":true,"href":"https:\/\/www.delicias-uk.com\/pt-pt\/wp-json\/wp\/v2\/pwb-brand?post=217054"},{"taxonomy":"product_brand","embeddable":true,"href":"https:\/\/www.delicias-uk.com\/pt-pt\/wp-json\/wp\/v2\/product_brand?post=217054"},{"taxonomy":"product_cat","embeddable":true,"href":"https:\/\/www.delicias-uk.com\/pt-pt\/wp-json\/wp\/v2\/product_cat?post=217054"},{"taxonomy":"product_tag","embeddable":true,"href":"https:\/\/www.delicias-uk.com\/pt-pt\/wp-json\/wp\/v2\/product_tag?post=217054"}],"curies":[{"name":"wp","href":"https:\/\/api.w.org\/{rel}","templated":true}]}}