{"id":217044,"date":"2024-01-26T14:46:14","date_gmt":"2024-01-26T14:46:14","guid":{"rendered":"https:\/\/www.delicias-uk.com\/product\/pastel-de-nata-pre-cozido-e-congelado-flor-do-vouga-70g-x-8\/"},"modified":"2026-03-08T17:56:39","modified_gmt":"2026-03-08T17:56:39","slug":"pastel-de-nata-cozido-congelado-flor-do-vouga-70g-x-6","status":"publish","type":"product","link":"https:\/\/www.delicias-uk.com\/pt-pt\/produto\/pastel-de-nata-cozido-congelado-flor-do-vouga-70g-x-6\/","title":{"rendered":"Pastel de Nata Cozido Congelado Flor do Vouga 70g x 6"},"content":{"rendered":"<p data-start=\"0\" data-end=\"324\">O Pastel de Nata (ou Pastel de Bel\u00e9m quando se refere \u00e0 sua forma original do distrito de Bel\u00e9m, em Lisboa) \u00e9 um dos doces mais ic\u00f4nicos e amados de Portugal. Trata-se de uma tradicional tarte de creme que se tornou famosa mundialmente pela deliciosa combina\u00e7\u00e3o de uma massa folhada crocante e um recheio cremoso de creme.<\/p>\n<h3 data-start=\"326\" data-end=\"339\">Origem:<\/h3>\n<p data-start=\"340\" data-end=\"853\" data-is-last-node=\"\">Acredita-se que o Pastel de Nata tenha sido criado por monges no Mosteiro dos Jer\u00f3nimos, no distrito de Bel\u00e9m, em Lisboa, no in\u00edcio do s\u00e9culo XIX. Os monges, precisando utilizar as gemas de ovos que sobravam do processo de engomar os h\u00e1bitos, come\u00e7aram a fazer esses doces. Ap\u00f3s o fechamento do mosteiro, a receita foi passada para uma confeitaria pr\u00f3xima, a Antiga Confeitaria de Bel\u00e9m, que come\u00e7ou a vender os past\u00e9is sob o nome de Past\u00e9is de Bel\u00e9m. Hoje, a vers\u00e3o de Bel\u00e9m ainda \u00e9 considerada a mais aut\u00eantica.<\/p>\n<p>Produto congelado. Ser\u00e1 descongelado durante o processo de transporte. Condicionado com materiais termicos (caixa ou bolsa) e gelo.<\/p>\n","protected":false},"excerpt":{"rendered":"<ul style=\"list-style-type: disc;\">\n<li>Cont\u00e9m 6 unidades de 70g cada<\/li>\n<li>Produto congelado<\/li>\n<li>Produto Portugu\u00eas<\/li>\n<\/ul>\n","protected":false},"author":43533,"featured_media":219620,"comment_status":"open","ping_status":"closed","template":"","meta":[],"pwb-brand":[],"product_brand":[],"product_cat":[8289,8305,8399],"product_tag":[],"class_list":{"0":"post-217044","1":"product","2":"type-product","3":"status-publish","4":"has-post-thumbnail","6":"product_cat-inicio","7":"product_cat-produtos-congelados","8":"product_cat-pastelaria-congelada","10":"first","11":"instock","12":"taxable","13":"shipping-taxable","14":"purchasable","15":"product-type-simple"},"aioseo_notices":[],"brands":[],"_links":{"self":[{"href":"https:\/\/www.delicias-uk.com\/pt-pt\/wp-json\/wp\/v2\/product\/217044","targetHints":{"allow":["GET"]}}],"collection":[{"href":"https:\/\/www.delicias-uk.com\/pt-pt\/wp-json\/wp\/v2\/product"}],"about":[{"href":"https:\/\/www.delicias-uk.com\/pt-pt\/wp-json\/wp\/v2\/types\/product"}],"author":[{"embeddable":true,"href":"https:\/\/www.delicias-uk.com\/pt-pt\/wp-json\/wp\/v2\/users\/43533"}],"replies":[{"embeddable":true,"href":"https:\/\/www.delicias-uk.com\/pt-pt\/wp-json\/wp\/v2\/comments?post=217044"}],"wp:featuredmedia":[{"embeddable":true,"href":"https:\/\/www.delicias-uk.com\/pt-pt\/wp-json\/wp\/v2\/media\/219620"}],"wp:attachment":[{"href":"https:\/\/www.delicias-uk.com\/pt-pt\/wp-json\/wp\/v2\/media?parent=217044"}],"wp:term":[{"taxonomy":"pwb-brand","embeddable":true,"href":"https:\/\/www.delicias-uk.com\/pt-pt\/wp-json\/wp\/v2\/pwb-brand?post=217044"},{"taxonomy":"product_brand","embeddable":true,"href":"https:\/\/www.delicias-uk.com\/pt-pt\/wp-json\/wp\/v2\/product_brand?post=217044"},{"taxonomy":"product_cat","embeddable":true,"href":"https:\/\/www.delicias-uk.com\/pt-pt\/wp-json\/wp\/v2\/product_cat?post=217044"},{"taxonomy":"product_tag","embeddable":true,"href":"https:\/\/www.delicias-uk.com\/pt-pt\/wp-json\/wp\/v2\/product_tag?post=217044"}],"curies":[{"name":"wp","href":"https:\/\/api.w.org\/{rel}","templated":true}]}}