{"id":217020,"date":"2024-01-26T11:11:01","date_gmt":"2024-01-26T11:11:01","guid":{"rendered":"https:\/\/www.delicias-uk.com\/product\/fumado-pa-de-porco-porminho-25kg\/"},"modified":"2025-03-02T21:53:27","modified_gmt":"2025-03-02T21:53:27","slug":"fumado-pa-de-porco-porminho-25kg","status":"publish","type":"product","link":"https:\/\/www.delicias-uk.com\/pt-pt\/produto\/fumado-pa-de-porco-porminho-25kg\/","title":{"rendered":"Fumado P\u00e1 de Porco Porminho +\/- 2.5kg"},"content":{"rendered":"<p>A p\u00e1 de porco \u00e9 um corte de carne de porco que sai da pata dianteira do porco. \u00c9 uma pe\u00e7a muito barata, mas interessante pelas suas caracter\u00edsticas organol\u00e9ticas e nutricionais. \u00c9 um m\u00fasculo pouco utilizado pelo animal e, por isso, magro, rico em tend\u00f5es e nervos.<\/p>\n<p><strong>Ingredientes<\/strong>: p\u00e1 de porco (origem: UE), \u00e1gua, sal, dextrose, estabilizantes (E451, E452, E450), humectante (E420), aromas, antioxidante (E316) e conservante (E250).<\/p>\n<p><strong>Alerg\u00e9nios<\/strong>: nenhum<\/p>\n<p><strong>Informa\u00e7\u00e3o nutricional por 100g:<\/strong><\/p>\n<ul style=\"list-style-type:disc;\">\n<li>Energia 680 KJ \/ 163 Kcal<\/li>\n<li>Gorduras 9,6g<\/li>\n<li>dos quais saturados 3,4g<\/li>\n<li>Hidratos de carbono 1,1g<\/li>\n<li>dos quais a\u00e7\u00facar &lt;0,5g<\/li>\n<li>Prote\u00edna 18g<\/li>\n<li>Sal 2,7g<\/li>\n<\/ul>\n<p><strong>Pa\u00eds de origem<\/strong>: UE<\/p>\n","protected":false},"excerpt":{"rendered":"<ul style=\"list-style-type:disc;\">\n<li>Peso l\u00edquido +\/- 2.5kg<\/li>\n<li>Ombro de porco sem osso<\/li>\n<li>Fonte de prote\u00edna<\/li>\n<\/ul>\n","protected":false},"author":43533,"featured_media":234740,"comment_status":"open","ping_status":"closed","template":"","meta":[],"pwb-brand":[],"product_brand":[],"product_cat":[8289,8291,8337,8671],"product_tag":[],"class_list":{"0":"post-217020","1":"product","2":"type-product","3":"status-publish","4":"has-post-thumbnail","6":"product_cat-inicio","7":"product_cat-produtos-portugueses","8":"product_cat-charcutaria","9":"product_cat-fumado","11":"first","12":"instock","13":"taxable","14":"shipping-taxable","15":"purchasable","16":"product-type-simple"},"aioseo_notices":[],"brands":[],"_links":{"self":[{"href":"https:\/\/www.delicias-uk.com\/pt-pt\/wp-json\/wp\/v2\/product\/217020","targetHints":{"allow":["GET"]}}],"collection":[{"href":"https:\/\/www.delicias-uk.com\/pt-pt\/wp-json\/wp\/v2\/product"}],"about":[{"href":"https:\/\/www.delicias-uk.com\/pt-pt\/wp-json\/wp\/v2\/types\/product"}],"author":[{"embeddable":true,"href":"https:\/\/www.delicias-uk.com\/pt-pt\/wp-json\/wp\/v2\/users\/43533"}],"replies":[{"embeddable":true,"href":"https:\/\/www.delicias-uk.com\/pt-pt\/wp-json\/wp\/v2\/comments?post=217020"}],"wp:featuredmedia":[{"embeddable":true,"href":"https:\/\/www.delicias-uk.com\/pt-pt\/wp-json\/wp\/v2\/media\/234740"}],"wp:attachment":[{"href":"https:\/\/www.delicias-uk.com\/pt-pt\/wp-json\/wp\/v2\/media?parent=217020"}],"wp:term":[{"taxonomy":"pwb-brand","embeddable":true,"href":"https:\/\/www.delicias-uk.com\/pt-pt\/wp-json\/wp\/v2\/pwb-brand?post=217020"},{"taxonomy":"product_brand","embeddable":true,"href":"https:\/\/www.delicias-uk.com\/pt-pt\/wp-json\/wp\/v2\/product_brand?post=217020"},{"taxonomy":"product_cat","embeddable":true,"href":"https:\/\/www.delicias-uk.com\/pt-pt\/wp-json\/wp\/v2\/product_cat?post=217020"},{"taxonomy":"product_tag","embeddable":true,"href":"https:\/\/www.delicias-uk.com\/pt-pt\/wp-json\/wp\/v2\/product_tag?post=217020"}],"curies":[{"name":"wp","href":"https:\/\/api.w.org\/{rel}","templated":true}]}}