{"id":217018,"date":"2024-01-26T11:02:53","date_gmt":"2024-01-26T11:02:53","guid":{"rendered":"https:\/\/www.delicias-uk.com\/product\/alheira-silvestre-vegetariana-topiteu-180g\/"},"modified":"2026-02-11T12:47:20","modified_gmt":"2026-02-11T12:47:20","slug":"alheira-silvestre-vegetariana-topiteu-180g","status":"publish","type":"product","link":"https:\/\/www.delicias-uk.com\/pt-pt\/produto\/alheira-silvestre-vegetariana-topiteu-180g\/","title":{"rendered":"Alheira Silvestre Vegetariana Topiteu 180g"},"content":{"rendered":"<p>Este \u00e9 um enchido inovador, desenvolvido para quem quer saborear enchidos mas retirou prote\u00ednas e gorduras animais da sua alimenta\u00e7\u00e3o. A sua cor deve-se aos cogumelos (Pleurotos e Agaricus) e \u00e0 base de espargos verdes.<\/p>\n<p><strong>Ingredientes<\/strong>: Cogumelos (45%), p\u00e3o de trigo (farinha de TRIGO, \u00e1gua, sal, levedura) (31%), xarope de cozinha (11%), espargos verdes (6%), azeite virgem extra (5%), especiarias ( 1%), sal (1%).<\/p>\n<p><strong>Alerg\u00e9nios<\/strong>: cont\u00e9m <strong>GL\u00daTEN<\/strong> e <strong>SOJA<\/strong>.<\/p>\n<p><strong>Informa\u00e7\u00e3o nutricional por 100g:<\/strong><\/p>\n<ul style=\"list-style-type:disc\">\n<li>Energia 582 Kj \/ 140 Kcal<\/li>\n<li>Gordura 7,7g<\/li>\n<li>dos quais saturados 1,2g<\/li>\n<li>Hidratos de carbono 15g<\/li>\n<li>dos quais a\u00e7\u00facares &lt;0,1g<\/li>\n<li>Fibra 1,9g<\/li>\n<li>Prote\u00edna 3,6g<\/li>\n<li>Sal 1,3g<\/li>\n<\/ul>\n<p><strong>Pa\u00eds de origem<\/strong>: UE<\/p>\n","protected":false},"excerpt":{"rendered":"<ul style=\"list-style-type:disc\">\n<li>Peso l\u00edquido 180g<\/li>\n<li>Alheira vegetariana<\/li>\n<li>\u00c0 base de cogumelos<\/li>\n<\/ul>\n","protected":false},"author":43533,"featured_media":95088,"comment_status":"open","ping_status":"closed","template":"","meta":[],"pwb-brand":[],"product_brand":[],"product_cat":[8289,8291,8337,8659],"product_tag":[],"class_list":{"0":"post-217018","1":"product","2":"type-product","3":"status-publish","4":"has-post-thumbnail","6":"product_cat-inicio","7":"product_cat-produtos-portugueses","8":"product_cat-charcutaria","9":"product_cat-alheira-farinheira-morcela","11":"first","12":"outofstock","13":"taxable","14":"shipping-taxable","15":"purchasable","16":"product-type-simple"},"aioseo_notices":[],"brands":[],"_links":{"self":[{"href":"https:\/\/www.delicias-uk.com\/pt-pt\/wp-json\/wp\/v2\/product\/217018","targetHints":{"allow":["GET"]}}],"collection":[{"href":"https:\/\/www.delicias-uk.com\/pt-pt\/wp-json\/wp\/v2\/product"}],"about":[{"href":"https:\/\/www.delicias-uk.com\/pt-pt\/wp-json\/wp\/v2\/types\/product"}],"author":[{"embeddable":true,"href":"https:\/\/www.delicias-uk.com\/pt-pt\/wp-json\/wp\/v2\/users\/43533"}],"replies":[{"embeddable":true,"href":"https:\/\/www.delicias-uk.com\/pt-pt\/wp-json\/wp\/v2\/comments?post=217018"}],"wp:featuredmedia":[{"embeddable":true,"href":"https:\/\/www.delicias-uk.com\/pt-pt\/wp-json\/wp\/v2\/media\/95088"}],"wp:attachment":[{"href":"https:\/\/www.delicias-uk.com\/pt-pt\/wp-json\/wp\/v2\/media?parent=217018"}],"wp:term":[{"taxonomy":"pwb-brand","embeddable":true,"href":"https:\/\/www.delicias-uk.com\/pt-pt\/wp-json\/wp\/v2\/pwb-brand?post=217018"},{"taxonomy":"product_brand","embeddable":true,"href":"https:\/\/www.delicias-uk.com\/pt-pt\/wp-json\/wp\/v2\/product_brand?post=217018"},{"taxonomy":"product_cat","embeddable":true,"href":"https:\/\/www.delicias-uk.com\/pt-pt\/wp-json\/wp\/v2\/product_cat?post=217018"},{"taxonomy":"product_tag","embeddable":true,"href":"https:\/\/www.delicias-uk.com\/pt-pt\/wp-json\/wp\/v2\/product_tag?post=217018"}],"curies":[{"name":"wp","href":"https:\/\/api.w.org\/{rel}","templated":true}]}}