{"id":217012,"date":"2024-01-23T11:41:21","date_gmt":"2024-01-23T11:41:21","guid":{"rendered":"https:\/\/www.delicias-uk.com\/product\/rebucados-chocolate-penha-100g\/"},"modified":"2025-02-06T17:21:01","modified_gmt":"2025-02-06T17:21:01","slug":"rebucados-chocolate-penha-100g","status":"publish","type":"product","link":"https:\/\/www.delicias-uk.com\/pt-pt\/produto\/rebucados-chocolate-penha-100g\/","title":{"rendered":"Rebu\u00e7ados Chocolate Penha 100g"},"content":{"rendered":"<p>A reconhecida marca Penha cresceu e conta agora com os Doces Penha com Recheio de Chocolate. Irresist\u00edveis, derretem na boca, envolvendo os sentidos. Toda a qualidade Penha agora em deliciosos doces para verdadeiros apreciadores e amantes de chocolate.<\/p>\n<p><strong>Ingredientes<\/strong>: Xarope de Glicose, A\u00e7\u00facar, Chocolate 14% (A\u00e7\u00facar, Pasta de Cacau, Manteiga de Cacau, Lecitina de Soja, Aroma Baunilha). \u00c1gua, Creme 7%, Manteiga 5%, Soro de Leite em P\u00f3, Emulsionantes, Aromas Artificiais.<\/p>\n<p><strong>Alerg\u00e9nios<\/strong>: Cont\u00e9m <strong>LACTOSE<\/strong> e <strong>SOJA<\/strong>. Pode conter vest\u00edgios de nozes, amendoins e sementes de s\u00e9samo.<\/p>\n<p><strong>Informa\u00e7\u00e3o nutricional por 100g:<\/strong><\/p>\n<ul style=\"list-style-type:disc;\">\n<li>Energia 1834 Kj \/ 438 kcal<\/li>\n<li>Gorduras 10,6g<\/li>\n<li>dos quais saturados 4g<\/li>\n<li>Hidratos de carbono 83,4g<\/li>\n<li>dos quais a\u00e7\u00facares 67,2g<\/li>\n<li>Prote\u00ednas 2g<\/li>\n<li>Fibra 0g<\/li>\n<li>Sal 0,71g<\/li>\n<\/ul>\n<p><strong>Pa\u00eds de origem<\/strong>: Portugal.<\/p>\n<p><em>Devido a poss\u00edveis altera\u00e7\u00f5es nas embalagens e\/ou r\u00f3tulos, deve sempre considerar a informa\u00e7\u00e3o que acompanha o produto que recebe.<\/em><\/p>\n","protected":false},"excerpt":{"rendered":"<ul style=\"list-style-type:disc;\">\n<li>Peso l\u00edquido 100g<\/li>\n<li>Cremoso por dentro<\/li>\n<li>Irresistivelmente saboroso<\/li>\n<\/ul>\n","protected":false},"author":43533,"featured_media":95071,"comment_status":"open","ping_status":"closed","template":"","meta":[],"pwb-brand":[],"product_brand":[],"product_cat":[8289,8291,8365,8531],"product_tag":[],"class_list":{"0":"post-217012","1":"product","2":"type-product","3":"status-publish","4":"has-post-thumbnail","6":"product_cat-inicio","7":"product_cat-produtos-portugueses","8":"product_cat-confeitaria","9":"product_cat-chiclet-s-drops-pt-pt","11":"first","12":"instock","13":"taxable","14":"shipping-taxable","15":"purchasable","16":"product-type-simple"},"aioseo_notices":[],"brands":[],"_links":{"self":[{"href":"https:\/\/www.delicias-uk.com\/pt-pt\/wp-json\/wp\/v2\/product\/217012","targetHints":{"allow":["GET"]}}],"collection":[{"href":"https:\/\/www.delicias-uk.com\/pt-pt\/wp-json\/wp\/v2\/product"}],"about":[{"href":"https:\/\/www.delicias-uk.com\/pt-pt\/wp-json\/wp\/v2\/types\/product"}],"author":[{"embeddable":true,"href":"https:\/\/www.delicias-uk.com\/pt-pt\/wp-json\/wp\/v2\/users\/43533"}],"replies":[{"embeddable":true,"href":"https:\/\/www.delicias-uk.com\/pt-pt\/wp-json\/wp\/v2\/comments?post=217012"}],"wp:featuredmedia":[{"embeddable":true,"href":"https:\/\/www.delicias-uk.com\/pt-pt\/wp-json\/wp\/v2\/media\/95071"}],"wp:attachment":[{"href":"https:\/\/www.delicias-uk.com\/pt-pt\/wp-json\/wp\/v2\/media?parent=217012"}],"wp:term":[{"taxonomy":"pwb-brand","embeddable":true,"href":"https:\/\/www.delicias-uk.com\/pt-pt\/wp-json\/wp\/v2\/pwb-brand?post=217012"},{"taxonomy":"product_brand","embeddable":true,"href":"https:\/\/www.delicias-uk.com\/pt-pt\/wp-json\/wp\/v2\/product_brand?post=217012"},{"taxonomy":"product_cat","embeddable":true,"href":"https:\/\/www.delicias-uk.com\/pt-pt\/wp-json\/wp\/v2\/product_cat?post=217012"},{"taxonomy":"product_tag","embeddable":true,"href":"https:\/\/www.delicias-uk.com\/pt-pt\/wp-json\/wp\/v2\/product_tag?post=217012"}],"curies":[{"name":"wp","href":"https:\/\/api.w.org\/{rel}","templated":true}]}}