{"id":216904,"date":"2024-01-11T16:15:13","date_gmt":"2024-01-11T16:15:13","guid":{"rendered":"https:\/\/www.delicias-uk.com\/product\/geleia-premium-framboesa-predilecta-320g-vidro\/"},"modified":"2025-02-06T17:23:03","modified_gmt":"2025-02-06T17:23:03","slug":"geleia-premium-framboesa-predilecta-320g-vidro","status":"publish","type":"product","link":"https:\/\/www.delicias-uk.com\/pt-pt\/produto\/geleia-premium-framboesa-predilecta-320g-vidro\/","title":{"rendered":"Gel\u00e9ia de Framboesa Premium Predilecta Frasco 320g"},"content":{"rendered":"<p>As geleias Predilecta possuem um sabor incompar\u00e1vel, mas disso voc\u00eas j\u00e1 sabem. Mas voc\u00ea conhece nossa linha premium? Na vers\u00e3o Premium, temos uma receita gourmet mais elaborada com aproximadamente 50% da fruta. Al\u00e9m da geleia ser feita com a polpa da fruta, tamb\u00e9m possui peda\u00e7os dela em sua composi\u00e7\u00e3o. Isso a deixa com um sabor \u00fanico, uma textura especial e um frescor inigual\u00e1vel. A linha premium de geleias Predilecta conta com os sabores de amora, framboesa, p\u00eassego goiaba e morango. Todos perfeitos para deixar o seu caf\u00e9 da manh\u00e3 ou aquele lanchinho da tarde ainda mais gostosos!<\/p>\n","protected":false},"excerpt":{"rendered":"<ul style=\"list-style-type:disc;\">\n<li>Gel\u00e9ia sabor framboesa<\/li>\n<li>Peso l\u00edquido 320g<\/li>\n<li>Produto Brasileiro<\/li>\n<\/ul>\n","protected":false},"author":43533,"featured_media":225973,"comment_status":"open","ping_status":"closed","template":"","meta":[],"pwb-brand":[],"product_brand":[],"product_cat":[8289,8293,8401,8599],"product_tag":[],"class_list":{"0":"post-216904","1":"product","2":"type-product","3":"status-publish","4":"has-post-thumbnail","6":"product_cat-inicio","7":"product_cat-produtos-brasileiros","8":"product_cat-mercearia-pt-pt","9":"product_cat-geleias","11":"first","12":"instock","13":"taxable","14":"shipping-taxable","15":"purchasable","16":"product-type-simple"},"aioseo_notices":[],"brands":[],"_links":{"self":[{"href":"https:\/\/www.delicias-uk.com\/pt-pt\/wp-json\/wp\/v2\/product\/216904","targetHints":{"allow":["GET"]}}],"collection":[{"href":"https:\/\/www.delicias-uk.com\/pt-pt\/wp-json\/wp\/v2\/product"}],"about":[{"href":"https:\/\/www.delicias-uk.com\/pt-pt\/wp-json\/wp\/v2\/types\/product"}],"author":[{"embeddable":true,"href":"https:\/\/www.delicias-uk.com\/pt-pt\/wp-json\/wp\/v2\/users\/43533"}],"replies":[{"embeddable":true,"href":"https:\/\/www.delicias-uk.com\/pt-pt\/wp-json\/wp\/v2\/comments?post=216904"}],"wp:featuredmedia":[{"embeddable":true,"href":"https:\/\/www.delicias-uk.com\/pt-pt\/wp-json\/wp\/v2\/media\/225973"}],"wp:attachment":[{"href":"https:\/\/www.delicias-uk.com\/pt-pt\/wp-json\/wp\/v2\/media?parent=216904"}],"wp:term":[{"taxonomy":"pwb-brand","embeddable":true,"href":"https:\/\/www.delicias-uk.com\/pt-pt\/wp-json\/wp\/v2\/pwb-brand?post=216904"},{"taxonomy":"product_brand","embeddable":true,"href":"https:\/\/www.delicias-uk.com\/pt-pt\/wp-json\/wp\/v2\/product_brand?post=216904"},{"taxonomy":"product_cat","embeddable":true,"href":"https:\/\/www.delicias-uk.com\/pt-pt\/wp-json\/wp\/v2\/product_cat?post=216904"},{"taxonomy":"product_tag","embeddable":true,"href":"https:\/\/www.delicias-uk.com\/pt-pt\/wp-json\/wp\/v2\/product_tag?post=216904"}],"curies":[{"name":"wp","href":"https:\/\/api.w.org\/{rel}","templated":true}]}}