{"id":216874,"date":"2024-01-10T11:33:06","date_gmt":"2024-01-10T11:33:06","guid":{"rendered":"https:\/\/www.delicias-uk.com\/product\/linguica-bisaro-montesinho-150g\/"},"modified":"2026-01-25T13:45:36","modified_gmt":"2026-01-25T13:45:36","slug":"linguica-bisaro-montesinho-150g","status":"publish","type":"product","link":"https:\/\/www.delicias-uk.com\/pt-pt\/produto\/linguica-bisaro-montesinho-150g\/","title":{"rendered":"Lingui\u00e7a B\u00edsaro Montesinho 150g"},"content":{"rendered":"<p>\u00c9 produzido usando uma ra\u00e7a com caracter\u00edsticas \u00fanicas (cria\u00e7\u00e3o extensiva e alimentos selecionados), resultando em uma carne de alta qualidade. Curado por 6 meses e feito a partir do sabor de uma \u00fanica pe\u00e7a. Um processo de tratamento cuidadoso que garante um sabor atemporal. Alimento 100% natural!<\/p>\n<p><strong>Ingredientes<\/strong>: Carne de porco (94%), p\u00e1prica, sal, a\u00e7\u00facares (xarope de glicose, dextrose, a\u00e7\u00facar), dextrina, prote\u00edna animal (carne de porco), emulsificantes (E-450 e E-451), antioxidante E-301, alho, conservantes (E-250 e E-252)<\/p>\n<p><strong>Al\u00e9rgenos<\/strong>: nenhum.<\/p>\n<p><strong>Informa\u00e7\u00e3o nutricional por 100g:<\/strong><\/p>\n<ul style=\"list-style-type:disc;\">\n<li>Energia 1541 KJ \/ 372 Kcal<\/li>\n<li>Gordura 32,30<\/li>\n<li>dos quais saturados 11,96g<\/li>\n<li>Carboidratos 1,0g<\/li>\n<li>dos quais a\u00e7\u00facares &lt;0,5g<\/li>\n<li>Prote\u00edna 19,33g<\/li>\n<li>Sal 2,97g<\/li>\n<\/ul>\n<p><strong>Pa\u00eds de origem<\/strong>: Portugal<\/p>\n","protected":false},"excerpt":{"rendered":"<ul style=\"list-style-type:disc;\">\n<li>Peso l\u00edquido 150g<\/li>\n<li>Temperado com pimenta<\/li>\n<li>Feito de porco B\u00edsaro<\/li>\n<\/ul>\n","protected":false},"author":43533,"featured_media":94785,"comment_status":"open","ping_status":"closed","template":"","meta":[],"pwb-brand":[],"product_brand":[],"product_cat":[8289,8291,8337,8663],"product_tag":[],"class_list":{"0":"post-216874","1":"product","2":"type-product","3":"status-publish","4":"has-post-thumbnail","6":"product_cat-inicio","7":"product_cat-produtos-portugueses","8":"product_cat-charcutaria","9":"product_cat-chourico-e-salsicha","11":"first","12":"instock","13":"taxable","14":"shipping-taxable","15":"purchasable","16":"product-type-simple"},"aioseo_notices":[],"brands":[],"_links":{"self":[{"href":"https:\/\/www.delicias-uk.com\/pt-pt\/wp-json\/wp\/v2\/product\/216874","targetHints":{"allow":["GET"]}}],"collection":[{"href":"https:\/\/www.delicias-uk.com\/pt-pt\/wp-json\/wp\/v2\/product"}],"about":[{"href":"https:\/\/www.delicias-uk.com\/pt-pt\/wp-json\/wp\/v2\/types\/product"}],"author":[{"embeddable":true,"href":"https:\/\/www.delicias-uk.com\/pt-pt\/wp-json\/wp\/v2\/users\/43533"}],"replies":[{"embeddable":true,"href":"https:\/\/www.delicias-uk.com\/pt-pt\/wp-json\/wp\/v2\/comments?post=216874"}],"wp:featuredmedia":[{"embeddable":true,"href":"https:\/\/www.delicias-uk.com\/pt-pt\/wp-json\/wp\/v2\/media\/94785"}],"wp:attachment":[{"href":"https:\/\/www.delicias-uk.com\/pt-pt\/wp-json\/wp\/v2\/media?parent=216874"}],"wp:term":[{"taxonomy":"pwb-brand","embeddable":true,"href":"https:\/\/www.delicias-uk.com\/pt-pt\/wp-json\/wp\/v2\/pwb-brand?post=216874"},{"taxonomy":"product_brand","embeddable":true,"href":"https:\/\/www.delicias-uk.com\/pt-pt\/wp-json\/wp\/v2\/product_brand?post=216874"},{"taxonomy":"product_cat","embeddable":true,"href":"https:\/\/www.delicias-uk.com\/pt-pt\/wp-json\/wp\/v2\/product_cat?post=216874"},{"taxonomy":"product_tag","embeddable":true,"href":"https:\/\/www.delicias-uk.com\/pt-pt\/wp-json\/wp\/v2\/product_tag?post=216874"}],"curies":[{"name":"wp","href":"https:\/\/api.w.org\/{rel}","templated":true}]}}