{"id":216868,"date":"2024-01-10T10:43:28","date_gmt":"2024-01-10T10:43:28","guid":{"rendered":"https:\/\/www.delicias-uk.com\/product\/fiambre-peito-de-peru-porminho-fatiado-200g\/"},"modified":"2026-03-28T15:21:00","modified_gmt":"2026-03-28T15:21:00","slug":"fiambre-peito-de-peru-porminho-fatiado-200g","status":"publish","type":"product","link":"https:\/\/www.delicias-uk.com\/pt-pt\/produto\/fiambre-peito-de-peru-porminho-fatiado-200g\/","title":{"rendered":"Fiambre Peito de Peru Porminho Fatiado 200g"},"content":{"rendered":"<p>O peito de peru \u00e9 uma carne branca magra e saud\u00e1vel, muito popular em muitas cozinhas do mundo. \u00c9 um corte de carne retirado do peito de peru, que \u00e9 uma das partes mais magras e menos gordas do animal. Produto que pode ser consumido sem prepara\u00e7\u00e3o culin\u00e1ria, cortado em fatias finas.<\/p>\n<p><strong>Ingredientes<\/strong>: Peito de peru (52%), \u00e1gua, f\u00e9cula de batata, sal, dextrose, estabilizantes (E420, E451, E450), xarope de glicose, aromas, antioxidantes (E331, E301), gelificantes (E407, E415), conservantes (E243). , E250) e extrato de especiarias<\/p>\n<p><strong>Alerg\u00e9nios<\/strong>: nenhum<\/p>\n<p><strong>Informa\u00e7\u00e3o nutricional por 100g:<\/strong><\/p>\n<ul style=\"list-style-type:disc\">\n<li>Energia 326 kJ\/ 77 kcal<\/li>\n<li>L\u00edpidos 1,0 g<\/li>\n<li>dos quais Saturado 0,4 g<\/li>\n<li>Hidratos de carbono 6,0 g<\/li>\n<li>dos quais a\u00e7\u00facares 2,0 g<\/li>\n<li>Prote\u00ednas 11g<\/li>\n<li>Sal 1,9g<\/li>\n<\/ul>\n<p><strong>Pa\u00eds de origem<\/strong>: Portugal.<\/p>\n","protected":false},"excerpt":{"rendered":"<ul style=\"list-style-type:disc\">\n<li>Peso l\u00edquido 200g<\/li>\n<li>Fonte de prote\u00edna<\/li>\n<li>Pode ser consumido \u00e0s fatias ou como recheio de sua sandes!<\/li>\n<\/ul>\n","protected":false},"author":43533,"featured_media":94766,"comment_status":"open","ping_status":"closed","template":"","meta":[],"pwb-brand":[],"product_brand":[],"product_cat":[8289,8291,8337,8667],"product_tag":[],"class_list":{"0":"post-216868","1":"product","2":"type-product","3":"status-publish","4":"has-post-thumbnail","6":"product_cat-inicio","7":"product_cat-produtos-portugueses","8":"product_cat-charcutaria","9":"product_cat-fiambre-mortadela","11":"first","12":"instock","13":"taxable","14":"shipping-taxable","15":"purchasable","16":"product-type-simple"},"aioseo_notices":[],"brands":[],"_links":{"self":[{"href":"https:\/\/www.delicias-uk.com\/pt-pt\/wp-json\/wp\/v2\/product\/216868","targetHints":{"allow":["GET"]}}],"collection":[{"href":"https:\/\/www.delicias-uk.com\/pt-pt\/wp-json\/wp\/v2\/product"}],"about":[{"href":"https:\/\/www.delicias-uk.com\/pt-pt\/wp-json\/wp\/v2\/types\/product"}],"author":[{"embeddable":true,"href":"https:\/\/www.delicias-uk.com\/pt-pt\/wp-json\/wp\/v2\/users\/43533"}],"replies":[{"embeddable":true,"href":"https:\/\/www.delicias-uk.com\/pt-pt\/wp-json\/wp\/v2\/comments?post=216868"}],"wp:featuredmedia":[{"embeddable":true,"href":"https:\/\/www.delicias-uk.com\/pt-pt\/wp-json\/wp\/v2\/media\/94766"}],"wp:attachment":[{"href":"https:\/\/www.delicias-uk.com\/pt-pt\/wp-json\/wp\/v2\/media?parent=216868"}],"wp:term":[{"taxonomy":"pwb-brand","embeddable":true,"href":"https:\/\/www.delicias-uk.com\/pt-pt\/wp-json\/wp\/v2\/pwb-brand?post=216868"},{"taxonomy":"product_brand","embeddable":true,"href":"https:\/\/www.delicias-uk.com\/pt-pt\/wp-json\/wp\/v2\/product_brand?post=216868"},{"taxonomy":"product_cat","embeddable":true,"href":"https:\/\/www.delicias-uk.com\/pt-pt\/wp-json\/wp\/v2\/product_cat?post=216868"},{"taxonomy":"product_tag","embeddable":true,"href":"https:\/\/www.delicias-uk.com\/pt-pt\/wp-json\/wp\/v2\/product_tag?post=216868"}],"curies":[{"name":"wp","href":"https:\/\/api.w.org\/{rel}","templated":true}]}}