{"id":216864,"date":"2024-01-09T16:05:57","date_gmt":"2024-01-09T16:05:57","guid":{"rendered":"https:\/\/www.delicias-uk.com\/product\/fusao-de-frutos-secos-ferbar-200g\/"},"modified":"2025-02-06T17:17:05","modified_gmt":"2025-02-06T17:17:05","slug":"fusao-de-frutos-secos-ferbar-200g","status":"publish","type":"product","link":"https:\/\/www.delicias-uk.com\/pt-pt\/produto\/fusao-de-frutos-secos-ferbar-200g\/","title":{"rendered":"Frutos Secos Sortidos Ferbar 200g"},"content":{"rendered":"<p>Os frutos secos e desidratados da Ferbar s\u00e3o produtos selecionados nas melhores origens, que garantem uma qualidade sublime e sabor de excel\u00eancia. Sendo posteriormente embalados de forma a manter a sua qualidade inalterada. A embalagem doypack permite ainda uma maior conserva\u00e7\u00e3o devido ao seu fecho reutiliz\u00e1vel. Agora vai poder levar os frutos secos e desidratados Ferbar para todo o lado. Fica dif\u00edcil resistir a esta tenta\u00e7\u00e3o!<\/p>\n","protected":false},"excerpt":{"rendered":"<ul style=\"list-style-type:disc;\">\n<li>Peso l\u00edquido de 200g<\/li>\n<li>Fonte natural de fibra<\/li>\n<li>Sem gl\u00faten<\/li>\n<\/ul>\n","protected":false},"author":43533,"featured_media":94757,"comment_status":"open","ping_status":"closed","template":"","meta":[],"pwb-brand":[],"product_brand":[],"product_cat":[9314,9315,8289,8291],"product_tag":[],"class_list":{"0":"post-216864","1":"product","2":"type-product","3":"status-publish","4":"has-post-thumbnail","6":"product_cat-chocolate-pt-pt-2","7":"product_cat-frutos-secos-e-nozes","8":"product_cat-inicio","9":"product_cat-produtos-portugueses","11":"first","12":"outofstock","13":"taxable","14":"shipping-taxable","15":"purchasable","16":"product-type-simple"},"aioseo_notices":[],"brands":[],"_links":{"self":[{"href":"https:\/\/www.delicias-uk.com\/pt-pt\/wp-json\/wp\/v2\/product\/216864","targetHints":{"allow":["GET"]}}],"collection":[{"href":"https:\/\/www.delicias-uk.com\/pt-pt\/wp-json\/wp\/v2\/product"}],"about":[{"href":"https:\/\/www.delicias-uk.com\/pt-pt\/wp-json\/wp\/v2\/types\/product"}],"author":[{"embeddable":true,"href":"https:\/\/www.delicias-uk.com\/pt-pt\/wp-json\/wp\/v2\/users\/43533"}],"replies":[{"embeddable":true,"href":"https:\/\/www.delicias-uk.com\/pt-pt\/wp-json\/wp\/v2\/comments?post=216864"}],"wp:featuredmedia":[{"embeddable":true,"href":"https:\/\/www.delicias-uk.com\/pt-pt\/wp-json\/wp\/v2\/media\/94757"}],"wp:attachment":[{"href":"https:\/\/www.delicias-uk.com\/pt-pt\/wp-json\/wp\/v2\/media?parent=216864"}],"wp:term":[{"taxonomy":"pwb-brand","embeddable":true,"href":"https:\/\/www.delicias-uk.com\/pt-pt\/wp-json\/wp\/v2\/pwb-brand?post=216864"},{"taxonomy":"product_brand","embeddable":true,"href":"https:\/\/www.delicias-uk.com\/pt-pt\/wp-json\/wp\/v2\/product_brand?post=216864"},{"taxonomy":"product_cat","embeddable":true,"href":"https:\/\/www.delicias-uk.com\/pt-pt\/wp-json\/wp\/v2\/product_cat?post=216864"},{"taxonomy":"product_tag","embeddable":true,"href":"https:\/\/www.delicias-uk.com\/pt-pt\/wp-json\/wp\/v2\/product_tag?post=216864"}],"curies":[{"name":"wp","href":"https:\/\/api.w.org\/{rel}","templated":true}]}}