{"id":216848,"date":"2024-01-09T11:01:08","date_gmt":"2024-01-09T11:01:08","guid":{"rendered":"https:\/\/www.delicias-uk.com\/product\/bolinhas-de-alheira-de-caca-congelada-montesinho-200g\/"},"modified":"2026-04-09T11:59:36","modified_gmt":"2026-04-09T10:59:36","slug":"bolinhas-de-alheira-de-caca-congelada-montesinho-200g","status":"publish","type":"product","link":"https:\/\/www.delicias-uk.com\/pt-pt\/produto\/bolinhas-de-alheira-de-caca-congelada-montesinho-200g\/","title":{"rendered":"Bolinhas de Alheira de Ca\u00e7a Congelada Montesinho 200g"},"content":{"rendered":"<p>As bolinhas de alheira s\u00e3o um toque moderno da tradicional salsicha de alheira portuguesa, oferecendo uma saborosa e pequena del\u00edcia. Feitos moldando a alheira &#8211; uma saborosa salsicha tipicamente feita de aves, p\u00e3o e especiarias &#8211; em pequenas bolas fritas e douradas, combinam um exterior crocante com um recheio macio e suculento. Cada dentada explode com os sabores fumados e de alho da salsicha, equilibrados pela ligeira croc\u00e2ncia da cobertura frita. Perfeitos como aperitivos ou tapas, os petiscos de alheira agradam a todos, trazendo o rico sabor da gastronomia portuguesa a qualquer ocasi\u00e3o.<\/p>\n<p><em>Produto congelado. Ser\u00e1 descongelado durante o processo de transporte. Condicionado com materiais termicos (caixa ou bolsa) e gelo.<\/em><\/p>\n","protected":false},"excerpt":{"rendered":"<ul style=\"list-style-type:disc;\">\n<li>Cont\u00e9m 8 unidades totalizando 200g<\/li>\n<li>Pronto em 20 minutos<\/li>\n<li>Produto congelado<\/li>\n<\/ul>\n","protected":false},"author":43533,"featured_media":94725,"comment_status":"open","ping_status":"closed","template":"","meta":[],"pwb-brand":[],"product_brand":[],"product_cat":[9324,8413],"product_tag":[],"class_list":{"0":"post-216848","1":"product","2":"type-product","3":"status-publish","4":"has-post-thumbnail","6":"product_cat-para-petiscar","7":"product_cat-salgado-congelado","9":"first","10":"instock","11":"taxable","12":"shipping-taxable","13":"purchasable","14":"product-type-simple"},"aioseo_notices":[],"brands":[],"_links":{"self":[{"href":"https:\/\/www.delicias-uk.com\/pt-pt\/wp-json\/wp\/v2\/product\/216848","targetHints":{"allow":["GET"]}}],"collection":[{"href":"https:\/\/www.delicias-uk.com\/pt-pt\/wp-json\/wp\/v2\/product"}],"about":[{"href":"https:\/\/www.delicias-uk.com\/pt-pt\/wp-json\/wp\/v2\/types\/product"}],"author":[{"embeddable":true,"href":"https:\/\/www.delicias-uk.com\/pt-pt\/wp-json\/wp\/v2\/users\/43533"}],"replies":[{"embeddable":true,"href":"https:\/\/www.delicias-uk.com\/pt-pt\/wp-json\/wp\/v2\/comments?post=216848"}],"wp:featuredmedia":[{"embeddable":true,"href":"https:\/\/www.delicias-uk.com\/pt-pt\/wp-json\/wp\/v2\/media\/94725"}],"wp:attachment":[{"href":"https:\/\/www.delicias-uk.com\/pt-pt\/wp-json\/wp\/v2\/media?parent=216848"}],"wp:term":[{"taxonomy":"pwb-brand","embeddable":true,"href":"https:\/\/www.delicias-uk.com\/pt-pt\/wp-json\/wp\/v2\/pwb-brand?post=216848"},{"taxonomy":"product_brand","embeddable":true,"href":"https:\/\/www.delicias-uk.com\/pt-pt\/wp-json\/wp\/v2\/product_brand?post=216848"},{"taxonomy":"product_cat","embeddable":true,"href":"https:\/\/www.delicias-uk.com\/pt-pt\/wp-json\/wp\/v2\/product_cat?post=216848"},{"taxonomy":"product_tag","embeddable":true,"href":"https:\/\/www.delicias-uk.com\/pt-pt\/wp-json\/wp\/v2\/product_tag?post=216848"}],"curies":[{"name":"wp","href":"https:\/\/api.w.org\/{rel}","templated":true}]}}