{"id":216844,"date":"2024-01-09T10:39:37","date_gmt":"2024-01-09T10:39:37","guid":{"rendered":"https:\/\/www.delicias-uk.com\/product\/cafe-descafeinado-camelo-caixa-display-650g\/"},"modified":"2025-10-16T11:14:31","modified_gmt":"2025-10-16T10:14:31","slug":"cafe-descafeinado-camelo-caixa-display-650g","status":"publish","type":"product","link":"https:\/\/www.delicias-uk.com\/pt-pt\/produto\/cafe-descafeinado-camelo-caixa-display-650g\/","title":{"rendered":"Caf\u00e9 Camelo Descafe\u00ednado Caixa Display 6.5g x 100"},"content":{"rendered":"<p>Todo o sabor e aroma do bom caf\u00e9 Camelo, obtido a partir de gr\u00e3os de caf\u00e9 verdes de excelente proveni\u00eancia, dos quais \u00e9 retirada a cafe\u00edna.<\/p>\n<p><strong>Ingredientes<\/strong>: caf\u00e9 mo\u00eddo torrado descafeinado.<\/p>\n<p><strong>Alerg\u00e9nios<\/strong>: nenhum.<\/p>\n","protected":false},"excerpt":{"rendered":"<ul style=\"list-style-type:disc;\">\n<li>Peso l\u00edquido 650g<\/li>\n<li>Cont\u00e9m 100 saquetas com 6,5g cada<\/li>\n<li>Serve aprox. 100 expressos<\/li>\n<\/ul>\n","protected":false},"author":43533,"featured_media":237454,"comment_status":"open","ping_status":"closed","template":"","meta":[],"pwb-brand":[],"product_brand":[],"product_cat":[8289,8291,8351,8453,8573,8499,8539,8363],"product_tag":[],"class_list":{"0":"post-216844","1":"product","2":"type-product","3":"status-publish","4":"has-post-thumbnail","6":"product_cat-inicio","7":"product_cat-produtos-portugueses","8":"product_cat-cafe-cha-acucar","9":"product_cat-cafe","10":"product_cat-sem-acucar","11":"product_cat-sem-glutem","12":"product_cat-sem-lactose","13":"product_cat-halal-pt-pt","15":"first","16":"instock","17":"taxable","18":"shipping-taxable","19":"purchasable","20":"product-type-simple"},"aioseo_notices":[],"brands":[],"_links":{"self":[{"href":"https:\/\/www.delicias-uk.com\/pt-pt\/wp-json\/wp\/v2\/product\/216844","targetHints":{"allow":["GET"]}}],"collection":[{"href":"https:\/\/www.delicias-uk.com\/pt-pt\/wp-json\/wp\/v2\/product"}],"about":[{"href":"https:\/\/www.delicias-uk.com\/pt-pt\/wp-json\/wp\/v2\/types\/product"}],"author":[{"embeddable":true,"href":"https:\/\/www.delicias-uk.com\/pt-pt\/wp-json\/wp\/v2\/users\/43533"}],"replies":[{"embeddable":true,"href":"https:\/\/www.delicias-uk.com\/pt-pt\/wp-json\/wp\/v2\/comments?post=216844"}],"wp:featuredmedia":[{"embeddable":true,"href":"https:\/\/www.delicias-uk.com\/pt-pt\/wp-json\/wp\/v2\/media\/237454"}],"wp:attachment":[{"href":"https:\/\/www.delicias-uk.com\/pt-pt\/wp-json\/wp\/v2\/media?parent=216844"}],"wp:term":[{"taxonomy":"pwb-brand","embeddable":true,"href":"https:\/\/www.delicias-uk.com\/pt-pt\/wp-json\/wp\/v2\/pwb-brand?post=216844"},{"taxonomy":"product_brand","embeddable":true,"href":"https:\/\/www.delicias-uk.com\/pt-pt\/wp-json\/wp\/v2\/product_brand?post=216844"},{"taxonomy":"product_cat","embeddable":true,"href":"https:\/\/www.delicias-uk.com\/pt-pt\/wp-json\/wp\/v2\/product_cat?post=216844"},{"taxonomy":"product_tag","embeddable":true,"href":"https:\/\/www.delicias-uk.com\/pt-pt\/wp-json\/wp\/v2\/product_tag?post=216844"}],"curies":[{"name":"wp","href":"https:\/\/api.w.org\/{rel}","templated":true}]}}