{"id":216840,"date":"2024-01-09T10:10:51","date_gmt":"2024-01-09T10:10:51","guid":{"rendered":"https:\/\/www.delicias-uk.com\/product\/sumo-brisa-gaseificado-de-maracuja-garrafa-pet-500ml\/"},"modified":"2024-01-09T10:10:51","modified_gmt":"2024-01-09T10:10:51","slug":"sumo-brisa-gaseificado-de-maracuja-garrafa-pet-500ml","status":"publish","type":"product","link":"https:\/\/www.delicias-uk.com\/pt-pt\/produto\/sumo-brisa-gaseificado-de-maracuja-garrafa-pet-500ml\/","title":{"rendered":"Brisa Maracuj\u00e1 Pet 500ml"},"content":{"rendered":"<p>O primeiro refrigerante no mundo \u00e0 base de sumo de maracuj\u00e1 puro. \u00c9 fabricado a partir de sumo de maracuj\u00e1 roxo (Passiflora edulis) e \u00e1gua tratada levemente carbonatada. As suas qualidades fazem-na uma bebida refrescante, agrad\u00e1vel e \u00f3ptima para matar a sede. \u00c9 excelente para misturar com vodka e gin.<\/p>\n","protected":false},"excerpt":{"rendered":"<ul style=\"list-style-type:disc;\">\n<li>Peso l\u00edquido 500ml<\/li>\n<li>Pronto para beber<\/li>\n<li>Acompanhamento perfeito com bolo do caco<\/li>\n<\/ul>\n","protected":false},"author":43533,"featured_media":94707,"comment_status":"open","ping_status":"closed","template":"","meta":[],"pwb-brand":[],"product_brand":[],"product_cat":[8289,8291,8423,8499,8539],"product_tag":[],"class_list":{"0":"post-216840","1":"product","2":"type-product","3":"status-publish","4":"has-post-thumbnail","6":"product_cat-inicio","7":"product_cat-produtos-portugueses","8":"product_cat-bebidas-pt-pt","9":"product_cat-sem-glutem","10":"product_cat-sem-lactose","12":"first","13":"instock","14":"taxable","15":"shipping-taxable","16":"purchasable","17":"product-type-simple"},"aioseo_notices":[],"brands":[],"_links":{"self":[{"href":"https:\/\/www.delicias-uk.com\/pt-pt\/wp-json\/wp\/v2\/product\/216840","targetHints":{"allow":["GET"]}}],"collection":[{"href":"https:\/\/www.delicias-uk.com\/pt-pt\/wp-json\/wp\/v2\/product"}],"about":[{"href":"https:\/\/www.delicias-uk.com\/pt-pt\/wp-json\/wp\/v2\/types\/product"}],"author":[{"embeddable":true,"href":"https:\/\/www.delicias-uk.com\/pt-pt\/wp-json\/wp\/v2\/users\/43533"}],"replies":[{"embeddable":true,"href":"https:\/\/www.delicias-uk.com\/pt-pt\/wp-json\/wp\/v2\/comments?post=216840"}],"wp:featuredmedia":[{"embeddable":true,"href":"https:\/\/www.delicias-uk.com\/pt-pt\/wp-json\/wp\/v2\/media\/94707"}],"wp:attachment":[{"href":"https:\/\/www.delicias-uk.com\/pt-pt\/wp-json\/wp\/v2\/media?parent=216840"}],"wp:term":[{"taxonomy":"pwb-brand","embeddable":true,"href":"https:\/\/www.delicias-uk.com\/pt-pt\/wp-json\/wp\/v2\/pwb-brand?post=216840"},{"taxonomy":"product_brand","embeddable":true,"href":"https:\/\/www.delicias-uk.com\/pt-pt\/wp-json\/wp\/v2\/product_brand?post=216840"},{"taxonomy":"product_cat","embeddable":true,"href":"https:\/\/www.delicias-uk.com\/pt-pt\/wp-json\/wp\/v2\/product_cat?post=216840"},{"taxonomy":"product_tag","embeddable":true,"href":"https:\/\/www.delicias-uk.com\/pt-pt\/wp-json\/wp\/v2\/product_tag?post=216840"}],"curies":[{"name":"wp","href":"https:\/\/api.w.org\/{rel}","templated":true}]}}