{"id":216832,"date":"2023-12-28T10:32:34","date_gmt":"2023-12-28T10:32:34","guid":{"rendered":"https:\/\/www.delicias-uk.com\/product\/queijo-coalho-ipanema-500g\/"},"modified":"2025-10-14T17:13:17","modified_gmt":"2025-10-14T16:13:17","slug":"queijo-coalho-ipanema-500g","status":"publish","type":"product","link":"https:\/\/www.delicias-uk.com\/pt-pt\/produto\/queijo-coalho-ipanema-500g\/","title":{"rendered":"Queijo Coalho Ipanema 500g"},"content":{"rendered":"<p>O grande diferencial do queijo de coalho \u00e9 sua produ\u00e7\u00e3o, que \u00e9 realizada por fermenta\u00e7\u00e3o e coagula\u00e7\u00e3o e que leva enzimas digestivas no processo. O resultado \u00e9 um queijo branco, levemente salgado, levemente \u00e1cido e muito saboroso, que pode ser assado ou frito sem derreter.<\/p>\n","protected":false},"excerpt":{"rendered":"<p>. Queijo Coalho<\/p>\n<p>. Marca Ipanema<\/p>\n","protected":false},"author":43533,"featured_media":94691,"comment_status":"open","ping_status":"closed","template":"","meta":[],"pwb-brand":[],"product_brand":[],"product_cat":[8289,8293,8393],"product_tag":[],"class_list":{"0":"post-216832","1":"product","2":"type-product","3":"status-publish","4":"has-post-thumbnail","6":"product_cat-inicio","7":"product_cat-produtos-brasileiros","8":"product_cat-queijo","10":"first","11":"outofstock","12":"taxable","13":"shipping-taxable","14":"purchasable","15":"product-type-simple"},"aioseo_notices":[],"brands":[],"_links":{"self":[{"href":"https:\/\/www.delicias-uk.com\/pt-pt\/wp-json\/wp\/v2\/product\/216832","targetHints":{"allow":["GET"]}}],"collection":[{"href":"https:\/\/www.delicias-uk.com\/pt-pt\/wp-json\/wp\/v2\/product"}],"about":[{"href":"https:\/\/www.delicias-uk.com\/pt-pt\/wp-json\/wp\/v2\/types\/product"}],"author":[{"embeddable":true,"href":"https:\/\/www.delicias-uk.com\/pt-pt\/wp-json\/wp\/v2\/users\/43533"}],"replies":[{"embeddable":true,"href":"https:\/\/www.delicias-uk.com\/pt-pt\/wp-json\/wp\/v2\/comments?post=216832"}],"wp:featuredmedia":[{"embeddable":true,"href":"https:\/\/www.delicias-uk.com\/pt-pt\/wp-json\/wp\/v2\/media\/94691"}],"wp:attachment":[{"href":"https:\/\/www.delicias-uk.com\/pt-pt\/wp-json\/wp\/v2\/media?parent=216832"}],"wp:term":[{"taxonomy":"pwb-brand","embeddable":true,"href":"https:\/\/www.delicias-uk.com\/pt-pt\/wp-json\/wp\/v2\/pwb-brand?post=216832"},{"taxonomy":"product_brand","embeddable":true,"href":"https:\/\/www.delicias-uk.com\/pt-pt\/wp-json\/wp\/v2\/product_brand?post=216832"},{"taxonomy":"product_cat","embeddable":true,"href":"https:\/\/www.delicias-uk.com\/pt-pt\/wp-json\/wp\/v2\/product_cat?post=216832"},{"taxonomy":"product_tag","embeddable":true,"href":"https:\/\/www.delicias-uk.com\/pt-pt\/wp-json\/wp\/v2\/product_tag?post=216832"}],"curies":[{"name":"wp","href":"https:\/\/api.w.org\/{rel}","templated":true}]}}