{"id":216798,"date":"2023-12-21T08:11:20","date_gmt":"2023-12-21T08:11:20","guid":{"rendered":"https:\/\/www.delicias-uk.com\/product\/soro-fisiologico-aga-100ml\/"},"modified":"2025-12-19T21:37:03","modified_gmt":"2025-12-19T21:37:03","slug":"soro-fisiologico-aga-100ml","status":"publish","type":"product","link":"https:\/\/www.delicias-uk.com\/pt-pt\/produto\/soro-fisiologico-aga-100ml\/","title":{"rendered":"Soro Fisiol\u00f3gico Aga 100ml"},"content":{"rendered":"<p>Solu\u00e7\u00e3o aquosa salina est\u00e9ril<\/p>\n<p>Para uso Nasal e Ocular<\/p>\n","protected":false},"excerpt":{"rendered":"<p>. Solu\u00e7\u00e3o aquosa salina est\u00e9ril<\/p>\n<p>. Para uso Nasal e Ocular<\/p>\n","protected":false},"author":43533,"featured_media":94619,"comment_status":"open","ping_status":"closed","template":"","meta":[],"pwb-brand":[],"product_brand":[],"product_cat":[8289,8437],"product_tag":[],"class_list":{"0":"post-216798","1":"product","2":"type-product","3":"status-publish","4":"has-post-thumbnail","6":"product_cat-inicio","7":"product_cat-limpeza","9":"first","10":"instock","11":"taxable","12":"shipping-taxable","13":"purchasable","14":"product-type-simple"},"aioseo_notices":[],"brands":[],"_links":{"self":[{"href":"https:\/\/www.delicias-uk.com\/pt-pt\/wp-json\/wp\/v2\/product\/216798","targetHints":{"allow":["GET"]}}],"collection":[{"href":"https:\/\/www.delicias-uk.com\/pt-pt\/wp-json\/wp\/v2\/product"}],"about":[{"href":"https:\/\/www.delicias-uk.com\/pt-pt\/wp-json\/wp\/v2\/types\/product"}],"author":[{"embeddable":true,"href":"https:\/\/www.delicias-uk.com\/pt-pt\/wp-json\/wp\/v2\/users\/43533"}],"replies":[{"embeddable":true,"href":"https:\/\/www.delicias-uk.com\/pt-pt\/wp-json\/wp\/v2\/comments?post=216798"}],"wp:featuredmedia":[{"embeddable":true,"href":"https:\/\/www.delicias-uk.com\/pt-pt\/wp-json\/wp\/v2\/media\/94619"}],"wp:attachment":[{"href":"https:\/\/www.delicias-uk.com\/pt-pt\/wp-json\/wp\/v2\/media?parent=216798"}],"wp:term":[{"taxonomy":"pwb-brand","embeddable":true,"href":"https:\/\/www.delicias-uk.com\/pt-pt\/wp-json\/wp\/v2\/pwb-brand?post=216798"},{"taxonomy":"product_brand","embeddable":true,"href":"https:\/\/www.delicias-uk.com\/pt-pt\/wp-json\/wp\/v2\/product_brand?post=216798"},{"taxonomy":"product_cat","embeddable":true,"href":"https:\/\/www.delicias-uk.com\/pt-pt\/wp-json\/wp\/v2\/product_cat?post=216798"},{"taxonomy":"product_tag","embeddable":true,"href":"https:\/\/www.delicias-uk.com\/pt-pt\/wp-json\/wp\/v2\/product_tag?post=216798"}],"curies":[{"name":"wp","href":"https:\/\/api.w.org\/{rel}","templated":true}]}}