{"id":216796,"date":"2023-12-08T18:34:00","date_gmt":"2023-12-08T18:34:00","guid":{"rendered":"https:\/\/www.delicias-uk.com\/product\/licor-de-amendoa-amarguinha-70cl-4\/"},"modified":"2025-02-06T17:19:29","modified_gmt":"2025-02-06T17:19:29","slug":"licor-de-amendoa-amarguinha-70cl-4","status":"publish","type":"product","link":"https:\/\/www.delicias-uk.com\/pt-pt\/produto\/licor-de-amendoa-amarguinha-70cl-4\/","title":{"rendered":"Licor de Am\u00eandoa &#8221;Amarguinha&#8221; 70cl Gift-Pack com Miniature Amarguinha Creme"},"content":{"rendered":"<p style=\"margin-top:0pt;margin-bottom:0pt;text-align:left;vertical-align:baseline;\"><strong><span style=\"font-size:12pt;font-family:'Calibri Light';color:#000000;\">Amarguinha<\/span><\/strong><\/p>\n<p style=\"margin-top:0pt;margin-bottom:0pt;text-align:left;vertical-align:baseline;\"><span style=\"font-size:12pt;font-family:'Calibri Light';color:#000000;\">A am\u00eandoa amarga \u00e9 um licor tradicional portugu\u00eas, particularmente da regi\u00e3o sul do Algarve. \u00c9 produzido por processos tradicionais e \u00fanicos e pode ser consumido simples com gelo, com sumo de lim\u00e3o ou como ingrediente de um cocktail. A Amarguinha tem uma cor amarela palha, <\/span><span style=\"font-size:12pt;font-family:'Calibri Light';color:#000000;\">u<\/span><span style=\"font-size:12pt;font-family:'Calibri Light';color:#000000;\">ma fragr\u00e2ncia de flor de am\u00eandoa e lim\u00e3o, com notas complexas e intensas de am\u00eandoas. Sabor doce e fresco.<\/span><\/p>\n<p style=\"margin-top:0pt;margin-bottom:0pt;text-align:left;vertical-align:baseline;\"><span style=\"font-size:12pt;font-family:'Calibri Light';color:#000000;\"><\/span><\/p>\n<p style=\"margin-top:0pt;margin-bottom:0pt;text-align:left;vertical-align:baseline;\">\n<p style=\"margin-top:0pt;margin-bottom:0pt;text-align:left;vertical-align:baseline;\"><span style=\"font-size:12pt;font-family:'Calibri Light';color:#000000;\">Garrafa: 700 ml<\/span><\/p>\n<p style=\"margin-top:0pt;margin-bottom:0pt;text-align:left;vertical-align:baseline;\"><span style=\"font-size:12pt;font-family:'Calibri Light';color:#000000;\">Teor Alco\u00f3lico: 20.0%<\/span><\/p>\n<p style=\"margin-top:0pt;margin-bottom:0pt;text-align:left;vertical-align:baseline;\"><span style=\"font-size:12pt;font-family:'Calibri Light';color:#000000;\"><\/span><\/p>\n<p style=\"margin-top:0pt;margin-bottom:0pt;text-align:left;vertical-align:baseline;\"><strong><span style=\"font-size:12pt;font-family:'Calibri Light';color:#000000;\">Amarguinha Creme<\/span><\/strong><\/p>\n<p style=\"margin-top:0pt;margin-bottom:0pt;text-align:left;vertical-align:baseline;\"><span style=\"font-family:'Calibri Light';\"><span style=\"font-size:16px;\">Como a Amarguinha Creme, o novo sabor da ic\u00f3nica marca algarvia e (provavelmente) o primeiro Licor Creme de Am\u00eandoa Amarga do mundo. \u00c9 Amarguinha, mas Creme.<\/span><\/span><\/p>\n<p style=\"margin-top:0pt;margin-bottom:0pt;text-align:left;vertical-align:baseline;\"><span style=\"font-family:'Calibri Light';\"><span style=\"font-size:16px;\"><\/span><\/span><\/p>\n<p style=\"margin-top:0pt;margin-bottom:0pt;text-align:left;vertical-align:baseline;\"><span style=\"font-family:'Calibri Light';\"><span style=\"font-size:16px;\">Aroma: Caracter\u00edsticas de am\u00eandoas amargas.<\/span><\/span><span style=\"font-family:'Calibri Light';\"><span style=\"font-size:16px;\"><\/span><\/span><\/p>\n<p style=\"margin-top:0pt;margin-bottom:0pt;text-align:left;vertical-align:baseline;\"><span style=\"font-family:'Calibri Light';\"><span style=\"font-size:16px;\">Sabor: Combina\u00e7\u00e3o harmoniosa de notas intensas e envolventes de am\u00eandoa amarga, equilibradas com a do\u00e7ura aveludada do creme.<\/span><\/span><span style=\"font-family:'Calibri Light';\"><span style=\"font-size:16px;\"><\/span><\/span><\/p>\n<p style=\"margin-top:0pt;margin-bottom:0pt;text-align:left;vertical-align:baseline;\"><span style=\"font-family:'Calibri Light';\"><span style=\"font-size:16px;\">Como saborear: Bem fresco &#8211; acabado de sair do frio ou com duas pedras de gelo. Ao contr\u00e1rio da vers\u00e3o original, n\u00e3o adicionar toque c\u00edtrico.<\/span><\/span><span style=\"font-family:'Calibri Light';\"><span style=\"font-size:16px;\"><\/span><\/span><\/p>\n<p style=\"margin-top:0pt;margin-bottom:0pt;text-align:left;vertical-align:baseline;\"><span style=\"font-family:'Calibri Light';\"><span style=\"font-size:12pt;font-family:'Calibri Light';color:#000000;\"><\/span><\/span><\/p>\n<p style=\"margin-top:0pt;margin-bottom:0pt;text-align:left;vertical-align:baseline;\"><span style=\"font-family:'Calibri Light';\"><span style=\"font-size:16px;\">Teor alco\u00f3lico: 17%<\/span><\/span><\/p>\n","protected":false},"excerpt":{"rendered":"<ul>\n<li>Presente perfeito<\/li>\n<li>Licor tradicional<\/li>\n<li>Oferta de\u00a0 &#8221;Creme de Amarguinha&#8221; (5ml)<\/li>\n<\/ul>\n","protected":false},"author":43533,"featured_media":94615,"comment_status":"open","ping_status":"closed","template":"","meta":[],"pwb-brand":[],"product_brand":[],"product_cat":[9347,8289,8291,8417,8509],"product_tag":[],"class_list":{"0":"post-216796","1":"product","2":"type-product","3":"status-publish","4":"has-post-thumbnail","6":"product_cat-licores","7":"product_cat-inicio","8":"product_cat-produtos-portugueses","9":"product_cat-espirituosas-licor","10":"product_cat-licor","12":"first","13":"instock","14":"taxable","15":"shipping-taxable","16":"purchasable","17":"product-type-simple"},"aioseo_notices":[],"brands":[],"_links":{"self":[{"href":"https:\/\/www.delicias-uk.com\/pt-pt\/wp-json\/wp\/v2\/product\/216796","targetHints":{"allow":["GET"]}}],"collection":[{"href":"https:\/\/www.delicias-uk.com\/pt-pt\/wp-json\/wp\/v2\/product"}],"about":[{"href":"https:\/\/www.delicias-uk.com\/pt-pt\/wp-json\/wp\/v2\/types\/product"}],"author":[{"embeddable":true,"href":"https:\/\/www.delicias-uk.com\/pt-pt\/wp-json\/wp\/v2\/users\/43533"}],"replies":[{"embeddable":true,"href":"https:\/\/www.delicias-uk.com\/pt-pt\/wp-json\/wp\/v2\/comments?post=216796"}],"wp:featuredmedia":[{"embeddable":true,"href":"https:\/\/www.delicias-uk.com\/pt-pt\/wp-json\/wp\/v2\/media\/94615"}],"wp:attachment":[{"href":"https:\/\/www.delicias-uk.com\/pt-pt\/wp-json\/wp\/v2\/media?parent=216796"}],"wp:term":[{"taxonomy":"pwb-brand","embeddable":true,"href":"https:\/\/www.delicias-uk.com\/pt-pt\/wp-json\/wp\/v2\/pwb-brand?post=216796"},{"taxonomy":"product_brand","embeddable":true,"href":"https:\/\/www.delicias-uk.com\/pt-pt\/wp-json\/wp\/v2\/product_brand?post=216796"},{"taxonomy":"product_cat","embeddable":true,"href":"https:\/\/www.delicias-uk.com\/pt-pt\/wp-json\/wp\/v2\/product_cat?post=216796"},{"taxonomy":"product_tag","embeddable":true,"href":"https:\/\/www.delicias-uk.com\/pt-pt\/wp-json\/wp\/v2\/product_tag?post=216796"}],"curies":[{"name":"wp","href":"https:\/\/api.w.org\/{rel}","templated":true}]}}