{"id":216794,"date":"2023-12-08T18:26:50","date_gmt":"2023-12-08T18:26:50","guid":{"rendered":"https:\/\/www.delicias-uk.com\/product\/licor-de-amendoa-amarguinha-70cl-3\/"},"modified":"2026-04-14T19:06:46","modified_gmt":"2026-04-14T18:06:46","slug":"licor-de-amendoa-amarguinha-70cl-3","status":"publish","type":"product","link":"https:\/\/www.delicias-uk.com\/pt-pt\/produto\/licor-de-amendoa-amarguinha-70cl-3\/","title":{"rendered":"Licor de Am\u00eandoa &#8221;Amarguinha&#8221; 70cl Gift-Pack"},"content":{"rendered":"<p style=\"margin-top:0pt;margin-bottom:0pt;text-align:left;vertical-align:baseline;\"><span style=\"font-size:12pt;font-family:'Calibri Light';color:#000000;\">A am\u00eandoa amarga \u00e9 um licor tradicional portugu\u00eas, particularmente da regi\u00e3o sul do Algarve. \u00c9 produzido por processos tradicionais e \u00fanicos e pode ser consumido simples com gelo, com sumo de lim\u00e3o ou como ingrediente de um cocktail. A Amarguinha tem uma cor amarela palha, <\/span><span style=\"font-size:12pt;font-family:'Calibri Light';color:#000000;\">u<\/span><span style=\"font-size:12pt;font-family:'Calibri Light';color:#000000;\">ma fragr\u00e2ncia de flor de am\u00eandoa e lim\u00e3o, com notas complexas e intensas de am\u00eandoas. Sabor doce e fresco.<\/span><\/p>\n<p style=\"margin-top:0pt;margin-bottom:0pt;text-align:left;vertical-align:baseline;\"><span style=\"font-size:12pt;font-family:'Calibri Light';color:#000000;\"><\/span><\/p>\n<p style=\"margin-top:0pt;margin-bottom:0pt;text-align:left;vertical-align:baseline;\">\n<p style=\"margin-top:0pt;margin-bottom:0pt;text-align:left;vertical-align:baseline;\"><span style=\"font-size:12pt;font-family:'Calibri Light';color:#000000;\">Garrafa: 700 ml<\/span><\/p>\n<p style=\"margin-top:0pt;margin-bottom:0pt;text-align:left;vertical-align:baseline;\"><span style=\"font-size:12pt;font-family:'Calibri Light';color:#000000;\">Teor Alco\u00f3lico: 20.0%<\/span><\/p>\n","protected":false},"excerpt":{"rendered":"<ul>\n<li>Presente perfeito<\/li>\n<li>Licor tradicional<\/li>\n<li>Copo oferta<\/li>\n<\/ul>\n","protected":false},"author":43533,"featured_media":231116,"comment_status":"open","ping_status":"closed","template":"","meta":[],"pwb-brand":[],"product_brand":[],"product_cat":[9347,8289,8291,8417,8509],"product_tag":[],"class_list":{"0":"post-216794","1":"product","2":"type-product","3":"status-publish","4":"has-post-thumbnail","6":"product_cat-licores","7":"product_cat-inicio","8":"product_cat-produtos-portugueses","9":"product_cat-espirituosas-licor","10":"product_cat-licor","12":"first","13":"instock","14":"taxable","15":"shipping-taxable","16":"purchasable","17":"product-type-simple"},"aioseo_notices":[],"brands":[],"_links":{"self":[{"href":"https:\/\/www.delicias-uk.com\/pt-pt\/wp-json\/wp\/v2\/product\/216794","targetHints":{"allow":["GET"]}}],"collection":[{"href":"https:\/\/www.delicias-uk.com\/pt-pt\/wp-json\/wp\/v2\/product"}],"about":[{"href":"https:\/\/www.delicias-uk.com\/pt-pt\/wp-json\/wp\/v2\/types\/product"}],"author":[{"embeddable":true,"href":"https:\/\/www.delicias-uk.com\/pt-pt\/wp-json\/wp\/v2\/users\/43533"}],"replies":[{"embeddable":true,"href":"https:\/\/www.delicias-uk.com\/pt-pt\/wp-json\/wp\/v2\/comments?post=216794"}],"wp:featuredmedia":[{"embeddable":true,"href":"https:\/\/www.delicias-uk.com\/pt-pt\/wp-json\/wp\/v2\/media\/231116"}],"wp:attachment":[{"href":"https:\/\/www.delicias-uk.com\/pt-pt\/wp-json\/wp\/v2\/media?parent=216794"}],"wp:term":[{"taxonomy":"pwb-brand","embeddable":true,"href":"https:\/\/www.delicias-uk.com\/pt-pt\/wp-json\/wp\/v2\/pwb-brand?post=216794"},{"taxonomy":"product_brand","embeddable":true,"href":"https:\/\/www.delicias-uk.com\/pt-pt\/wp-json\/wp\/v2\/product_brand?post=216794"},{"taxonomy":"product_cat","embeddable":true,"href":"https:\/\/www.delicias-uk.com\/pt-pt\/wp-json\/wp\/v2\/product_cat?post=216794"},{"taxonomy":"product_tag","embeddable":true,"href":"https:\/\/www.delicias-uk.com\/pt-pt\/wp-json\/wp\/v2\/product_tag?post=216794"}],"curies":[{"name":"wp","href":"https:\/\/api.w.org\/{rel}","templated":true}]}}