{"id":216788,"date":"2023-12-06T11:35:07","date_gmt":"2023-12-06T11:35:07","guid":{"rendered":"https:\/\/www.delicias-uk.com\/product\/bolo-rei-panike-700g\/"},"modified":"2025-12-16T17:21:57","modified_gmt":"2025-12-16T17:21:57","slug":"bolo-rei-panike-700g","status":"publish","type":"product","link":"https:\/\/www.delicias-uk.com\/pt-pt\/produto\/bolo-rei-panike-700g\/","title":{"rendered":"Bolo Rei Congelado Panike 700g"},"content":{"rendered":"<p>O Bolo Rei feito inteiramente \u00e0 m\u00e3o segundo receitas tradicionais em forma de coroa. Usando massa l\u00eaveda rica, fruta caramelizada e frutos secos.\u00a0<\/p>\n","protected":false},"excerpt":{"rendered":"<ul style=\"margin-bottom:20px;margin-top:0px;padding:0px;color:#7a7a7a;font-family:Poppins, Helvetica, Arial, 'sans-serif';font-size:14px;background-color:#ffffff\">\n<li>Bolo Rei<\/li>\n<li>Marca: Panike<\/li>\n<li>Tamanho: 700g<\/li>\n<\/ul>\n","protected":false},"author":43533,"featured_media":94599,"comment_status":"open","ping_status":"closed","template":"","meta":[],"pwb-brand":[],"product_brand":[],"product_cat":[9313,8289,8347],"product_tag":[],"class_list":{"0":"post-216788","1":"product","2":"type-product","3":"status-publish","4":"has-post-thumbnail","6":"product_cat-bolos-de-natal","7":"product_cat-inicio","8":"product_cat-vegetariano","10":"first","11":"outofstock","12":"taxable","13":"shipping-taxable","14":"purchasable","15":"product-type-simple"},"aioseo_notices":[],"brands":[],"_links":{"self":[{"href":"https:\/\/www.delicias-uk.com\/pt-pt\/wp-json\/wp\/v2\/product\/216788","targetHints":{"allow":["GET"]}}],"collection":[{"href":"https:\/\/www.delicias-uk.com\/pt-pt\/wp-json\/wp\/v2\/product"}],"about":[{"href":"https:\/\/www.delicias-uk.com\/pt-pt\/wp-json\/wp\/v2\/types\/product"}],"author":[{"embeddable":true,"href":"https:\/\/www.delicias-uk.com\/pt-pt\/wp-json\/wp\/v2\/users\/43533"}],"replies":[{"embeddable":true,"href":"https:\/\/www.delicias-uk.com\/pt-pt\/wp-json\/wp\/v2\/comments?post=216788"}],"wp:featuredmedia":[{"embeddable":true,"href":"https:\/\/www.delicias-uk.com\/pt-pt\/wp-json\/wp\/v2\/media\/94599"}],"wp:attachment":[{"href":"https:\/\/www.delicias-uk.com\/pt-pt\/wp-json\/wp\/v2\/media?parent=216788"}],"wp:term":[{"taxonomy":"pwb-brand","embeddable":true,"href":"https:\/\/www.delicias-uk.com\/pt-pt\/wp-json\/wp\/v2\/pwb-brand?post=216788"},{"taxonomy":"product_brand","embeddable":true,"href":"https:\/\/www.delicias-uk.com\/pt-pt\/wp-json\/wp\/v2\/product_brand?post=216788"},{"taxonomy":"product_cat","embeddable":true,"href":"https:\/\/www.delicias-uk.com\/pt-pt\/wp-json\/wp\/v2\/product_cat?post=216788"},{"taxonomy":"product_tag","embeddable":true,"href":"https:\/\/www.delicias-uk.com\/pt-pt\/wp-json\/wp\/v2\/product_tag?post=216788"}],"curies":[{"name":"wp","href":"https:\/\/api.w.org\/{rel}","templated":true}]}}