{"id":216784,"date":"2023-12-06T11:14:20","date_gmt":"2023-12-06T11:14:20","guid":{"rendered":"https:\/\/www.delicias-uk.com\/product\/agua-oxigenada-hidro-250ml\/"},"modified":"2026-02-23T14:01:45","modified_gmt":"2026-02-23T14:01:45","slug":"agua-oxigenada-hidro-250ml","status":"publish","type":"product","link":"https:\/\/www.delicias-uk.com\/pt-pt\/produto\/agua-oxigenada-hidro-250ml\/","title":{"rendered":"\u00c1gua Oxigenada Hidro 250ml"},"content":{"rendered":"<p>A \u00e1gua oxigenada \u00e9 um antiss\u00e9ptico e desinfetante de uso local, podendo ser usado na limpeza de feridas. O seu espetro de a\u00e7\u00e3o \u00e9 reduzido.<\/p>\n","protected":false},"excerpt":{"rendered":"<p>A \u00e1gua oxigenada \u00e9 um antiss\u00e9ptico e desinfetante de uso local, podendo ser usado na limpeza de feridas. O seu espetro de a\u00e7\u00e3o \u00e9 reduzido.<\/p>\n","protected":false},"author":43533,"featured_media":94591,"comment_status":"open","ping_status":"closed","template":"","meta":[],"pwb-brand":[],"product_brand":[],"product_cat":[8289,8437],"product_tag":[],"class_list":{"0":"post-216784","1":"product","2":"type-product","3":"status-publish","4":"has-post-thumbnail","6":"product_cat-inicio","7":"product_cat-limpeza","9":"first","10":"instock","11":"taxable","12":"shipping-taxable","13":"purchasable","14":"product-type-simple"},"aioseo_notices":[],"brands":[],"_links":{"self":[{"href":"https:\/\/www.delicias-uk.com\/pt-pt\/wp-json\/wp\/v2\/product\/216784","targetHints":{"allow":["GET"]}}],"collection":[{"href":"https:\/\/www.delicias-uk.com\/pt-pt\/wp-json\/wp\/v2\/product"}],"about":[{"href":"https:\/\/www.delicias-uk.com\/pt-pt\/wp-json\/wp\/v2\/types\/product"}],"author":[{"embeddable":true,"href":"https:\/\/www.delicias-uk.com\/pt-pt\/wp-json\/wp\/v2\/users\/43533"}],"replies":[{"embeddable":true,"href":"https:\/\/www.delicias-uk.com\/pt-pt\/wp-json\/wp\/v2\/comments?post=216784"}],"wp:featuredmedia":[{"embeddable":true,"href":"https:\/\/www.delicias-uk.com\/pt-pt\/wp-json\/wp\/v2\/media\/94591"}],"wp:attachment":[{"href":"https:\/\/www.delicias-uk.com\/pt-pt\/wp-json\/wp\/v2\/media?parent=216784"}],"wp:term":[{"taxonomy":"pwb-brand","embeddable":true,"href":"https:\/\/www.delicias-uk.com\/pt-pt\/wp-json\/wp\/v2\/pwb-brand?post=216784"},{"taxonomy":"product_brand","embeddable":true,"href":"https:\/\/www.delicias-uk.com\/pt-pt\/wp-json\/wp\/v2\/product_brand?post=216784"},{"taxonomy":"product_cat","embeddable":true,"href":"https:\/\/www.delicias-uk.com\/pt-pt\/wp-json\/wp\/v2\/product_cat?post=216784"},{"taxonomy":"product_tag","embeddable":true,"href":"https:\/\/www.delicias-uk.com\/pt-pt\/wp-json\/wp\/v2\/product_tag?post=216784"}],"curies":[{"name":"wp","href":"https:\/\/api.w.org\/{rel}","templated":true}]}}