{"id":216762,"date":"2023-12-04T13:29:36","date_gmt":"2023-12-04T13:29:36","guid":{"rendered":"https:\/\/www.delicias-uk.com\/product\/bacalhau-com-natas-congelado-frangus-350g\/"},"modified":"2026-03-16T11:45:04","modified_gmt":"2026-03-16T11:45:04","slug":"bacalhau-com-natas-congelado-frangus-350g","status":"publish","type":"product","link":"https:\/\/www.delicias-uk.com\/pt-pt\/produto\/bacalhau-com-natas-congelado-frangus-350g\/","title":{"rendered":"Bacalhau Com Natas Congelado Frangus 350g"},"content":{"rendered":"<p>O famoso prato portugu\u00eas, onde o melhor bacalhau e aveludadas natas se encontram num perfeito ponto de sal e pimenta. Esta combina\u00e7\u00e3o \u00e9 de uma cremosidade incrivel, terminada sob uma cobertura de queijo gratinado que lhe d\u00e1 um gosto suave e ligeiramente salgado.<\/p>\n<p><strong>INGREDIENTES<\/strong>: Preparado UHT (25%) (leitelho, gordura vegetal totalmente hidrogenada (palmiste), amido de milho modificado, maltodextrina, estabilizadores (E412, E410), emulsionante (lecitina de soja), regulador de acidez (E340ii), corante (E160a)), leite UHT, bacalhau (23%), cebola, batata frita (batata, \u00f3leo de girassol refinado), queijo mozzarella (leite pasteurizado, sal, cloreto de c\u00e1lcio, fermentos l\u00e1cteos, coalho, antiaglomerante (amido)), creme vegetal (leite), amido de milho, alho (sulfitos), plantas arom\u00e1ticas, especiarias e sal. Pode conter vest\u00edgios de gl\u00faten. Devido ao nosso m\u00e9todo de confe\u00e7\u00e3o tradicional, poder\u00e3o ser encontrados excecionalmente algumas espinhas.<\/p>\n<p><strong><em>Produto congelado. Ser\u00e1 descongelado durante o processo de transporte. Condicionado com materiais termicos (caixa ou bolsa) e gelo.<\/em><\/strong><\/p>\n","protected":false},"excerpt":{"rendered":"<ul style=\"list-style-type:disc\">\n<li>Peso l\u00edquido 350g<\/li>\n<li>Produto congelado<\/li>\n<li>Pronto para comer em minutos<\/li>\n<\/ul>\n","protected":false},"author":43533,"featured_media":227672,"comment_status":"open","ping_status":"closed","template":"","meta":[],"pwb-brand":[],"product_brand":[],"product_cat":[8289,8305,8407],"product_tag":[],"class_list":{"0":"post-216762","1":"product","2":"type-product","3":"status-publish","4":"has-post-thumbnail","6":"product_cat-inicio","7":"product_cat-produtos-congelados","8":"product_cat-refeicao-pronta-congelada","10":"first","11":"outofstock","12":"taxable","13":"shipping-taxable","14":"purchasable","15":"product-type-simple"},"aioseo_notices":[],"brands":[],"_links":{"self":[{"href":"https:\/\/www.delicias-uk.com\/pt-pt\/wp-json\/wp\/v2\/product\/216762","targetHints":{"allow":["GET"]}}],"collection":[{"href":"https:\/\/www.delicias-uk.com\/pt-pt\/wp-json\/wp\/v2\/product"}],"about":[{"href":"https:\/\/www.delicias-uk.com\/pt-pt\/wp-json\/wp\/v2\/types\/product"}],"author":[{"embeddable":true,"href":"https:\/\/www.delicias-uk.com\/pt-pt\/wp-json\/wp\/v2\/users\/43533"}],"replies":[{"embeddable":true,"href":"https:\/\/www.delicias-uk.com\/pt-pt\/wp-json\/wp\/v2\/comments?post=216762"}],"wp:featuredmedia":[{"embeddable":true,"href":"https:\/\/www.delicias-uk.com\/pt-pt\/wp-json\/wp\/v2\/media\/227672"}],"wp:attachment":[{"href":"https:\/\/www.delicias-uk.com\/pt-pt\/wp-json\/wp\/v2\/media?parent=216762"}],"wp:term":[{"taxonomy":"pwb-brand","embeddable":true,"href":"https:\/\/www.delicias-uk.com\/pt-pt\/wp-json\/wp\/v2\/pwb-brand?post=216762"},{"taxonomy":"product_brand","embeddable":true,"href":"https:\/\/www.delicias-uk.com\/pt-pt\/wp-json\/wp\/v2\/product_brand?post=216762"},{"taxonomy":"product_cat","embeddable":true,"href":"https:\/\/www.delicias-uk.com\/pt-pt\/wp-json\/wp\/v2\/product_cat?post=216762"},{"taxonomy":"product_tag","embeddable":true,"href":"https:\/\/www.delicias-uk.com\/pt-pt\/wp-json\/wp\/v2\/product_tag?post=216762"}],"curies":[{"name":"wp","href":"https:\/\/api.w.org\/{rel}","templated":true}]}}