{"id":216702,"date":"2023-10-12T16:53:28","date_gmt":"2023-10-12T15:53:28","guid":{"rendered":"https:\/\/www.delicias-uk.com\/product\/pao-pre-cozido-panike-com-chourico-120g\/"},"modified":"2026-02-23T14:01:43","modified_gmt":"2026-02-23T14:01:43","slug":"pao-pre-cozido-panike-com-chourico-120g","status":"publish","type":"product","link":"https:\/\/www.delicias-uk.com\/pt-pt\/produto\/pao-pre-cozido-panike-com-chourico-120g\/","title":{"rendered":"P\u00e3o Pr\u00e9-Cozido Com Chouri\u00e7o Congelado Panike 120g"},"content":{"rendered":"<p><strong>M\u00e9todo de Prepara\u00e7\u00e3o:<\/strong> Descongelar 20 min, Colocar no Tabuleiro, Pr\u00e9-aquecer Forno 200\u00baC, Assar Forno, 200\u00baC \/ 10 min, Servir<\/p>\n","protected":false},"excerpt":{"rendered":"<ul style=\"list-style-type:disc;\">\n<li>P\u00e3o pr\u00e9 cozido com chouri\u00e7o 120g<\/li>\n<li>Panike \u00e9 uma marca Portuguesa<\/li>\n<\/ul>\n","protected":false},"author":43533,"featured_media":94409,"comment_status":"open","ping_status":"closed","template":"","meta":[],"pwb-brand":[],"product_brand":[],"product_cat":[8289,8305,8313],"product_tag":[],"class_list":{"0":"post-216702","1":"product","2":"type-product","3":"status-publish","4":"has-post-thumbnail","6":"product_cat-inicio","7":"product_cat-produtos-congelados","8":"product_cat-pao-congelado","10":"first","11":"instock","12":"taxable","13":"shipping-taxable","14":"purchasable","15":"product-type-simple"},"aioseo_notices":[],"brands":[],"_links":{"self":[{"href":"https:\/\/www.delicias-uk.com\/pt-pt\/wp-json\/wp\/v2\/product\/216702","targetHints":{"allow":["GET"]}}],"collection":[{"href":"https:\/\/www.delicias-uk.com\/pt-pt\/wp-json\/wp\/v2\/product"}],"about":[{"href":"https:\/\/www.delicias-uk.com\/pt-pt\/wp-json\/wp\/v2\/types\/product"}],"author":[{"embeddable":true,"href":"https:\/\/www.delicias-uk.com\/pt-pt\/wp-json\/wp\/v2\/users\/43533"}],"replies":[{"embeddable":true,"href":"https:\/\/www.delicias-uk.com\/pt-pt\/wp-json\/wp\/v2\/comments?post=216702"}],"wp:featuredmedia":[{"embeddable":true,"href":"https:\/\/www.delicias-uk.com\/pt-pt\/wp-json\/wp\/v2\/media\/94409"}],"wp:attachment":[{"href":"https:\/\/www.delicias-uk.com\/pt-pt\/wp-json\/wp\/v2\/media?parent=216702"}],"wp:term":[{"taxonomy":"pwb-brand","embeddable":true,"href":"https:\/\/www.delicias-uk.com\/pt-pt\/wp-json\/wp\/v2\/pwb-brand?post=216702"},{"taxonomy":"product_brand","embeddable":true,"href":"https:\/\/www.delicias-uk.com\/pt-pt\/wp-json\/wp\/v2\/product_brand?post=216702"},{"taxonomy":"product_cat","embeddable":true,"href":"https:\/\/www.delicias-uk.com\/pt-pt\/wp-json\/wp\/v2\/product_cat?post=216702"},{"taxonomy":"product_tag","embeddable":true,"href":"https:\/\/www.delicias-uk.com\/pt-pt\/wp-json\/wp\/v2\/product_tag?post=216702"}],"curies":[{"name":"wp","href":"https:\/\/api.w.org\/{rel}","templated":true}]}}