{"id":216696,"date":"2023-10-06T12:21:24","date_gmt":"2023-10-06T12:21:24","guid":{"rendered":"https:\/\/www.delicias-uk.com\/product\/metade-pao-baguete-pre-cozido-panike-125g-x-6\/"},"modified":"2025-09-03T15:09:14","modified_gmt":"2025-09-03T14:09:14","slug":"metade-pao-baguete-pre-cozido-panike-125g-x-6","status":"publish","type":"product","link":"https:\/\/www.delicias-uk.com\/pt-pt\/produto\/metade-pao-baguete-pre-cozido-panike-125g-x-6\/","title":{"rendered":"P\u00e3o Pr\u00e9-Cozido Baguete Congelado Panike 6x125g"},"content":{"rendered":"<p><strong>M\u00e9todo de Prepara\u00e7\u00e3o:<\/strong> Descongelar 20 min, Colocar no Tabuleiro, Pr\u00e9-aquecer Forno 200\u00baC, Assar Forno, 200\u00baC \/ 10 min, Servir<\/p>\n","protected":false},"excerpt":{"rendered":"<ul style=\"list-style-type:disc;\">\n<li>P\u00e3o Baguete Pr\u00e9 Cozido<\/li>\n<li>Cont\u00e9m 6 unidades de 125g cada<\/li>\n<li>Panike \u00e9 uma marca Portuguesa<\/li>\n<\/ul>\n","protected":false},"author":43533,"featured_media":94393,"comment_status":"open","ping_status":"closed","template":"","meta":[],"pwb-brand":[],"product_brand":[],"product_cat":[8289,8305,8313],"product_tag":[],"class_list":{"0":"post-216696","1":"product","2":"type-product","3":"status-publish","4":"has-post-thumbnail","6":"product_cat-inicio","7":"product_cat-produtos-congelados","8":"product_cat-pao-congelado","10":"first","11":"instock","12":"taxable","13":"shipping-taxable","14":"purchasable","15":"product-type-simple"},"aioseo_notices":[],"brands":[],"_links":{"self":[{"href":"https:\/\/www.delicias-uk.com\/pt-pt\/wp-json\/wp\/v2\/product\/216696","targetHints":{"allow":["GET"]}}],"collection":[{"href":"https:\/\/www.delicias-uk.com\/pt-pt\/wp-json\/wp\/v2\/product"}],"about":[{"href":"https:\/\/www.delicias-uk.com\/pt-pt\/wp-json\/wp\/v2\/types\/product"}],"author":[{"embeddable":true,"href":"https:\/\/www.delicias-uk.com\/pt-pt\/wp-json\/wp\/v2\/users\/43533"}],"replies":[{"embeddable":true,"href":"https:\/\/www.delicias-uk.com\/pt-pt\/wp-json\/wp\/v2\/comments?post=216696"}],"wp:featuredmedia":[{"embeddable":true,"href":"https:\/\/www.delicias-uk.com\/pt-pt\/wp-json\/wp\/v2\/media\/94393"}],"wp:attachment":[{"href":"https:\/\/www.delicias-uk.com\/pt-pt\/wp-json\/wp\/v2\/media?parent=216696"}],"wp:term":[{"taxonomy":"pwb-brand","embeddable":true,"href":"https:\/\/www.delicias-uk.com\/pt-pt\/wp-json\/wp\/v2\/pwb-brand?post=216696"},{"taxonomy":"product_brand","embeddable":true,"href":"https:\/\/www.delicias-uk.com\/pt-pt\/wp-json\/wp\/v2\/product_brand?post=216696"},{"taxonomy":"product_cat","embeddable":true,"href":"https:\/\/www.delicias-uk.com\/pt-pt\/wp-json\/wp\/v2\/product_cat?post=216696"},{"taxonomy":"product_tag","embeddable":true,"href":"https:\/\/www.delicias-uk.com\/pt-pt\/wp-json\/wp\/v2\/product_tag?post=216696"}],"curies":[{"name":"wp","href":"https:\/\/api.w.org\/{rel}","templated":true}]}}