{"id":216664,"date":"2023-10-05T17:28:53","date_gmt":"2023-10-05T17:28:53","guid":{"rendered":"https:\/\/www.delicias-uk.com\/product\/frutea-limao-lata-de-330ml-x-6\/"},"modified":"2023-10-05T17:28:53","modified_gmt":"2023-10-05T17:28:53","slug":"frutea-limao-lata-de-330ml-x-6","status":"publish","type":"product","link":"https:\/\/www.delicias-uk.com\/pt-pt\/produto\/frutea-limao-lata-de-330ml-x-6\/","title":{"rendered":"Frutea Lim\u00e3o Lata 330ml x 6"},"content":{"rendered":"<p>Frutea Ice Tea \u00e9 uma combina\u00e7\u00e3o perfeita das melhores folhas de ch\u00e1 com sumo de fruta real. Frutea Ice Tea com sabor Lim\u00e3o, combina o delicado aroma do ch\u00e1 com o sabor c\u00edtrico dos lim\u00f5es. Uma bebida que mata a sua sede e aumenta a sua sensa\u00e7\u00e3o de bem-estar a qualquer momento.<\/p>\n","protected":false},"excerpt":{"rendered":"<ul style=\"list-style-type:disc;\">\n<li>Embalagem de 330ml (cont\u00e9m 6 unidades)<\/li>\n<li>Sabor lim\u00e3o<\/li>\n<li>Pronto para beber<\/li>\n<\/ul>\n","protected":false},"author":43533,"featured_media":94329,"comment_status":"open","ping_status":"closed","template":"","meta":[],"pwb-brand":[],"product_brand":[],"product_cat":[8289,8291,8423,8553],"product_tag":[],"class_list":{"0":"post-216664","1":"product","2":"type-product","3":"status-publish","4":"has-post-thumbnail","6":"product_cat-inicio","7":"product_cat-produtos-portugueses","8":"product_cat-bebidas-pt-pt","9":"product_cat-cha-gelado","11":"first","12":"instock","13":"taxable","14":"shipping-taxable","15":"purchasable","16":"product-type-simple"},"aioseo_notices":[],"brands":[],"_links":{"self":[{"href":"https:\/\/www.delicias-uk.com\/pt-pt\/wp-json\/wp\/v2\/product\/216664","targetHints":{"allow":["GET"]}}],"collection":[{"href":"https:\/\/www.delicias-uk.com\/pt-pt\/wp-json\/wp\/v2\/product"}],"about":[{"href":"https:\/\/www.delicias-uk.com\/pt-pt\/wp-json\/wp\/v2\/types\/product"}],"author":[{"embeddable":true,"href":"https:\/\/www.delicias-uk.com\/pt-pt\/wp-json\/wp\/v2\/users\/43533"}],"replies":[{"embeddable":true,"href":"https:\/\/www.delicias-uk.com\/pt-pt\/wp-json\/wp\/v2\/comments?post=216664"}],"wp:featuredmedia":[{"embeddable":true,"href":"https:\/\/www.delicias-uk.com\/pt-pt\/wp-json\/wp\/v2\/media\/94329"}],"wp:attachment":[{"href":"https:\/\/www.delicias-uk.com\/pt-pt\/wp-json\/wp\/v2\/media?parent=216664"}],"wp:term":[{"taxonomy":"pwb-brand","embeddable":true,"href":"https:\/\/www.delicias-uk.com\/pt-pt\/wp-json\/wp\/v2\/pwb-brand?post=216664"},{"taxonomy":"product_brand","embeddable":true,"href":"https:\/\/www.delicias-uk.com\/pt-pt\/wp-json\/wp\/v2\/product_brand?post=216664"},{"taxonomy":"product_cat","embeddable":true,"href":"https:\/\/www.delicias-uk.com\/pt-pt\/wp-json\/wp\/v2\/product_cat?post=216664"},{"taxonomy":"product_tag","embeddable":true,"href":"https:\/\/www.delicias-uk.com\/pt-pt\/wp-json\/wp\/v2\/product_tag?post=216664"}],"curies":[{"name":"wp","href":"https:\/\/api.w.org\/{rel}","templated":true}]}}