{"id":216644,"date":"2023-09-15T16:05:35","date_gmt":"2023-09-15T15:05:35","guid":{"rendered":"https:\/\/www.delicias-uk.com\/product\/sumo-de-manga-limao-e-maracuja-compal-1l\/"},"modified":"2025-11-29T13:47:23","modified_gmt":"2025-11-29T13:47:23","slug":"sumo-de-manga-limao-e-maracuja-compal-1l","status":"publish","type":"product","link":"https:\/\/www.delicias-uk.com\/pt-pt\/produto\/sumo-de-manga-limao-e-maracuja-compal-1l\/","title":{"rendered":"Sumo Manga, Maracuj\u00e1 e Limao Compal 1L"},"content":{"rendered":"<p><strong>Ingredientes:<\/strong> \u00c1gua, sumos de manga (12%) e maracuj\u00e1 (9,5%): \u00e0 base de concentrados, a\u00e7\u00facar, sumo de lim\u00e3o (3,5%): \u00e0 base de concentrado e antioxidante: \u00e1cido asc\u00f3rbico.<\/p>\n","protected":false},"excerpt":{"rendered":"<ul style=\"list-style-type:disc\">\n<li>Embalagem de 1L<\/li>\n<li>Sabor manga e maracuj\u00e1<\/li>\n<li>Compal \u00e9 uma empresa Portuguesa<\/li>\n<\/ul>\n","protected":false},"author":43533,"featured_media":94262,"comment_status":"open","ping_status":"closed","template":"","meta":[],"pwb-brand":[],"product_brand":[],"product_cat":[8289,8291,8455],"product_tag":[],"class_list":{"0":"post-216644","1":"product","2":"type-product","3":"status-publish","4":"has-post-thumbnail","6":"product_cat-inicio","7":"product_cat-produtos-portugueses","8":"product_cat-sumos","10":"first","11":"instock","12":"taxable","13":"shipping-taxable","14":"purchasable","15":"product-type-simple"},"aioseo_notices":[],"brands":[],"_links":{"self":[{"href":"https:\/\/www.delicias-uk.com\/pt-pt\/wp-json\/wp\/v2\/product\/216644","targetHints":{"allow":["GET"]}}],"collection":[{"href":"https:\/\/www.delicias-uk.com\/pt-pt\/wp-json\/wp\/v2\/product"}],"about":[{"href":"https:\/\/www.delicias-uk.com\/pt-pt\/wp-json\/wp\/v2\/types\/product"}],"author":[{"embeddable":true,"href":"https:\/\/www.delicias-uk.com\/pt-pt\/wp-json\/wp\/v2\/users\/43533"}],"replies":[{"embeddable":true,"href":"https:\/\/www.delicias-uk.com\/pt-pt\/wp-json\/wp\/v2\/comments?post=216644"}],"wp:featuredmedia":[{"embeddable":true,"href":"https:\/\/www.delicias-uk.com\/pt-pt\/wp-json\/wp\/v2\/media\/94262"}],"wp:attachment":[{"href":"https:\/\/www.delicias-uk.com\/pt-pt\/wp-json\/wp\/v2\/media?parent=216644"}],"wp:term":[{"taxonomy":"pwb-brand","embeddable":true,"href":"https:\/\/www.delicias-uk.com\/pt-pt\/wp-json\/wp\/v2\/pwb-brand?post=216644"},{"taxonomy":"product_brand","embeddable":true,"href":"https:\/\/www.delicias-uk.com\/pt-pt\/wp-json\/wp\/v2\/product_brand?post=216644"},{"taxonomy":"product_cat","embeddable":true,"href":"https:\/\/www.delicias-uk.com\/pt-pt\/wp-json\/wp\/v2\/product_cat?post=216644"},{"taxonomy":"product_tag","embeddable":true,"href":"https:\/\/www.delicias-uk.com\/pt-pt\/wp-json\/wp\/v2\/product_tag?post=216644"}],"curies":[{"name":"wp","href":"https:\/\/api.w.org\/{rel}","templated":true}]}}