{"id":216640,"date":"2023-09-15T15:34:52","date_gmt":"2023-09-15T15:34:52","guid":{"rendered":"https:\/\/www.delicias-uk.com\/product\/gelatina-condi-amora-30-menos-acucar-114g\/"},"modified":"2025-12-16T17:21:56","modified_gmt":"2025-12-16T17:21:56","slug":"gelatina-condi-amora-30-menos-acucar-114g","status":"publish","type":"product","link":"https:\/\/www.delicias-uk.com\/pt-pt\/produto\/gelatina-condi-amora-30-menos-acucar-114g\/","title":{"rendered":"Gelatina Condi Amora 30% Menos A\u00e7\u00facar 114g"},"content":{"rendered":"<p><strong>Modo de preparo:<\/strong><\/p>\n<p>1. Dissolva o conte\u00fado de uma saqueta em 250ml (1\/4 de litro) de \u00e1gua a ferver.<\/p>\n<p>2. Mexa at\u00e9 o p\u00f3 ficar bem dissolvido.<\/p>\n<p>3. Junte 250ml (1\/4 de litro) de \u00e1gua fria e mexa novamente.<\/p>\n<p>4. Coloque numa forma e leve ao frigor\u00edfico at\u00e9 adquirir consist\u00eancia.<\/p>\n<\/p>\n<p><strong>Para desenformar:<\/strong><\/p>\n<p>1. Mergulhe a forma em \u00e1gua morna durante alguns segundos.<\/p>\n<p>2. Lentamente solte a gelatina com aux\u00edlio de uma esp\u00e1tula.<\/p>\n<p>3. Cuidadosamente volte a forma sobre um prato.<\/p>\n<\/p>\n<p><strong>Uma vez preparada, conserve no frigor\u00edfico.<\/strong><\/p>\n","protected":false},"excerpt":{"rendered":"<ul style=\"list-style-type:disc;\">\n<li>Peso l\u00edquido 114g<\/li>\n<li>30% menos a\u00e7\u00facar vs vers\u00e3o tradicional<\/li>\n<li>Sem gl\u00faten<\/li>\n<\/ul>\n","protected":false},"author":43533,"featured_media":94254,"comment_status":"open","ping_status":"closed","template":"","meta":[],"pwb-brand":[],"product_brand":[],"product_cat":[8623,8499],"product_tag":[],"class_list":{"0":"post-216640","1":"product","2":"type-product","3":"status-publish","4":"has-post-thumbnail","6":"product_cat-geleia-pudins-mousse","7":"product_cat-sem-glutem","9":"first","10":"outofstock","11":"taxable","12":"shipping-taxable","13":"purchasable","14":"product-type-simple"},"aioseo_notices":[],"brands":[],"_links":{"self":[{"href":"https:\/\/www.delicias-uk.com\/pt-pt\/wp-json\/wp\/v2\/product\/216640","targetHints":{"allow":["GET"]}}],"collection":[{"href":"https:\/\/www.delicias-uk.com\/pt-pt\/wp-json\/wp\/v2\/product"}],"about":[{"href":"https:\/\/www.delicias-uk.com\/pt-pt\/wp-json\/wp\/v2\/types\/product"}],"author":[{"embeddable":true,"href":"https:\/\/www.delicias-uk.com\/pt-pt\/wp-json\/wp\/v2\/users\/43533"}],"replies":[{"embeddable":true,"href":"https:\/\/www.delicias-uk.com\/pt-pt\/wp-json\/wp\/v2\/comments?post=216640"}],"wp:featuredmedia":[{"embeddable":true,"href":"https:\/\/www.delicias-uk.com\/pt-pt\/wp-json\/wp\/v2\/media\/94254"}],"wp:attachment":[{"href":"https:\/\/www.delicias-uk.com\/pt-pt\/wp-json\/wp\/v2\/media?parent=216640"}],"wp:term":[{"taxonomy":"pwb-brand","embeddable":true,"href":"https:\/\/www.delicias-uk.com\/pt-pt\/wp-json\/wp\/v2\/pwb-brand?post=216640"},{"taxonomy":"product_brand","embeddable":true,"href":"https:\/\/www.delicias-uk.com\/pt-pt\/wp-json\/wp\/v2\/product_brand?post=216640"},{"taxonomy":"product_cat","embeddable":true,"href":"https:\/\/www.delicias-uk.com\/pt-pt\/wp-json\/wp\/v2\/product_cat?post=216640"},{"taxonomy":"product_tag","embeddable":true,"href":"https:\/\/www.delicias-uk.com\/pt-pt\/wp-json\/wp\/v2\/product_tag?post=216640"}],"curies":[{"name":"wp","href":"https:\/\/api.w.org\/{rel}","templated":true}]}}