{"id":216586,"date":"2023-08-08T10:33:09","date_gmt":"2023-08-08T10:33:09","guid":{"rendered":"https:\/\/www.delicias-uk.com\/product\/vinho-rose-quinta-da-pacheca-reserva-2021-75cl\/"},"modified":"2025-12-04T17:02:26","modified_gmt":"2025-12-04T17:02:26","slug":"vinho-rose-quinta-da-pacheca-reserva-2021-75cl","status":"publish","type":"product","link":"https:\/\/www.delicias-uk.com\/pt-pt\/produto\/vinho-rose-quinta-da-pacheca-reserva-2021-75cl\/","title":{"rendered":"Quinta da Pacheca Reserva 2021 75cl"},"content":{"rendered":"<p>\u00c9 um vinho muito arom\u00e1tico, com notas de cereja e notas muito florais acompanhadas de uma tosta dada pela madeira. Na boca \u00e9 um vinho carnudo, com boa acidez, que lhe confere frescura, mas ao mesmo tempo muito complexo, muito persistente.<\/p>\n","protected":false},"excerpt":{"rendered":"<ul style=\"list-style-type:disc;\">\n<li>Tipo: Vinho Ros\u00e9<\/li>\n<li>Regi\u00e3o: Douro<\/li>\n<li>Castas: Touriga Nacional<\/li>\n<li>Ano: 2021<\/li>\n<li>Tamanho da garrafa: 75cl<\/li>\n<li>Volume: 12,5%<\/li>\n<\/ul>\n","protected":false},"author":43533,"featured_media":94150,"comment_status":"open","ping_status":"closed","template":"","meta":[],"pwb-brand":[],"product_brand":[],"product_cat":[9349,8289,8291,8431,8523,8917],"product_tag":[],"class_list":{"0":"post-216586","1":"product","2":"type-product","3":"status-publish","4":"has-post-thumbnail","6":"product_cat-vinho-rose-pt-pt-2","7":"product_cat-inicio","8":"product_cat-produtos-portugueses","9":"product_cat-vinhos-pt-pt","10":"product_cat-vinho-rose","11":"product_cat-douro-pt-pt-vinho-rose","13":"first","14":"instock","15":"taxable","16":"shipping-taxable","17":"purchasable","18":"product-type-simple"},"aioseo_notices":[],"brands":[],"_links":{"self":[{"href":"https:\/\/www.delicias-uk.com\/pt-pt\/wp-json\/wp\/v2\/product\/216586","targetHints":{"allow":["GET"]}}],"collection":[{"href":"https:\/\/www.delicias-uk.com\/pt-pt\/wp-json\/wp\/v2\/product"}],"about":[{"href":"https:\/\/www.delicias-uk.com\/pt-pt\/wp-json\/wp\/v2\/types\/product"}],"author":[{"embeddable":true,"href":"https:\/\/www.delicias-uk.com\/pt-pt\/wp-json\/wp\/v2\/users\/43533"}],"replies":[{"embeddable":true,"href":"https:\/\/www.delicias-uk.com\/pt-pt\/wp-json\/wp\/v2\/comments?post=216586"}],"wp:featuredmedia":[{"embeddable":true,"href":"https:\/\/www.delicias-uk.com\/pt-pt\/wp-json\/wp\/v2\/media\/94150"}],"wp:attachment":[{"href":"https:\/\/www.delicias-uk.com\/pt-pt\/wp-json\/wp\/v2\/media?parent=216586"}],"wp:term":[{"taxonomy":"pwb-brand","embeddable":true,"href":"https:\/\/www.delicias-uk.com\/pt-pt\/wp-json\/wp\/v2\/pwb-brand?post=216586"},{"taxonomy":"product_brand","embeddable":true,"href":"https:\/\/www.delicias-uk.com\/pt-pt\/wp-json\/wp\/v2\/product_brand?post=216586"},{"taxonomy":"product_cat","embeddable":true,"href":"https:\/\/www.delicias-uk.com\/pt-pt\/wp-json\/wp\/v2\/product_cat?post=216586"},{"taxonomy":"product_tag","embeddable":true,"href":"https:\/\/www.delicias-uk.com\/pt-pt\/wp-json\/wp\/v2\/product_tag?post=216586"}],"curies":[{"name":"wp","href":"https:\/\/api.w.org\/{rel}","templated":true}]}}