{"id":216580,"date":"2023-08-07T17:32:18","date_gmt":"2023-08-07T16:32:18","guid":{"rendered":"https:\/\/www.delicias-uk.com\/product\/molho-para-francesinha-dom-duarte-500g\/"},"modified":"2026-04-01T21:59:14","modified_gmt":"2026-04-01T20:59:14","slug":"molho-para-francesinha-dom-duarte-500g","status":"publish","type":"product","link":"https:\/\/www.delicias-uk.com\/pt-pt\/produto\/molho-para-francesinha-dom-duarte-500g\/","title":{"rendered":"Molho Para Francesinha Dom Duarte 500g"},"content":{"rendered":"<p>Ingredientes: \u00c1gua, cerveja (\u00e1gua, cevada maltada, cereais n\u00e3o maltados (milho e cevada), l\u00fapulo), amido modificado, concentrado de tomate, cebola, massa de piment\u00e3o (pimentos, sal, vinagre, estabilizante (goma xantana), conservante (benzoato de s\u00f3dio)), azeite, sal, caldos de carne, bebidas espirituosas, especiarias, regulador de acidez (\u00e1cido c\u00edtrico). Cont\u00e9m gl\u00faten, aipo, soja, ovo e sulfitos.<\/p>\n","protected":false},"excerpt":{"rendered":"<ul>\n<li>Embalagem de 500g<\/li>\n<li>Molho para Francesinha<\/li>\n<li>Dom Duarte \u00e9 uma marca Portuguesa<\/li>\n<\/ul>\n","protected":false},"author":43533,"featured_media":226602,"comment_status":"open","ping_status":"closed","template":"","meta":[],"pwb-brand":[],"product_brand":[],"product_cat":[8741],"product_tag":[],"class_list":{"0":"post-216580","1":"product","2":"type-product","3":"status-publish","4":"has-post-thumbnail","6":"product_cat-pimentas-e-molhos","8":"first","9":"instock","10":"taxable","11":"shipping-taxable","12":"purchasable","13":"product-type-simple"},"aioseo_notices":[],"brands":[],"_links":{"self":[{"href":"https:\/\/www.delicias-uk.com\/pt-pt\/wp-json\/wp\/v2\/product\/216580","targetHints":{"allow":["GET"]}}],"collection":[{"href":"https:\/\/www.delicias-uk.com\/pt-pt\/wp-json\/wp\/v2\/product"}],"about":[{"href":"https:\/\/www.delicias-uk.com\/pt-pt\/wp-json\/wp\/v2\/types\/product"}],"author":[{"embeddable":true,"href":"https:\/\/www.delicias-uk.com\/pt-pt\/wp-json\/wp\/v2\/users\/43533"}],"replies":[{"embeddable":true,"href":"https:\/\/www.delicias-uk.com\/pt-pt\/wp-json\/wp\/v2\/comments?post=216580"}],"wp:featuredmedia":[{"embeddable":true,"href":"https:\/\/www.delicias-uk.com\/pt-pt\/wp-json\/wp\/v2\/media\/226602"}],"wp:attachment":[{"href":"https:\/\/www.delicias-uk.com\/pt-pt\/wp-json\/wp\/v2\/media?parent=216580"}],"wp:term":[{"taxonomy":"pwb-brand","embeddable":true,"href":"https:\/\/www.delicias-uk.com\/pt-pt\/wp-json\/wp\/v2\/pwb-brand?post=216580"},{"taxonomy":"product_brand","embeddable":true,"href":"https:\/\/www.delicias-uk.com\/pt-pt\/wp-json\/wp\/v2\/product_brand?post=216580"},{"taxonomy":"product_cat","embeddable":true,"href":"https:\/\/www.delicias-uk.com\/pt-pt\/wp-json\/wp\/v2\/product_cat?post=216580"},{"taxonomy":"product_tag","embeddable":true,"href":"https:\/\/www.delicias-uk.com\/pt-pt\/wp-json\/wp\/v2\/product_tag?post=216580"}],"curies":[{"name":"wp","href":"https:\/\/api.w.org\/{rel}","templated":true}]}}