{"id":216574,"date":"2023-08-07T16:21:14","date_gmt":"2023-08-07T16:21:14","guid":{"rendered":"https:\/\/www.delicias-uk.com\/product\/pacheca-moscatel-galego-75cl-2\/"},"modified":"2025-02-06T17:14:58","modified_gmt":"2025-02-06T17:14:58","slug":"pacheca-moscatel-galego-75cl-2","status":"publish","type":"product","link":"https:\/\/www.delicias-uk.com\/pt-pt\/produto\/pacheca-moscatel-galego-75cl-2\/","title":{"rendered":"Pacheca Moscatel Galego 2021 75cl"},"content":{"rendered":"<p>\u00c9 um vinho muito equilibrado e elegante. Apresenta, como \u00e9 t\u00edpico da casta, um aroma exuberante com notas de citrinos e flores de t\u00edlia e mel. A boca \u00e9 \u201ctemperada\u201d pela acidez e mineralidade, garantindo uma deliciosa frescura.<\/p>\n","protected":false},"excerpt":{"rendered":"<ul style=\"list-style-type:disc;\">\n<li><strong>Tipo<\/strong>: Vinho Branco<\/li>\n<li><strong>Regi\u00e3o<\/strong>: Douro<\/li>\n<li><strong>Castas<\/strong>: Moscatel Galega<\/li>\n<li><strong>Ano<\/strong>: 2021<\/li>\n<li><strong>Tamanho<\/strong> <strong>da<\/strong> <strong>garrafa<\/strong>: 750ml<\/li>\n<li><strong>Volume<\/strong>: 12%<\/li>\n<\/ul>\n","protected":false},"author":43533,"featured_media":198748,"comment_status":"open","ping_status":"closed","template":"","meta":[],"pwb-brand":[],"product_brand":[],"product_cat":[9352,8289,8291,8431,8489,8825],"product_tag":[],"class_list":{"0":"post-216574","1":"product","2":"type-product","3":"status-publish","4":"has-post-thumbnail","6":"product_cat-vinho-branco-pt-pt-2","7":"product_cat-inicio","8":"product_cat-produtos-portugueses","9":"product_cat-vinhos-pt-pt","10":"product_cat-vinho-branco","11":"product_cat-douro-pt-pt-vinho-branco","13":"first","14":"instock","15":"taxable","16":"shipping-taxable","17":"purchasable","18":"product-type-simple"},"aioseo_notices":[],"brands":[],"_links":{"self":[{"href":"https:\/\/www.delicias-uk.com\/pt-pt\/wp-json\/wp\/v2\/product\/216574","targetHints":{"allow":["GET"]}}],"collection":[{"href":"https:\/\/www.delicias-uk.com\/pt-pt\/wp-json\/wp\/v2\/product"}],"about":[{"href":"https:\/\/www.delicias-uk.com\/pt-pt\/wp-json\/wp\/v2\/types\/product"}],"author":[{"embeddable":true,"href":"https:\/\/www.delicias-uk.com\/pt-pt\/wp-json\/wp\/v2\/users\/43533"}],"replies":[{"embeddable":true,"href":"https:\/\/www.delicias-uk.com\/pt-pt\/wp-json\/wp\/v2\/comments?post=216574"}],"wp:featuredmedia":[{"embeddable":true,"href":"https:\/\/www.delicias-uk.com\/pt-pt\/wp-json\/wp\/v2\/media\/198748"}],"wp:attachment":[{"href":"https:\/\/www.delicias-uk.com\/pt-pt\/wp-json\/wp\/v2\/media?parent=216574"}],"wp:term":[{"taxonomy":"pwb-brand","embeddable":true,"href":"https:\/\/www.delicias-uk.com\/pt-pt\/wp-json\/wp\/v2\/pwb-brand?post=216574"},{"taxonomy":"product_brand","embeddable":true,"href":"https:\/\/www.delicias-uk.com\/pt-pt\/wp-json\/wp\/v2\/product_brand?post=216574"},{"taxonomy":"product_cat","embeddable":true,"href":"https:\/\/www.delicias-uk.com\/pt-pt\/wp-json\/wp\/v2\/product_cat?post=216574"},{"taxonomy":"product_tag","embeddable":true,"href":"https:\/\/www.delicias-uk.com\/pt-pt\/wp-json\/wp\/v2\/product_tag?post=216574"}],"curies":[{"name":"wp","href":"https:\/\/api.w.org\/{rel}","templated":true}]}}