{"id":216560,"date":"2023-07-21T15:35:37","date_gmt":"2023-07-21T15:35:37","guid":{"rendered":"https:\/\/www.delicias-uk.com\/product\/sidra-de-maca-coral-6x250ml\/"},"modified":"2025-12-09T13:41:17","modified_gmt":"2025-12-09T13:41:17","slug":"sidra-de-maca-coral-6x250ml","status":"publish","type":"product","link":"https:\/\/www.delicias-uk.com\/pt-pt\/produto\/sidra-de-maca-coral-6x250ml\/","title":{"rendered":"Sidra de Ma\u00e7\u00e3 Coral 250ml x 6"},"content":{"rendered":"<p>O sumo de ma\u00e7\u00e3s portuguesas fermenta e envelhece durante 2 meses para produzir uma sidra com uma textura suave e agrad\u00e1vel. O seu sabor frutado leve e refrescante \u00e9 o equil\u00edbrio perfeito entre a do\u00e7ura da ma\u00e7\u00e3 e a sua acidez. A acidez das ma\u00e7\u00e3s verdes surge no aroma elegante; a sua apar\u00eancia \u00e9 entre o dourado e um tom dourado transl\u00facido profundo. \u00c9 melhor servido bem fresco e\/ou com gelo.<\/p>\n<p><strong>Ingredientes<\/strong>: \u00e1gua, sumo de ma\u00e7\u00e3 concentrado, a\u00e7\u00facar, conservante: sorbato de pot\u00e1ssio, antioxidante \u2013 \u00e1cido asc\u00f3rbico.<\/p>\n<p><strong>Al\u00e9rgenos<\/strong>: nenhum.<\/p>\n<p><strong>Informa\u00e7\u00f5es nutricionais por 100ml:<\/strong><\/p>\n<ul>\n<li>Energia 203 kj \/ 48 kcal<\/li>\n<li>Gorduras 0,1 g<\/li>\n<li>&gt; Saturadas 0,1 g<\/li>\n<li>Carboidratos 6,7 g<\/li>\n<li>&gt; A\u00e7\u00facares 6,7 g<\/li>\n<li>Fibra alimentar 0,4 g<\/li>\n<li>Prote\u00edna 0,3 g<\/li>\n<li>Sal 0,01 g<\/li>\n<\/ul>\n<p><strong>Pa\u00eds de origem<\/strong>: Portugal<\/p>\n","protected":false},"excerpt":{"rendered":"<ul>\n<li>Peso l\u00edquido 250ml x 6<\/li>\n<li>Teor alcoolico: 4%<\/li>\n<li>Pronto para beber<\/li>\n<\/ul>\n","protected":false},"author":43533,"featured_media":94086,"comment_status":"open","ping_status":"closed","template":"","meta":[],"pwb-brand":[],"product_brand":[],"product_cat":[8289,8291,8333],"product_tag":[],"class_list":{"0":"post-216560","1":"product","2":"type-product","3":"status-publish","4":"has-post-thumbnail","6":"product_cat-inicio","7":"product_cat-produtos-portugueses","8":"product_cat-cerveja","10":"first","11":"outofstock","12":"taxable","13":"shipping-taxable","14":"purchasable","15":"product-type-simple"},"aioseo_notices":[],"brands":[],"_links":{"self":[{"href":"https:\/\/www.delicias-uk.com\/pt-pt\/wp-json\/wp\/v2\/product\/216560","targetHints":{"allow":["GET"]}}],"collection":[{"href":"https:\/\/www.delicias-uk.com\/pt-pt\/wp-json\/wp\/v2\/product"}],"about":[{"href":"https:\/\/www.delicias-uk.com\/pt-pt\/wp-json\/wp\/v2\/types\/product"}],"author":[{"embeddable":true,"href":"https:\/\/www.delicias-uk.com\/pt-pt\/wp-json\/wp\/v2\/users\/43533"}],"replies":[{"embeddable":true,"href":"https:\/\/www.delicias-uk.com\/pt-pt\/wp-json\/wp\/v2\/comments?post=216560"}],"wp:featuredmedia":[{"embeddable":true,"href":"https:\/\/www.delicias-uk.com\/pt-pt\/wp-json\/wp\/v2\/media\/94086"}],"wp:attachment":[{"href":"https:\/\/www.delicias-uk.com\/pt-pt\/wp-json\/wp\/v2\/media?parent=216560"}],"wp:term":[{"taxonomy":"pwb-brand","embeddable":true,"href":"https:\/\/www.delicias-uk.com\/pt-pt\/wp-json\/wp\/v2\/pwb-brand?post=216560"},{"taxonomy":"product_brand","embeddable":true,"href":"https:\/\/www.delicias-uk.com\/pt-pt\/wp-json\/wp\/v2\/product_brand?post=216560"},{"taxonomy":"product_cat","embeddable":true,"href":"https:\/\/www.delicias-uk.com\/pt-pt\/wp-json\/wp\/v2\/product_cat?post=216560"},{"taxonomy":"product_tag","embeddable":true,"href":"https:\/\/www.delicias-uk.com\/pt-pt\/wp-json\/wp\/v2\/product_tag?post=216560"}],"curies":[{"name":"wp","href":"https:\/\/api.w.org\/{rel}","templated":true}]}}