{"id":216518,"date":"2023-06-06T10:13:39","date_gmt":"2023-06-06T10:13:39","guid":{"rendered":"https:\/\/www.delicias-uk.com\/product\/queijo-minas-frescal-indulac-450g-3\/"},"modified":"2025-09-04T12:55:34","modified_gmt":"2025-09-04T11:55:34","slug":"queijo-minas-frescal-indulac-450g-3","status":"publish","type":"product","link":"https:\/\/www.delicias-uk.com\/pt-pt\/produto\/queijo-minas-frescal-indulac-450g-3\/","title":{"rendered":"Queijo de Vaca Curado Ponte Nova 450g"},"content":{"rendered":"<p style=\"margin-top:0pt;margin-bottom:0pt;margin-left:0in;\"><span style=\"font-size:11pt;font-family:Calibri;\">\u00c9 um queijo amanteigado, curado, com pasta macia e de cor branca, com casca macia e amarelada. Tem sabor e aroma suave.<\/p>\n<p><\/span><span style=\"font-size:11pt;font-family:Calibri;\">SUGEST\u00d5ES DE CONSUMO<\/span><\/p>\n<p style=\"margin-top:0pt;margin-bottom:0pt;margin-left:0in;\"><span style=\"font-size:11pt;font-family:Calibri;\">Comer s\u00f3, com p\u00e3o e doce ou marmelada, ou com frutas.<\/p>\n<p><\/span><span style=\"font-size:11pt;font-family:Calibri;\">INSTRU\u00c7\u00d5ES DE CONSERVA\u00c7\u00c3O<\/span><\/p>\n<p style=\"margin-top:0pt;margin-bottom:0pt;margin-left:0in;\"><span style=\"font-size:11pt;font-family:Calibri;\">Conservar em lugar seco e frio, a temperaturas entre os 2\u00ba e 10\u00baC<\/span><\/p>\n","protected":false},"excerpt":{"rendered":"<ul>\n<li>Queijo amanteigado, curado<\/li>\n<li>Comer s\u00f3, com p\u00e3o e doce ou marmelada, ou com frutas<\/li>\n<\/ul>\n","protected":false},"author":43533,"featured_media":93996,"comment_status":"open","ping_status":"closed","template":"","meta":[],"pwb-brand":[],"product_brand":[],"product_cat":[8289,8291,8377,8487,8675],"product_tag":[],"class_list":{"0":"post-216518","1":"product","2":"type-product","3":"status-publish","4":"has-post-thumbnail","6":"product_cat-inicio","7":"product_cat-produtos-portugueses","8":"product_cat-lacticinios","9":"product_cat-queijos","10":"product_cat-vaca-pt-pt","12":"first","13":"instock","14":"taxable","15":"shipping-taxable","16":"purchasable","17":"product-type-simple"},"aioseo_notices":[],"brands":[],"_links":{"self":[{"href":"https:\/\/www.delicias-uk.com\/pt-pt\/wp-json\/wp\/v2\/product\/216518","targetHints":{"allow":["GET"]}}],"collection":[{"href":"https:\/\/www.delicias-uk.com\/pt-pt\/wp-json\/wp\/v2\/product"}],"about":[{"href":"https:\/\/www.delicias-uk.com\/pt-pt\/wp-json\/wp\/v2\/types\/product"}],"author":[{"embeddable":true,"href":"https:\/\/www.delicias-uk.com\/pt-pt\/wp-json\/wp\/v2\/users\/43533"}],"replies":[{"embeddable":true,"href":"https:\/\/www.delicias-uk.com\/pt-pt\/wp-json\/wp\/v2\/comments?post=216518"}],"wp:featuredmedia":[{"embeddable":true,"href":"https:\/\/www.delicias-uk.com\/pt-pt\/wp-json\/wp\/v2\/media\/93996"}],"wp:attachment":[{"href":"https:\/\/www.delicias-uk.com\/pt-pt\/wp-json\/wp\/v2\/media?parent=216518"}],"wp:term":[{"taxonomy":"pwb-brand","embeddable":true,"href":"https:\/\/www.delicias-uk.com\/pt-pt\/wp-json\/wp\/v2\/pwb-brand?post=216518"},{"taxonomy":"product_brand","embeddable":true,"href":"https:\/\/www.delicias-uk.com\/pt-pt\/wp-json\/wp\/v2\/product_brand?post=216518"},{"taxonomy":"product_cat","embeddable":true,"href":"https:\/\/www.delicias-uk.com\/pt-pt\/wp-json\/wp\/v2\/product_cat?post=216518"},{"taxonomy":"product_tag","embeddable":true,"href":"https:\/\/www.delicias-uk.com\/pt-pt\/wp-json\/wp\/v2\/product_tag?post=216518"}],"curies":[{"name":"wp","href":"https:\/\/api.w.org\/{rel}","templated":true}]}}