{"id":216516,"date":"2023-06-06T09:50:31","date_gmt":"2023-06-06T09:50:31","guid":{"rendered":"https:\/\/www.delicias-uk.com\/product\/queijo-minas-padrao-indulac-450g\/"},"modified":"2025-12-20T16:11:53","modified_gmt":"2025-12-20T16:11:53","slug":"queijo-minas-padrao-indulac-450g","status":"publish","type":"product","link":"https:\/\/www.delicias-uk.com\/pt-pt\/produto\/queijo-minas-padrao-indulac-450g\/","title":{"rendered":"Queijo Minas Padr\u00e3o Indulac 450g"},"content":{"rendered":"<p style=\"margin-top:0pt;margin-bottom:0pt;margin-left:0in;text-align:left;\"><em>Adequado a vegetarianos | Naturalmente sem lactose | Sem Gl\u00faten | Sem OGM | \u00c9tnico | Aplica\u00e7\u00f5es culin\u00e1rias | Fonte de F\u00f3sforo | Fonte de C\u00e1lcio<\/em><\/p>\n<p style=\"margin-top:0pt;margin-bottom:0pt;margin-left:0in;text-align:left;\">\n<p style=\"margin-top:0pt;margin-bottom:0pt;margin-left:0in;text-align:left;\"><strong>SUGEST\u00d5ES DE CONSUMO<\/strong><\/p>\n<p style=\"margin-top:0pt;margin-bottom:0pt;margin-left:0in;text-align:left;\">Deve ser servido cerca de 90 minutos depois de retirado do frigor\u00edfico e da embalagem para liberta\u00e7\u00e3o dos aromas e manifesta\u00e7\u00e3o das suas melhores caracter\u00edsticas.<\/p>\n<p style=\"margin-top:0pt;margin-bottom:0pt;margin-left:0in;text-align:left;\">P\u00e3o de queijo, sandu\u00edches, sobremesas, compotas, doces (goiabada), vinhos leves, vinhos encorpados, espumantes.<\/p>\n<p style=\"margin-top:0pt;margin-bottom:0pt;margin-left:0in;text-align:left;\">\n<p style=\"margin-top:0pt;margin-bottom:0pt;margin-left:0in;text-align:left;\"><strong>INSTRU\u00c7\u00d5ES DE CONSERVA\u00c7\u00c3O<\/strong><\/p>\n<p style=\"margin-top:0pt;margin-bottom:0pt;margin-left:0in;text-align:left;\">Conservar em local seco e frio, preferencialmente a uma temperatura entre +2 \u00baC e +6 \u00baC.<\/p>\n<p style=\"margin-top:0pt;margin-bottom:0pt;margin-left:0in;text-align:left;\">\n<p style=\"margin-top:0pt;margin-bottom:0pt;margin-left:0in;text-align:left;\">\n<p style=\"margin-top:0pt;margin-bottom:0pt;margin-left:0in;text-align:left;\">\n","protected":false},"excerpt":{"rendered":"<ul style=\"list-style-type:disc;\">\n<li>Queijo Minas\u00a0<\/li>\n<li>Adequado a vegetarianos | Sem Gl\u00faten | Sem OGM<\/li>\n<li>Pode ser consumido ou confeccionado imediatamente depois de retirado do frigor\u00edfico e da embalagem<\/li>\n<\/ul>\n","protected":false},"author":43533,"featured_media":93992,"comment_status":"open","ping_status":"closed","template":"","meta":[],"pwb-brand":[],"product_brand":[],"product_cat":[9322,9323,8289,8293,8393],"product_tag":[],"class_list":{"0":"post-216516","1":"product","2":"type-product","3":"status-publish","4":"has-post-thumbnail","6":"product_cat-salgados-de-natal","7":"product_cat-selecao-de-queijos","8":"product_cat-inicio","9":"product_cat-produtos-brasileiros","10":"product_cat-queijo","12":"first","13":"instock","14":"taxable","15":"shipping-taxable","16":"purchasable","17":"product-type-simple"},"aioseo_notices":[],"brands":[],"_links":{"self":[{"href":"https:\/\/www.delicias-uk.com\/pt-pt\/wp-json\/wp\/v2\/product\/216516","targetHints":{"allow":["GET"]}}],"collection":[{"href":"https:\/\/www.delicias-uk.com\/pt-pt\/wp-json\/wp\/v2\/product"}],"about":[{"href":"https:\/\/www.delicias-uk.com\/pt-pt\/wp-json\/wp\/v2\/types\/product"}],"author":[{"embeddable":true,"href":"https:\/\/www.delicias-uk.com\/pt-pt\/wp-json\/wp\/v2\/users\/43533"}],"replies":[{"embeddable":true,"href":"https:\/\/www.delicias-uk.com\/pt-pt\/wp-json\/wp\/v2\/comments?post=216516"}],"wp:featuredmedia":[{"embeddable":true,"href":"https:\/\/www.delicias-uk.com\/pt-pt\/wp-json\/wp\/v2\/media\/93992"}],"wp:attachment":[{"href":"https:\/\/www.delicias-uk.com\/pt-pt\/wp-json\/wp\/v2\/media?parent=216516"}],"wp:term":[{"taxonomy":"pwb-brand","embeddable":true,"href":"https:\/\/www.delicias-uk.com\/pt-pt\/wp-json\/wp\/v2\/pwb-brand?post=216516"},{"taxonomy":"product_brand","embeddable":true,"href":"https:\/\/www.delicias-uk.com\/pt-pt\/wp-json\/wp\/v2\/product_brand?post=216516"},{"taxonomy":"product_cat","embeddable":true,"href":"https:\/\/www.delicias-uk.com\/pt-pt\/wp-json\/wp\/v2\/product_cat?post=216516"},{"taxonomy":"product_tag","embeddable":true,"href":"https:\/\/www.delicias-uk.com\/pt-pt\/wp-json\/wp\/v2\/product_tag?post=216516"}],"curies":[{"name":"wp","href":"https:\/\/api.w.org\/{rel}","templated":true}]}}