{"id":216514,"date":"2023-06-06T09:42:17","date_gmt":"2023-06-06T08:42:17","guid":{"rendered":"https:\/\/www.delicias-uk.com\/product\/queijo-minas-frescal-indulac-450g-2\/"},"modified":"2026-03-16T17:06:14","modified_gmt":"2026-03-16T17:06:14","slug":"queijo-minas-frescal-indulac-450g-2","status":"publish","type":"product","link":"https:\/\/www.delicias-uk.com\/pt-pt\/produto\/queijo-minas-frescal-indulac-450g-2\/","title":{"rendered":"Queijo Minas Frescal Indulac 450g"},"content":{"rendered":"<p style=\"margin-top:0pt;margin-bottom:0pt;margin-left:0in;text-align:left\"><span style=\"font-size:11pt;font-family:Calibri;color:#000000;font-weight:normal;font-style:normal\">Adequado a vegetarianos | Sem Gl\u00faten | Sem OGM | \u00c9tnico | Aplica\u00e7\u00f5es culin\u00e1rias | Fonte de F\u00f3sforo | Fonte de <\/span><span style=\"font-size:11pt;font-family:Calibri;color:#000000;font-weight:normal;font-style:normal\">C\u00e1lcio<\/span><\/p>\n<p style=\"margin-top:0pt;margin-bottom:0pt;margin-left:0in;text-align:left\">\n<p style=\"margin-top:0pt;margin-bottom:0pt;margin-left:0in;text-align:left\"><span style=\"font-size:11pt;font-family:Calibri;color:#000000;font-weight:normal;font-style:normal\">SUGEST\u00d5ES DE CONSUMO<\/span><\/p>\n<p style=\"margin-top:0pt;margin-bottom:0pt;margin-left:0in;text-align:left\"><span style=\"font-size:11pt;font-family:Calibri;color:#000000;font-weight:normal;font-style:normal\">Pode ser consumido ou confeccionado imediatamente depois de retirado do frigor\u00edfico e da embalagem.<\/span><\/p>\n<p style=\"margin-top:0pt;margin-bottom:0pt;margin-left:0in;text-align:left\"><span style=\"font-size:11pt;font-family:Calibri;color:#000000;font-weight:normal;font-style:normal\">Saboreie em sandu\u00edches, sopas, saladas, sobremesas, compotas, doces (goiabada), vinhos leves, vinhos encorpados, espumantes<\/span><span style=\"font-size:11pt;font-family:Calibri;color:#000000;font-weight:normal;font-style:normal\">.<\/span><\/p>\n<p style=\"margin-top:0pt;margin-bottom:0pt;margin-left:0in;text-align:left\">\n<p style=\"margin-top:0pt;margin-bottom:0pt;margin-left:0in;text-align:left\"><span style=\"font-size:11pt;font-family:Calibri;color:#000000;font-weight:normal;font-style:normal\">INSTRU\u00c7\u00d5ES DE CONSERVA\u00c7\u00c3O<\/span><\/p>\n<p style=\"margin-top:0pt;margin-bottom:0pt;margin-left:0in;text-align:left\"><span style=\"font-size:11pt;font-family:Calibri;color:#000000;font-weight:normal;font-style:normal\">Conservar em local seco e frio, preferencialmente a uma temperatura entre +2 \u00baC e +6 \u00baC. \u00c9 expect\u00e1vel o dessoramento abundante do queijo no interior da embalagem, mesmo permanecendo no frio<\/span><span style=\"font-size:11pt;font-family:Calibri;color:#000000;font-weight:normal;font-style:normal\">.<\/span><\/p>\n","protected":false},"excerpt":{"rendered":"<p>. Queijo Minas Frescal<\/p>\n<p>.\u00a0<span style=\"font-family:Calibri;font-size:14.6667px\">Adequado a vegetarianos | Sem Gl\u00faten | Sem OGM<\/span><\/p>\n<p><span style=\"font-family:Calibri;font-size:14.6667px\">.\u00a0<\/span><span style=\"font-family:Calibri;font-size:14.6667px\">Pode ser consumido ou confeccionado imediatamente depois de retirado do frigor\u00edfico e da embalagem.<\/span><\/p>\n","protected":false},"author":43533,"featured_media":93988,"comment_status":"open","ping_status":"closed","template":"","meta":[],"pwb-brand":[],"product_brand":[],"product_cat":[9322,9323,8289,8293,8393],"product_tag":[],"class_list":{"0":"post-216514","1":"product","2":"type-product","3":"status-publish","4":"has-post-thumbnail","6":"product_cat-salgados-de-natal","7":"product_cat-selecao-de-queijos","8":"product_cat-inicio","9":"product_cat-produtos-brasileiros","10":"product_cat-queijo","12":"first","13":"instock","14":"taxable","15":"shipping-taxable","16":"purchasable","17":"product-type-simple"},"aioseo_notices":[],"brands":[],"_links":{"self":[{"href":"https:\/\/www.delicias-uk.com\/pt-pt\/wp-json\/wp\/v2\/product\/216514","targetHints":{"allow":["GET"]}}],"collection":[{"href":"https:\/\/www.delicias-uk.com\/pt-pt\/wp-json\/wp\/v2\/product"}],"about":[{"href":"https:\/\/www.delicias-uk.com\/pt-pt\/wp-json\/wp\/v2\/types\/product"}],"author":[{"embeddable":true,"href":"https:\/\/www.delicias-uk.com\/pt-pt\/wp-json\/wp\/v2\/users\/43533"}],"replies":[{"embeddable":true,"href":"https:\/\/www.delicias-uk.com\/pt-pt\/wp-json\/wp\/v2\/comments?post=216514"}],"wp:featuredmedia":[{"embeddable":true,"href":"https:\/\/www.delicias-uk.com\/pt-pt\/wp-json\/wp\/v2\/media\/93988"}],"wp:attachment":[{"href":"https:\/\/www.delicias-uk.com\/pt-pt\/wp-json\/wp\/v2\/media?parent=216514"}],"wp:term":[{"taxonomy":"pwb-brand","embeddable":true,"href":"https:\/\/www.delicias-uk.com\/pt-pt\/wp-json\/wp\/v2\/pwb-brand?post=216514"},{"taxonomy":"product_brand","embeddable":true,"href":"https:\/\/www.delicias-uk.com\/pt-pt\/wp-json\/wp\/v2\/product_brand?post=216514"},{"taxonomy":"product_cat","embeddable":true,"href":"https:\/\/www.delicias-uk.com\/pt-pt\/wp-json\/wp\/v2\/product_cat?post=216514"},{"taxonomy":"product_tag","embeddable":true,"href":"https:\/\/www.delicias-uk.com\/pt-pt\/wp-json\/wp\/v2\/product_tag?post=216514"}],"curies":[{"name":"wp","href":"https:\/\/api.w.org\/{rel}","templated":true}]}}