{"id":216466,"date":"2023-05-24T11:10:48","date_gmt":"2023-05-24T10:10:48","guid":{"rendered":"https:\/\/www.delicias-uk.com\/product\/cerveja-antartica-original-garrafa-de-600ml-x-12\/"},"modified":"2026-02-24T11:56:46","modified_gmt":"2026-02-24T11:56:46","slug":"cerveja-antartica-original-garrafa-de-600ml-x-12-3","status":"publish","type":"product","link":"https:\/\/www.delicias-uk.com\/pt-pt\/produto\/cerveja-antartica-original-garrafa-de-600ml-x-12-3\/","title":{"rendered":"Cerveja Ant\u00e1rctica Original Garrafa 300ml"},"content":{"rendered":"<p>Cerveja Antarctica Original Pilsen \u00e9 o complemento perfeito para momentos de prazer e para descontrair em boa companhia. Leve, por\u00e9m, com uma personalidade pr\u00f3pria. Seu aroma levemente frutado e o balan\u00e7o entre a acidez e o dul\u00e7or s\u00e3o bastante caracter\u00edsticos.<\/p>\n<p><strong>Teor Alcoolico:<\/strong>\u00a05,1%<\/p>\n","protected":false},"excerpt":{"rendered":"<ul>\n<li>Original 300ml\u00a0<\/li>\n<li>Tem sabor suave, com leve amargor e aroma de l\u00fapulo.<\/li>\n<li>Original \u00e9 uma marca brasileira<\/li>\n<\/ul>\n","protected":false},"author":43533,"featured_media":93898,"comment_status":"open","ping_status":"closed","template":"","meta":[],"pwb-brand":[],"product_brand":[],"product_cat":[8289,8293,8349],"product_tag":[],"class_list":{"0":"post-216466","1":"product","2":"type-product","3":"status-publish","4":"has-post-thumbnail","6":"product_cat-inicio","7":"product_cat-produtos-brasileiros","8":"product_cat-cerveja-pt-pt","10":"first","11":"instock","12":"taxable","13":"shipping-taxable","14":"purchasable","15":"product-type-simple"},"aioseo_notices":[],"brands":[],"_links":{"self":[{"href":"https:\/\/www.delicias-uk.com\/pt-pt\/wp-json\/wp\/v2\/product\/216466","targetHints":{"allow":["GET"]}}],"collection":[{"href":"https:\/\/www.delicias-uk.com\/pt-pt\/wp-json\/wp\/v2\/product"}],"about":[{"href":"https:\/\/www.delicias-uk.com\/pt-pt\/wp-json\/wp\/v2\/types\/product"}],"author":[{"embeddable":true,"href":"https:\/\/www.delicias-uk.com\/pt-pt\/wp-json\/wp\/v2\/users\/43533"}],"replies":[{"embeddable":true,"href":"https:\/\/www.delicias-uk.com\/pt-pt\/wp-json\/wp\/v2\/comments?post=216466"}],"wp:featuredmedia":[{"embeddable":true,"href":"https:\/\/www.delicias-uk.com\/pt-pt\/wp-json\/wp\/v2\/media\/93898"}],"wp:attachment":[{"href":"https:\/\/www.delicias-uk.com\/pt-pt\/wp-json\/wp\/v2\/media?parent=216466"}],"wp:term":[{"taxonomy":"pwb-brand","embeddable":true,"href":"https:\/\/www.delicias-uk.com\/pt-pt\/wp-json\/wp\/v2\/pwb-brand?post=216466"},{"taxonomy":"product_brand","embeddable":true,"href":"https:\/\/www.delicias-uk.com\/pt-pt\/wp-json\/wp\/v2\/product_brand?post=216466"},{"taxonomy":"product_cat","embeddable":true,"href":"https:\/\/www.delicias-uk.com\/pt-pt\/wp-json\/wp\/v2\/product_cat?post=216466"},{"taxonomy":"product_tag","embeddable":true,"href":"https:\/\/www.delicias-uk.com\/pt-pt\/wp-json\/wp\/v2\/product_tag?post=216466"}],"curies":[{"name":"wp","href":"https:\/\/api.w.org\/{rel}","templated":true}]}}