{"id":216458,"date":"2023-05-23T09:14:57","date_gmt":"2023-05-23T09:14:57","guid":{"rendered":"https:\/\/www.delicias-uk.com\/product\/cachaca-51-alc-39-965ml\/"},"modified":"2026-02-17T14:13:15","modified_gmt":"2026-02-17T14:13:15","slug":"cachaca-51-alc-39-965ml","status":"publish","type":"product","link":"https:\/\/www.delicias-uk.com\/pt-pt\/produto\/cachaca-51-alc-39-965ml\/","title":{"rendered":"Cacha\u00e7a 51 (Alc.39%) 965ml"},"content":{"rendered":"<p>A cacha\u00e7a 51, feita de uma das melhores colheitas de cana do Brasil, \u00e9 provavelmente uma das cacha\u00e7as mais populares do mundo. Ideal para coquet\u00e9is, principalmente caipirinhas &#8211; misture rodelas de lim\u00e3o fresco, a\u00e7\u00facar, gelo e Cacha\u00e7a 51.<\/p>\n","protected":false},"excerpt":{"rendered":"<ul style=\"list-style-type:disc;\">\n<li>Uma das cacha\u00e7as mais populares do mundo<\/li>\n<li>Ideal para coquet\u00e9is<\/li>\n<li>39% Alcool<\/li>\n<\/ul>\n","protected":false},"author":43533,"featured_media":93884,"comment_status":"open","ping_status":"closed","template":"","meta":[],"pwb-brand":[],"product_brand":[],"product_cat":[8289,8293,8421,8485],"product_tag":[],"class_list":{"0":"post-216458","1":"product","2":"type-product","3":"status-publish","4":"has-post-thumbnail","6":"product_cat-inicio","7":"product_cat-produtos-brasileiros","8":"product_cat-destilados-cachaca","9":"product_cat-cachaca-pt-pt","11":"first","12":"outofstock","13":"taxable","14":"shipping-taxable","15":"purchasable","16":"product-type-simple"},"aioseo_notices":[],"brands":[],"_links":{"self":[{"href":"https:\/\/www.delicias-uk.com\/pt-pt\/wp-json\/wp\/v2\/product\/216458","targetHints":{"allow":["GET"]}}],"collection":[{"href":"https:\/\/www.delicias-uk.com\/pt-pt\/wp-json\/wp\/v2\/product"}],"about":[{"href":"https:\/\/www.delicias-uk.com\/pt-pt\/wp-json\/wp\/v2\/types\/product"}],"author":[{"embeddable":true,"href":"https:\/\/www.delicias-uk.com\/pt-pt\/wp-json\/wp\/v2\/users\/43533"}],"replies":[{"embeddable":true,"href":"https:\/\/www.delicias-uk.com\/pt-pt\/wp-json\/wp\/v2\/comments?post=216458"}],"wp:featuredmedia":[{"embeddable":true,"href":"https:\/\/www.delicias-uk.com\/pt-pt\/wp-json\/wp\/v2\/media\/93884"}],"wp:attachment":[{"href":"https:\/\/www.delicias-uk.com\/pt-pt\/wp-json\/wp\/v2\/media?parent=216458"}],"wp:term":[{"taxonomy":"pwb-brand","embeddable":true,"href":"https:\/\/www.delicias-uk.com\/pt-pt\/wp-json\/wp\/v2\/pwb-brand?post=216458"},{"taxonomy":"product_brand","embeddable":true,"href":"https:\/\/www.delicias-uk.com\/pt-pt\/wp-json\/wp\/v2\/product_brand?post=216458"},{"taxonomy":"product_cat","embeddable":true,"href":"https:\/\/www.delicias-uk.com\/pt-pt\/wp-json\/wp\/v2\/product_cat?post=216458"},{"taxonomy":"product_tag","embeddable":true,"href":"https:\/\/www.delicias-uk.com\/pt-pt\/wp-json\/wp\/v2\/product_tag?post=216458"}],"curies":[{"name":"wp","href":"https:\/\/api.w.org\/{rel}","templated":true}]}}