{"id":216444,"date":"2023-05-11T17:36:30","date_gmt":"2023-05-11T16:36:30","guid":{"rendered":"https:\/\/www.delicias-uk.com\/product\/vinho-branco-palacio-da-brejoeira-750ml\/"},"modified":"2025-10-24T12:41:45","modified_gmt":"2025-10-24T11:41:45","slug":"vinho-branco-palacio-da-brejoeira-750ml","status":"publish","type":"product","link":"https:\/\/www.delicias-uk.com\/pt-pt\/produto\/vinho-branco-palacio-da-brejoeira-750ml\/","title":{"rendered":"Palacio Da Brejoeira Alvarinho 2023 75cl"},"content":{"rendered":"<p>Apresenta um aspecto l\u00edmpido e c\u00edtrico e um aroma intenso e complexo. De car\u00e1cter frutado, de aromas c\u00edtricos misturados com frutos tropicais, nota-se tamb\u00e9m o floral de violeta e arbustos silvestres. Na prova o vinho revela-se igualmente complexo, com bom corpo, mas simultaneamente elegante e fresco. \u00c9 um vinho que deixa na boca toda a sua complexidade arom\u00e1tica do Alvarinho, com final de boca muito agrad\u00e1vel, extremamente longo e persistente.<\/p>\n","protected":false},"excerpt":{"rendered":"<ul style=\"list-style-type: disc\">\n<li>Tipo: Vinho branco White Wine<\/li>\n<li>Regi\u00e3o: Vinho Verde<\/li>\n<li>Castas: Alvarinho<\/li>\n<li>Ano: 2016<\/li>\n<li>Tamanho da garrafa: 750ml<\/li>\n<li>Teor alcoolico: 13%<\/li>\n<\/ul>\n","protected":false},"author":43533,"featured_media":198615,"comment_status":"open","ping_status":"closed","template":"","meta":[],"pwb-brand":[],"product_brand":[],"product_cat":[8289,8291,8431,8489,8881],"product_tag":[],"class_list":{"0":"post-216444","1":"product","2":"type-product","3":"status-publish","4":"has-post-thumbnail","6":"product_cat-inicio","7":"product_cat-produtos-portugueses","8":"product_cat-vinhos-pt-pt","9":"product_cat-vinho-branco","10":"product_cat-minho-pt-pt-vinho-branco","12":"first","13":"instock","14":"taxable","15":"shipping-taxable","16":"purchasable","17":"product-type-simple"},"aioseo_notices":[],"brands":[],"_links":{"self":[{"href":"https:\/\/www.delicias-uk.com\/pt-pt\/wp-json\/wp\/v2\/product\/216444","targetHints":{"allow":["GET"]}}],"collection":[{"href":"https:\/\/www.delicias-uk.com\/pt-pt\/wp-json\/wp\/v2\/product"}],"about":[{"href":"https:\/\/www.delicias-uk.com\/pt-pt\/wp-json\/wp\/v2\/types\/product"}],"author":[{"embeddable":true,"href":"https:\/\/www.delicias-uk.com\/pt-pt\/wp-json\/wp\/v2\/users\/43533"}],"replies":[{"embeddable":true,"href":"https:\/\/www.delicias-uk.com\/pt-pt\/wp-json\/wp\/v2\/comments?post=216444"}],"wp:featuredmedia":[{"embeddable":true,"href":"https:\/\/www.delicias-uk.com\/pt-pt\/wp-json\/wp\/v2\/media\/198615"}],"wp:attachment":[{"href":"https:\/\/www.delicias-uk.com\/pt-pt\/wp-json\/wp\/v2\/media?parent=216444"}],"wp:term":[{"taxonomy":"pwb-brand","embeddable":true,"href":"https:\/\/www.delicias-uk.com\/pt-pt\/wp-json\/wp\/v2\/pwb-brand?post=216444"},{"taxonomy":"product_brand","embeddable":true,"href":"https:\/\/www.delicias-uk.com\/pt-pt\/wp-json\/wp\/v2\/product_brand?post=216444"},{"taxonomy":"product_cat","embeddable":true,"href":"https:\/\/www.delicias-uk.com\/pt-pt\/wp-json\/wp\/v2\/product_cat?post=216444"},{"taxonomy":"product_tag","embeddable":true,"href":"https:\/\/www.delicias-uk.com\/pt-pt\/wp-json\/wp\/v2\/product_tag?post=216444"}],"curies":[{"name":"wp","href":"https:\/\/api.w.org\/{rel}","templated":true}]}}