{"id":216442,"date":"2023-05-11T12:24:56","date_gmt":"2023-05-11T12:24:56","guid":{"rendered":"https:\/\/www.delicias-uk.com\/product\/pickles-picante-330g\/"},"modified":"2025-07-10T16:56:27","modified_gmt":"2025-07-10T15:56:27","slug":"pickles-picante-330g","status":"publish","type":"product","link":"https:\/\/www.delicias-uk.com\/pt-pt\/produto\/pickles-picante-330g\/","title":{"rendered":"Espetada Picante Ferbar 330g"},"content":{"rendered":"<p>A gama de conservas em vinagre \u00e9 feita com vegetais de primeira qualidade, acondicionados em vinagre puro de vinho, pasteurizado e sem corantes nem conservantes. Embalados em frasco de vidro, de forma a visualizar melhor o produto e a poder abrir e fech\u00e1-lo ap\u00f3s cada utiliza\u00e7\u00e3o, a sua embalagem oferece garantias de integridade e hermeticidade.<\/p>\n","protected":false},"excerpt":{"rendered":"<ul style=\"list-style-type:disc;\">\n<li>Pickles picante<\/li>\n<li>Embalagem de 330g<\/li>\n<li>Ferbar \u00e9 uma marca Portuguesa<\/li>\n<\/ul>\n","protected":false},"author":43533,"featured_media":93854,"comment_status":"open","ping_status":"closed","template":"","meta":[],"pwb-brand":[],"product_brand":[],"product_cat":[9325,8289,8291,8395,8583,8777],"product_tag":[],"class_list":{"0":"post-216442","1":"product","2":"type-product","3":"status-publish","4":"has-post-thumbnail","6":"product_cat-pickles-conservas","7":"product_cat-inicio","8":"product_cat-produtos-portugueses","9":"product_cat-mercearia","10":"product_cat-temperos-molhos-e-marinada","11":"product_cat-temperos-pt-pt","13":"first","14":"instock","15":"taxable","16":"shipping-taxable","17":"purchasable","18":"product-type-simple"},"aioseo_notices":[],"brands":[],"_links":{"self":[{"href":"https:\/\/www.delicias-uk.com\/pt-pt\/wp-json\/wp\/v2\/product\/216442","targetHints":{"allow":["GET"]}}],"collection":[{"href":"https:\/\/www.delicias-uk.com\/pt-pt\/wp-json\/wp\/v2\/product"}],"about":[{"href":"https:\/\/www.delicias-uk.com\/pt-pt\/wp-json\/wp\/v2\/types\/product"}],"author":[{"embeddable":true,"href":"https:\/\/www.delicias-uk.com\/pt-pt\/wp-json\/wp\/v2\/users\/43533"}],"replies":[{"embeddable":true,"href":"https:\/\/www.delicias-uk.com\/pt-pt\/wp-json\/wp\/v2\/comments?post=216442"}],"wp:featuredmedia":[{"embeddable":true,"href":"https:\/\/www.delicias-uk.com\/pt-pt\/wp-json\/wp\/v2\/media\/93854"}],"wp:attachment":[{"href":"https:\/\/www.delicias-uk.com\/pt-pt\/wp-json\/wp\/v2\/media?parent=216442"}],"wp:term":[{"taxonomy":"pwb-brand","embeddable":true,"href":"https:\/\/www.delicias-uk.com\/pt-pt\/wp-json\/wp\/v2\/pwb-brand?post=216442"},{"taxonomy":"product_brand","embeddable":true,"href":"https:\/\/www.delicias-uk.com\/pt-pt\/wp-json\/wp\/v2\/product_brand?post=216442"},{"taxonomy":"product_cat","embeddable":true,"href":"https:\/\/www.delicias-uk.com\/pt-pt\/wp-json\/wp\/v2\/product_cat?post=216442"},{"taxonomy":"product_tag","embeddable":true,"href":"https:\/\/www.delicias-uk.com\/pt-pt\/wp-json\/wp\/v2\/product_tag?post=216442"}],"curies":[{"name":"wp","href":"https:\/\/api.w.org\/{rel}","templated":true}]}}