{"id":216424,"date":"2023-05-05T17:15:25","date_gmt":"2023-05-05T16:15:25","guid":{"rendered":"https:\/\/www.delicias-uk.com\/product\/camarao-selvagem-mozambique-1s-41-60-frip-800g\/"},"modified":"2025-10-30T10:17:19","modified_gmt":"2025-10-30T10:17:19","slug":"camarao-selvagem-mozambique-1s-41-60-frip-800g","status":"publish","type":"product","link":"https:\/\/www.delicias-uk.com\/pt-pt\/produto\/camarao-selvagem-mozambique-1s-41-60-frip-800g\/","title":{"rendered":"Camar\u00e3o Selvagem Mozambique Congelado (30-50) PN 1Kg"},"content":{"rendered":"<p>Proveniente dos melhores ecossistemas, aliado a rigorosas condi\u00e7\u00f5es de captura, selec\u00e7\u00e3o e congela\u00e7\u00e3o em alto mar, mant\u00e9m toda a frescura, proporcionando-lhe a sensa\u00e7\u00e3o de estar a consumir um produto acabado de capturar. Para cozer, grelhar ou fritar.<\/p>\n","protected":false},"excerpt":{"rendered":"<ul style=\"list-style-type:disc\">\n<li>Embalagem de 800g<\/li>\n<li>Produto congelado<\/li>\n<\/ul>\n","protected":false},"author":43533,"featured_media":93820,"comment_status":"open","ping_status":"closed","template":"","meta":[],"pwb-brand":[],"product_brand":[],"product_cat":[9341,8289,8305,8419],"product_tag":[],"class_list":{"0":"post-216424","1":"product","2":"type-product","3":"status-publish","4":"has-post-thumbnail","6":"product_cat-camarao","7":"product_cat-inicio","8":"product_cat-produtos-congelados","9":"product_cat-frutos-do-mar-congelado","11":"first","12":"outofstock","13":"taxable","14":"shipping-taxable","15":"purchasable","16":"product-type-simple"},"aioseo_notices":[],"brands":[],"_links":{"self":[{"href":"https:\/\/www.delicias-uk.com\/pt-pt\/wp-json\/wp\/v2\/product\/216424","targetHints":{"allow":["GET"]}}],"collection":[{"href":"https:\/\/www.delicias-uk.com\/pt-pt\/wp-json\/wp\/v2\/product"}],"about":[{"href":"https:\/\/www.delicias-uk.com\/pt-pt\/wp-json\/wp\/v2\/types\/product"}],"author":[{"embeddable":true,"href":"https:\/\/www.delicias-uk.com\/pt-pt\/wp-json\/wp\/v2\/users\/43533"}],"replies":[{"embeddable":true,"href":"https:\/\/www.delicias-uk.com\/pt-pt\/wp-json\/wp\/v2\/comments?post=216424"}],"wp:featuredmedia":[{"embeddable":true,"href":"https:\/\/www.delicias-uk.com\/pt-pt\/wp-json\/wp\/v2\/media\/93820"}],"wp:attachment":[{"href":"https:\/\/www.delicias-uk.com\/pt-pt\/wp-json\/wp\/v2\/media?parent=216424"}],"wp:term":[{"taxonomy":"pwb-brand","embeddable":true,"href":"https:\/\/www.delicias-uk.com\/pt-pt\/wp-json\/wp\/v2\/pwb-brand?post=216424"},{"taxonomy":"product_brand","embeddable":true,"href":"https:\/\/www.delicias-uk.com\/pt-pt\/wp-json\/wp\/v2\/product_brand?post=216424"},{"taxonomy":"product_cat","embeddable":true,"href":"https:\/\/www.delicias-uk.com\/pt-pt\/wp-json\/wp\/v2\/product_cat?post=216424"},{"taxonomy":"product_tag","embeddable":true,"href":"https:\/\/www.delicias-uk.com\/pt-pt\/wp-json\/wp\/v2\/product_tag?post=216424"}],"curies":[{"name":"wp","href":"https:\/\/api.w.org\/{rel}","templated":true}]}}