{"id":216416,"date":"2023-05-05T17:20:49","date_gmt":"2023-05-05T16:20:49","guid":{"rendered":"https:\/\/www.delicias-uk.com\/product\/espumante-rose-murganheira-czar-2015-75cl\/"},"modified":"2026-02-24T11:49:37","modified_gmt":"2026-02-24T11:49:37","slug":"espumante-rose-murganheira-czar-2015-75cl","status":"publish","type":"product","link":"https:\/\/www.delicias-uk.com\/pt-pt\/produto\/espumante-rose-murganheira-czar-2015-75cl\/","title":{"rendered":"Espumante Ros\u00e9 Murganheira Czar 2015 75cl"},"content":{"rendered":"<p>Produzido de acordo com o m\u00e9todo Champenoise. Prensado em prensas pneum\u00e1ticas, fermenta\u00e7\u00e3o em cuba de inox e est\u00e1gio em garrafa. Amadurecido por 6 anos em adega ap\u00f3s a segunda fermenta\u00e7\u00e3o.<\/p>\n","protected":false},"excerpt":{"rendered":"<ul style=\"list-style-type:disc;\">\n<li>Tipo: Espumante<\/li>\n<li>Regi\u00e3o: Douro<\/li>\n<li>Variedades: Pinot Noir<\/li>\n<li>Colheita: 2015<\/li>\n<li>Tamanho: 75cl<\/li>\n<li>Teor alcoolico: 13,5%<\/li>\n<li>Produtor: Orlando Louren\u00e7o<\/li>\n<\/ul>\n","protected":false},"author":43533,"featured_media":198582,"comment_status":"open","ping_status":"closed","template":"","meta":[],"pwb-brand":[],"product_brand":[],"product_cat":[9350,8289,8291,8431,8563],"product_tag":[],"class_list":{"0":"post-216416","1":"product","2":"type-product","3":"status-publish","4":"has-post-thumbnail","6":"product_cat-espumante","7":"product_cat-inicio","8":"product_cat-produtos-portugueses","9":"product_cat-vinhos-pt-pt","10":"product_cat-espumantes","12":"first","13":"outofstock","14":"taxable","15":"shipping-taxable","16":"purchasable","17":"product-type-simple"},"aioseo_notices":[],"brands":[],"_links":{"self":[{"href":"https:\/\/www.delicias-uk.com\/pt-pt\/wp-json\/wp\/v2\/product\/216416","targetHints":{"allow":["GET"]}}],"collection":[{"href":"https:\/\/www.delicias-uk.com\/pt-pt\/wp-json\/wp\/v2\/product"}],"about":[{"href":"https:\/\/www.delicias-uk.com\/pt-pt\/wp-json\/wp\/v2\/types\/product"}],"author":[{"embeddable":true,"href":"https:\/\/www.delicias-uk.com\/pt-pt\/wp-json\/wp\/v2\/users\/43533"}],"replies":[{"embeddable":true,"href":"https:\/\/www.delicias-uk.com\/pt-pt\/wp-json\/wp\/v2\/comments?post=216416"}],"wp:featuredmedia":[{"embeddable":true,"href":"https:\/\/www.delicias-uk.com\/pt-pt\/wp-json\/wp\/v2\/media\/198582"}],"wp:attachment":[{"href":"https:\/\/www.delicias-uk.com\/pt-pt\/wp-json\/wp\/v2\/media?parent=216416"}],"wp:term":[{"taxonomy":"pwb-brand","embeddable":true,"href":"https:\/\/www.delicias-uk.com\/pt-pt\/wp-json\/wp\/v2\/pwb-brand?post=216416"},{"taxonomy":"product_brand","embeddable":true,"href":"https:\/\/www.delicias-uk.com\/pt-pt\/wp-json\/wp\/v2\/product_brand?post=216416"},{"taxonomy":"product_cat","embeddable":true,"href":"https:\/\/www.delicias-uk.com\/pt-pt\/wp-json\/wp\/v2\/product_cat?post=216416"},{"taxonomy":"product_tag","embeddable":true,"href":"https:\/\/www.delicias-uk.com\/pt-pt\/wp-json\/wp\/v2\/product_tag?post=216416"}],"curies":[{"name":"wp","href":"https:\/\/api.w.org\/{rel}","templated":true}]}}