{"id":216414,"date":"2023-05-05T15:31:22","date_gmt":"2023-05-05T15:31:22","guid":{"rendered":"https:\/\/www.delicias-uk.com\/product\/vinho-da-madeira-d-oliveiras-malvazia-1895-75cl\/"},"modified":"2023-05-05T15:31:22","modified_gmt":"2023-05-05T15:31:22","slug":"vinho-da-madeira-d-oliveiras-malvazia-1895-75cl","status":"publish","type":"product","link":"https:\/\/www.delicias-uk.com\/pt-pt\/produto\/vinho-da-madeira-d-oliveiras-malvazia-1895-75cl\/","title":{"rendered":"Madeira D&#8217;Oliveiras Malvazia 1895 75cl"},"content":{"rendered":"<p>Este \u00e9 um vinho Madeira muito antigo, classificado como \u201cFRASQUEIRA\u201d que fez parte da cole\u00e7\u00e3o de vinhos da fam\u00edlia propriet\u00e1ria desta empresa de vinhos. \u00c9 elaborado a partir de uma casta nobre em anos de elevada qualidade e excelente vindima, utilizando uvas das melhores vinhas da Ilha da Madeira.<\/p>\n","protected":false},"excerpt":{"rendered":"<ul style=\"list-style-type:disc;\">\n<li>Produtor: Anibal, Luis and Filipe D&#8217;Oliveira<\/li>\n<li>Regi\u00e3o: Madeira<\/li>\n<li>Pa\u00eds: Portugal<\/li>\n<li>Uvas \/ Castas: 100% Malvasia<\/li>\n<li>Teor alcoolico: 20%<\/li>\n<li>Garrafa: 75cl<\/li>\n<\/ul>\n","protected":false},"author":43533,"featured_media":93800,"comment_status":"open","ping_status":"closed","template":"","meta":[],"pwb-brand":[],"product_brand":[],"product_cat":[8289,8291,8431,8609],"product_tag":[],"class_list":{"0":"post-216414","1":"product","2":"type-product","3":"status-publish","4":"has-post-thumbnail","6":"product_cat-inicio","7":"product_cat-produtos-portugueses","8":"product_cat-vinhos-pt-pt","9":"product_cat-madeira","11":"first","12":"outofstock","13":"taxable","14":"shipping-taxable","15":"purchasable","16":"product-type-simple"},"aioseo_notices":[],"brands":[],"_links":{"self":[{"href":"https:\/\/www.delicias-uk.com\/pt-pt\/wp-json\/wp\/v2\/product\/216414","targetHints":{"allow":["GET"]}}],"collection":[{"href":"https:\/\/www.delicias-uk.com\/pt-pt\/wp-json\/wp\/v2\/product"}],"about":[{"href":"https:\/\/www.delicias-uk.com\/pt-pt\/wp-json\/wp\/v2\/types\/product"}],"author":[{"embeddable":true,"href":"https:\/\/www.delicias-uk.com\/pt-pt\/wp-json\/wp\/v2\/users\/43533"}],"replies":[{"embeddable":true,"href":"https:\/\/www.delicias-uk.com\/pt-pt\/wp-json\/wp\/v2\/comments?post=216414"}],"wp:featuredmedia":[{"embeddable":true,"href":"https:\/\/www.delicias-uk.com\/pt-pt\/wp-json\/wp\/v2\/media\/93800"}],"wp:attachment":[{"href":"https:\/\/www.delicias-uk.com\/pt-pt\/wp-json\/wp\/v2\/media?parent=216414"}],"wp:term":[{"taxonomy":"pwb-brand","embeddable":true,"href":"https:\/\/www.delicias-uk.com\/pt-pt\/wp-json\/wp\/v2\/pwb-brand?post=216414"},{"taxonomy":"product_brand","embeddable":true,"href":"https:\/\/www.delicias-uk.com\/pt-pt\/wp-json\/wp\/v2\/product_brand?post=216414"},{"taxonomy":"product_cat","embeddable":true,"href":"https:\/\/www.delicias-uk.com\/pt-pt\/wp-json\/wp\/v2\/product_cat?post=216414"},{"taxonomy":"product_tag","embeddable":true,"href":"https:\/\/www.delicias-uk.com\/pt-pt\/wp-json\/wp\/v2\/product_tag?post=216414"}],"curies":[{"name":"wp","href":"https:\/\/api.w.org\/{rel}","templated":true}]}}