{"id":216394,"date":"2023-05-04T11:30:28","date_gmt":"2023-05-04T11:30:28","guid":{"rendered":"https:\/\/www.delicias-uk.com\/product\/espumante-branco-borlido-brut-75cl\/"},"modified":"2023-05-04T11:30:28","modified_gmt":"2023-05-04T11:30:28","slug":"espumante-branco-borlido-brut-75cl","status":"publish","type":"product","link":"https:\/\/www.delicias-uk.com\/pt-pt\/produto\/espumante-branco-borlido-brut-75cl\/","title":{"rendered":"Espumante Branco Borlido Brut 75cl"},"content":{"rendered":"<p>Fundadas em 1933, as Caves Borlido s\u00e3o uma das mais antigas produtoras de espumantes de Portugal. Elaborado segundo o m\u00e9todo cl\u00e1ssico com est\u00e1gio em caves subterr\u00e2neas, este espumante apresenta bolha fina e aroma frutado. De cor citrina e brilhante, com bolha fina e persistente. O aroma \u00e9 delicado, com notas tostadas e frutadas de ma\u00e7\u00e3 verde. Na boca \u00e9 complexo, com uma acidez agrad\u00e1vel e equilibrada. O seu final \u00e9 elegante e persistente.<\/p>\n","protected":false},"excerpt":{"rendered":"<ul style=\"list-style-type:disc;\">\n<li>Garrafa: 75cl<\/li>\n<li>Teor Alco\u00f3lico: 12.5%<\/li>\n<\/ul>\n","protected":false},"author":43533,"featured_media":93768,"comment_status":"open","ping_status":"closed","template":"","meta":[],"pwb-brand":[],"product_brand":[],"product_cat":[8289,8291,8431,8563],"product_tag":[],"class_list":{"0":"post-216394","1":"product","2":"type-product","3":"status-publish","4":"has-post-thumbnail","6":"product_cat-inicio","7":"product_cat-produtos-portugueses","8":"product_cat-vinhos-pt-pt","9":"product_cat-espumantes","11":"first","12":"outofstock","13":"taxable","14":"shipping-taxable","15":"purchasable","16":"product-type-simple"},"aioseo_notices":[],"brands":[],"_links":{"self":[{"href":"https:\/\/www.delicias-uk.com\/pt-pt\/wp-json\/wp\/v2\/product\/216394","targetHints":{"allow":["GET"]}}],"collection":[{"href":"https:\/\/www.delicias-uk.com\/pt-pt\/wp-json\/wp\/v2\/product"}],"about":[{"href":"https:\/\/www.delicias-uk.com\/pt-pt\/wp-json\/wp\/v2\/types\/product"}],"author":[{"embeddable":true,"href":"https:\/\/www.delicias-uk.com\/pt-pt\/wp-json\/wp\/v2\/users\/43533"}],"replies":[{"embeddable":true,"href":"https:\/\/www.delicias-uk.com\/pt-pt\/wp-json\/wp\/v2\/comments?post=216394"}],"wp:featuredmedia":[{"embeddable":true,"href":"https:\/\/www.delicias-uk.com\/pt-pt\/wp-json\/wp\/v2\/media\/93768"}],"wp:attachment":[{"href":"https:\/\/www.delicias-uk.com\/pt-pt\/wp-json\/wp\/v2\/media?parent=216394"}],"wp:term":[{"taxonomy":"pwb-brand","embeddable":true,"href":"https:\/\/www.delicias-uk.com\/pt-pt\/wp-json\/wp\/v2\/pwb-brand?post=216394"},{"taxonomy":"product_brand","embeddable":true,"href":"https:\/\/www.delicias-uk.com\/pt-pt\/wp-json\/wp\/v2\/product_brand?post=216394"},{"taxonomy":"product_cat","embeddable":true,"href":"https:\/\/www.delicias-uk.com\/pt-pt\/wp-json\/wp\/v2\/product_cat?post=216394"},{"taxonomy":"product_tag","embeddable":true,"href":"https:\/\/www.delicias-uk.com\/pt-pt\/wp-json\/wp\/v2\/product_tag?post=216394"}],"curies":[{"name":"wp","href":"https:\/\/api.w.org\/{rel}","templated":true}]}}